{"id":10426,"date":"2026-01-13T19:04:54","date_gmt":"2026-01-13T19:04:54","guid":{"rendered":"http:\/\/yenisite.online\/?post_type=product&#038;p=10426"},"modified":"2026-01-13T19:35:28","modified_gmt":"2026-01-13T19:35:28","slug":"idea-makam-takimi","status":"publish","type":"product","link":"http:\/\/yenisite.online\/index.php\/urun\/idea-makam-takimi\/","title":{"rendered":"Idea Makam Tak\u0131m\u0131"},"content":{"rendered":"\t\t<div data-elementor-type=\"wp-post\" data-elementor-id=\"10426\" class=\"elementor elementor-10426\">\n\t\t\t\t<div class=\"wd-negative-gap elementor-element elementor-element-8a6a3ec e-flex e-con-boxed e-con e-parent\" data-id=\"8a6a3ec\" data-element_type=\"container\" data-e-type=\"container\">\n\t\t\t\t\t<div class=\"e-con-inner\">\n\t\t<div class=\"elementor-element elementor-element-4eec225 e-con-full e-flex e-con e-child\" data-id=\"4eec225\" data-element_type=\"container\" data-e-type=\"container\">\n\t\t\t\t<div class=\"elementor-element elementor-element-63f9dc5 wd-width-100 elementor-widget elementor-widget-wd_products\" data-id=\"63f9dc5\" data-element_type=\"widget\" data-e-type=\"widget\" data-widget_type=\"wd_products.default\">\n\t\t\t\t<div class=\"elementor-widget-container\">\n\t\t\t\t\t\t\t\t\t\t<div class=\"wd-products-element\">\n\n\t\t\t\n\t\t\t\n\t\t\t\n\t\t\t\n\t\t\t<div class=\"products wd-products grid-columns-1 elements-grid wd-grid-g wd-stretch-cont-lg wd-stretch-cont-md wd-stretch-cont-sm\" data-paged=\"1\" data-atts=\"{&quot;speed&quot;:null,&quot;slides_per_view&quot;:null,&quot;slides_per_view_tablet&quot;:null,&quot;slides_per_view_mobile&quot;:null,&quot;wrap&quot;:null,&quot;autoplay&quot;:null,&quot;autoheight&quot;:null,&quot;hide_pagination_control&quot;:null,&quot;hide_pagination_control_tablet&quot;:null,&quot;hide_pagination_control_mobile&quot;:null,&quot;dynamic_pagination_control&quot;:null,&quot;hide_prev_next_buttons&quot;:null,&quot;carousel_arrows_position&quot;:null,&quot;hide_scrollbar&quot;:null,&quot;hide_scrollbar_tablet&quot;:null,&quot;hide_scrollbar_mobile&quot;:null,&quot;scroll_per_page&quot;:null,&quot;center_mode&quot;:null,&quot;spacing&quot;:&quot;&quot;,&quot;spacing_tablet&quot;:&quot;&quot;,&quot;spacing_mobile&quot;:&quot;&quot;,&quot;carousel_sync&quot;:null,&quot;sync_parent_id&quot;:null,&quot;sync_child_id&quot;:null,&quot;scroll_carousel_init&quot;:null,&quot;disable_overflow_carousel&quot;:null,&quot;include&quot;:null,&quot;taxonomies&quot;:[&quot;237&quot;],&quot;meta_key&quot;:null,&quot;shop_tools&quot;:null,&quot;ajax_recently_viewed&quot;:null,&quot;pagination_arrows_position&quot;:null,&quot;items_per_page&quot;:1,&quot;columns&quot;:{&quot;unit&quot;:&quot;px&quot;,&quot;size&quot;:1,&quot;sizes&quot;:[]},&quot;columns_tablet&quot;:{&quot;unit&quot;:&quot;px&quot;,&quot;size&quot;:&quot;&quot;,&quot;sizes&quot;:[]},&quot;columns_mobile&quot;:{&quot;unit&quot;:&quot;px&quot;,&quot;size&quot;:&quot;&quot;,&quot;sizes&quot;:[]},&quot;products_masonry&quot;:&quot;&quot;,&quot;products_different_sizes&quot;:&quot;&quot;,&quot;product_quantity&quot;:&quot;&quot;,&quot;sale_countdown&quot;:&quot;0&quot;,&quot;stretch_product&quot;:null,&quot;stretch_product_tablet&quot;:null,&quot;stretch_product_mobile&quot;:null,&quot;stock_progress_bar&quot;:&quot;0&quot;,&quot;highlighted_products&quot;:&quot;0&quot;,&quot;products_divider&quot;:null,&quot;products_bordered_grid&quot;:&quot;0&quot;,&quot;products_bordered_grid_style&quot;:null,&quot;products_with_background&quot;:&quot;0&quot;,&quot;products_shadow&quot;:&quot;0&quot;,&quot;img_size&quot;:&quot;large&quot;,&quot;img_size_custom&quot;:null,&quot;grid_gallery_control&quot;:null,&quot;grid_gallery_enable_arrows&quot;:null,&quot;elementor&quot;:true,&quot;force_not_ajax&quot;:&quot;no&quot;}\" data-source=\"shortcode\" data-columns=\"1\" data-grid-gallery=\"{&quot;grid_gallery&quot;:&quot;1&quot;,&quot;grid_gallery_control&quot;:&quot;arrows&quot;,&quot;grid_gallery_enable_arrows&quot;:&quot;none&quot;}\" style=\"--wd-col-lg:1;--wd-col-md:1;--wd-col-sm:1;--wd-gap-lg:30px;--wd-gap-md:20px;--wd-gap-sm:10px;\">\n\t\t\n\t\t\t\t\t\t\t\t<div class=\"wd-product wd-hover-buttons-on-hover wd-col product-grid-item product type-product post-10394 status-publish instock product_cat-makam-takimlari product_tag-exe-makam-takimi has-post-thumbnail shipping-taxable product-type-simple\" data-loop=\"1\" data-id=\"10394\">\n\t\t\t\t\n\t\n<div class=\"product-wrapper\">\n\t<div class=\"product-element-top wd-quick-shop\">\n\t\t<a href=\"http:\/\/yenisite.online\/index.php\/urun\/exe-makam-takimi\/\" class=\"product-image-link\" tabindex=\"-1\" aria-label=\"Exe Makam Tak\u0131m\u0131\">\n\t\t\t\t\t<div class=\"wd-product-grid-slider wd-fill\">\n\t\t\t\t\t\t\t<div class=\"wd-product-grid-slide\" data-image-url=\"http:\/\/yenisite.online\/wp-content\/uploads\/2026\/01\/EXE-1-1-1280x800-1-1024x640.webp\" data-image-srcset=\"http:\/\/yenisite.online\/wp-content\/uploads\/2026\/01\/EXE-1-1-1280x800-1-1024x640.webp 1024w, http:\/\/yenisite.online\/wp-content\/uploads\/2026\/01\/EXE-1-1-1280x800-1-300x188.webp 300w, http:\/\/yenisite.online\/wp-content\/uploads\/2026\/01\/EXE-1-1-1280x800-1-768x480.webp 768w, http:\/\/yenisite.online\/wp-content\/uploads\/2026\/01\/EXE-1-1-1280x800-1-1200x750.webp 1200w, http:\/\/yenisite.online\/wp-content\/uploads\/2026\/01\/EXE-1-1-1280x800-1-150x94.webp 150w, http:\/\/yenisite.online\/wp-content\/uploads\/2026\/01\/EXE-1-1-1280x800-1.webp 1280w\" data-image-id=\"0\"><\/div>\n\t\t\t\t\t\t\t<div class=\"wd-product-grid-slide\" data-image-url=\"http:\/\/yenisite.online\/wp-content\/uploads\/2026\/01\/EXE-1-4-1280x800-1-1024x640.webp\" data-image-srcset=\"http:\/\/yenisite.online\/wp-content\/uploads\/2026\/01\/EXE-1-4-1280x800-1-1024x640.webp 1024w, http:\/\/yenisite.online\/wp-content\/uploads\/2026\/01\/EXE-1-4-1280x800-1-300x188.webp 300w, http:\/\/yenisite.online\/wp-content\/uploads\/2026\/01\/EXE-1-4-1280x800-1-768x480.webp 768w, http:\/\/yenisite.online\/wp-content\/uploads\/2026\/01\/EXE-1-4-1280x800-1-1200x750.webp 1200w, http:\/\/yenisite.online\/wp-content\/uploads\/2026\/01\/EXE-1-4-1280x800-1-150x94.webp 150w, http:\/\/yenisite.online\/wp-content\/uploads\/2026\/01\/EXE-1-4-1280x800-1.webp 1280w\" data-image-id=\"1\"><\/div>\n\t\t\t\t\t\t\t<div class=\"wd-product-grid-slide\" data-image-url=\"http:\/\/yenisite.online\/wp-content\/uploads\/2026\/01\/EXE-1-2-1280x800-1-1024x640.webp\" data-image-srcset=\"http:\/\/yenisite.online\/wp-content\/uploads\/2026\/01\/EXE-1-2-1280x800-1-1024x640.webp 1024w, http:\/\/yenisite.online\/wp-content\/uploads\/2026\/01\/EXE-1-2-1280x800-1-300x188.webp 300w, http:\/\/yenisite.online\/wp-content\/uploads\/2026\/01\/EXE-1-2-1280x800-1-768x480.webp 768w, http:\/\/yenisite.online\/wp-content\/uploads\/2026\/01\/EXE-1-2-1280x800-1-1200x750.webp 1200w, http:\/\/yenisite.online\/wp-content\/uploads\/2026\/01\/EXE-1-2-1280x800-1-150x94.webp 150w, http:\/\/yenisite.online\/wp-content\/uploads\/2026\/01\/EXE-1-2-1280x800-1.webp 1280w\" data-image-id=\"2\"><\/div>\n\t\t\t\t\t\t\t<div class=\"wd-product-grid-slide\" data-image-url=\"http:\/\/yenisite.online\/wp-content\/uploads\/2026\/01\/EXE-1-3-1280x800-1-1024x640.webp\" data-image-srcset=\"http:\/\/yenisite.online\/wp-content\/uploads\/2026\/01\/EXE-1-3-1280x800-1-1024x640.webp 1024w, http:\/\/yenisite.online\/wp-content\/uploads\/2026\/01\/EXE-1-3-1280x800-1-300x188.webp 300w, http:\/\/yenisite.online\/wp-content\/uploads\/2026\/01\/EXE-1-3-1280x800-1-768x480.webp 768w, http:\/\/yenisite.online\/wp-content\/uploads\/2026\/01\/EXE-1-3-1280x800-1-1200x750.webp 1200w, http:\/\/yenisite.online\/wp-content\/uploads\/2026\/01\/EXE-1-3-1280x800-1-150x94.webp 150w, http:\/\/yenisite.online\/wp-content\/uploads\/2026\/01\/EXE-1-3-1280x800-1.webp 1280w\" data-image-id=\"3\"><\/div>\n\t\t\t\t\t<\/div>\n\n\t\t\t\t\t<div class=\"wd-product-grid-slider-nav wd-fill wd-hide-md\">\n\t\t\t\t<div class=\"wd-prev\"><\/div>\n\t\t\t\t<div class=\"wd-next\"><\/div>\n\t\t\t<\/div>\n\t\t\n\t\t\t\t\t\t\t\t\t<img loading=\"lazy\" decoding=\"async\" width=\"1024\" height=\"640\" src=\"http:\/\/yenisite.online\/wp-content\/uploads\/2026\/01\/EXE-1-1-1280x800-1-1024x640.webp\" class=\"attachment-large size-large\" alt=\"\" srcset=\"http:\/\/yenisite.online\/wp-content\/uploads\/2026\/01\/EXE-1-1-1280x800-1-1024x640.webp 1024w, http:\/\/yenisite.online\/wp-content\/uploads\/2026\/01\/EXE-1-1-1280x800-1-300x188.webp 300w, http:\/\/yenisite.online\/wp-content\/uploads\/2026\/01\/EXE-1-1-1280x800-1-768x480.webp 768w, http:\/\/yenisite.online\/wp-content\/uploads\/2026\/01\/EXE-1-1-1280x800-1-1200x750.webp 1200w, http:\/\/yenisite.online\/wp-content\/uploads\/2026\/01\/EXE-1-1-1280x800-1-150x94.webp 150w, http:\/\/yenisite.online\/wp-content\/uploads\/2026\/01\/EXE-1-1-1280x800-1.webp 1280w\" sizes=\"auto, (max-width: 1024px) 100vw, 1024px\" \/>\t\t<\/a>\n\n\t\t\n\t\t<div class=\"wd-buttons wd-pos-r-t\">\n\t\t\t\t\t\t<div class=\"wd-wishlist-btn wd-action-btn wd-style-icon wd-wishlist-icon\">\n\t\t\t\t<a class=\"\" href=\"http:\/\/yenisite.online\/index.php\/wishlist\/\" data-key=\"3094b98c4e\" data-product-id=\"10394\" rel=\"nofollow\" data-added-text=\"Browse wishlist\">\n\t\t\t\t\t<span class=\"wd-added-icon\"><\/span>\n\t\t\t\t\t<span class=\"wd-action-text\">\u0130stek listesine ekle<\/span>\n\t\t\t\t<\/a>\n\t\t\t<\/div>\n\t\t\t\t<\/div>\n\t<\/div>\n\n\t<div class=\"product-element-bottom\">\n\n\t\t<div class=\"wd-product-header\">\n\t\t\t<h3 class=\"wd-entities-title\"><a href=\"http:\/\/yenisite.online\/index.php\/urun\/exe-makam-takimi\/\">Exe Makam Tak\u0131m\u0131<\/a><\/h3>\n\t\t\t\t\t<\/div>\n\n\t\t\n\t\t\t\t<div class=\"wd-product-cats\">\n\t\t\t<a href=\"http:\/\/yenisite.online\/index.php\/urun-kategori\/makam-takimlari\/\" rel=\"tag\">Makam Tak\u0131mlar\u0131<\/a>\t\t<\/div>\n\t\t\n\t\t\n\t\t<div class=\"wrap-price\">\n\t\t\t\n\n\t\t\t\t\t<\/div>\n\n\t\t\n\t\t\n\t\t\n\t\t\n\t\t<div class=\"wd-product-footer\">\n\t\t\t<div class=\"wd-add-btn wd-add-btn-replace\">\n\t\t\t\t<a href=\"http:\/\/yenisite.online\/index.php\/urun\/exe-makam-takimi\/\" aria-describedby=\"woocommerce_loop_add_to_cart_link_describedby_10394\" data-quantity=\"1\" class=\"button product_type_simple add-to-cart-loop\" data-product_id=\"10394\" data-product_sku=\"exe-makam-takimi\" aria-label=\"&ldquo;Exe Makam Tak\u0131m\u0131&rdquo; hakk\u0131nda daha fazla bilgi edinin\" rel=\"nofollow\" data-success_message=\"\"><span>Devam\u0131n\u0131 oku<\/span><\/a>\t<span id=\"woocommerce_loop_add_to_cart_link_describedby_10394\" class=\"screen-reader-text\">\n\t\t\t<\/span>\n\t\t\t<\/div>\n\n\t\t\t\t\t\t<div class=\"wd-action-buttons\">\n\t\t\t\t\t\t<div class=\"wd-compare-btn product-compare-button wd-action-btn wd-style-icon wd-compare-icon wd-tooltip\">\n\t\t\t<a href=\"http:\/\/yenisite.online\/index.php\/compare\/\" data-id=\"10394\" rel=\"nofollow\" data-added-text=\"\u00dcr\u00fcnleri kar\u015f\u0131la\u015ft\u0131r\">\n\t\t\t\t<span class=\"wd-added-icon\"><\/span>\n\t\t\t\t<span class=\"wd-action-text\">Add to compare<\/span>\n\t\t\t<\/a>\n\t\t<\/div>\n\t\t\t\t\t\t\t\t<div class=\"quick-view wd-action-btn wd-style-icon wd-quick-view-icon wd-tooltip\">\n\t\t\t<a\n\t\t\t\thref=\"http:\/\/yenisite.online\/index.php\/urun\/exe-makam-takimi\/\"\n\t\t\t\tclass=\"open-quick-view quick-view-button\"\n\t\t\t\trel=\"nofollow\"\n\t\t\t\tdata-id=\"10394\"\n\t\t\t\t>H\u0131zl\u0131 Bak<\/a>\n\t\t<\/div>\n\t\t\t\t\t<\/div>\n\t\t\t\t\t<\/div>\n\t<\/div>\n<\/div>\n<\/div>\n\t\t\n\t\t\t\t<\/div>\n\t\n\t\t\n\t\t\n\t\t\t\t\t<\/div>\n\t\t\n\t\t\t\t\t\t<\/div>\n\t\t\t\t<\/div>\n\t\t\t\t<\/div>\n\t\t<div class=\"elementor-element elementor-element-924d1e9 e-con-full e-flex e-con e-child\" data-id=\"924d1e9\" data-element_type=\"container\" data-e-type=\"container\">\n\t\t\t\t<div class=\"elementor-element elementor-element-8def44c wd-width-100 elementor-widget elementor-widget-wd_products\" data-id=\"8def44c\" data-element_type=\"widget\" data-e-type=\"widget\" data-widget_type=\"wd_products.default\">\n\t\t\t\t<div class=\"elementor-widget-container\">\n\t\t\t\t\t\t\t\t\t\t<div class=\"wd-products-element\">\n\n\t\t\t\n\t\t\t\n\t\t\t\n\t\t\t\n\t\t\t<div class=\"products wd-products grid-columns-1 elements-grid wd-grid-g wd-stretch-cont-lg wd-stretch-cont-md wd-stretch-cont-sm\" data-paged=\"1\" data-atts=\"{&quot;speed&quot;:null,&quot;slides_per_view&quot;:null,&quot;slides_per_view_tablet&quot;:null,&quot;slides_per_view_mobile&quot;:null,&quot;wrap&quot;:null,&quot;autoplay&quot;:null,&quot;autoheight&quot;:null,&quot;hide_pagination_control&quot;:null,&quot;hide_pagination_control_tablet&quot;:null,&quot;hide_pagination_control_mobile&quot;:null,&quot;dynamic_pagination_control&quot;:null,&quot;hide_prev_next_buttons&quot;:null,&quot;carousel_arrows_position&quot;:null,&quot;hide_scrollbar&quot;:null,&quot;hide_scrollbar_tablet&quot;:null,&quot;hide_scrollbar_mobile&quot;:null,&quot;scroll_per_page&quot;:null,&quot;center_mode&quot;:null,&quot;spacing&quot;:&quot;&quot;,&quot;spacing_tablet&quot;:&quot;&quot;,&quot;spacing_mobile&quot;:&quot;&quot;,&quot;carousel_sync&quot;:null,&quot;sync_parent_id&quot;:null,&quot;sync_child_id&quot;:null,&quot;scroll_carousel_init&quot;:null,&quot;disable_overflow_carousel&quot;:null,&quot;include&quot;:null,&quot;taxonomies&quot;:[&quot;252&quot;],&quot;meta_key&quot;:null,&quot;shop_tools&quot;:null,&quot;ajax_recently_viewed&quot;:null,&quot;pagination_arrows_position&quot;:null,&quot;items_per_page&quot;:1,&quot;columns&quot;:{&quot;unit&quot;:&quot;px&quot;,&quot;size&quot;:1,&quot;sizes&quot;:[]},&quot;columns_tablet&quot;:{&quot;unit&quot;:&quot;px&quot;,&quot;size&quot;:&quot;&quot;,&quot;sizes&quot;:[]},&quot;columns_mobile&quot;:{&quot;unit&quot;:&quot;px&quot;,&quot;size&quot;:&quot;&quot;,&quot;sizes&quot;:[]},&quot;products_masonry&quot;:&quot;&quot;,&quot;products_different_sizes&quot;:&quot;&quot;,&quot;product_quantity&quot;:&quot;&quot;,&quot;sale_countdown&quot;:&quot;0&quot;,&quot;stretch_product&quot;:null,&quot;stretch_product_tablet&quot;:null,&quot;stretch_product_mobile&quot;:null,&quot;stock_progress_bar&quot;:&quot;0&quot;,&quot;highlighted_products&quot;:&quot;0&quot;,&quot;products_divider&quot;:null,&quot;products_bordered_grid&quot;:&quot;0&quot;,&quot;products_bordered_grid_style&quot;:null,&quot;products_with_background&quot;:&quot;0&quot;,&quot;products_shadow&quot;:&quot;0&quot;,&quot;img_size&quot;:&quot;large&quot;,&quot;img_size_custom&quot;:null,&quot;grid_gallery_control&quot;:null,&quot;grid_gallery_enable_arrows&quot;:null,&quot;elementor&quot;:true,&quot;force_not_ajax&quot;:&quot;no&quot;}\" data-source=\"shortcode\" data-columns=\"1\" data-grid-gallery=\"{&quot;grid_gallery&quot;:&quot;1&quot;,&quot;grid_gallery_control&quot;:&quot;arrows&quot;,&quot;grid_gallery_enable_arrows&quot;:&quot;none&quot;}\" style=\"--wd-col-lg:1;--wd-col-md:1;--wd-col-sm:1;--wd-gap-lg:30px;--wd-gap-md:20px;--wd-gap-sm:10px;\">\n\t\t\n\t\t\t\t\t\t\t\t<div class=\"wd-product wd-hover-buttons-on-hover wd-col product-grid-item product type-product post-10508 status-publish instock product_cat-makam-takimlari product_tag-vigor-makam-takimi has-post-thumbnail shipping-taxable product-type-simple\" data-loop=\"1\" data-id=\"10508\">\n\t\t\t\t\n\t\n<div class=\"product-wrapper\">\n\t<div class=\"product-element-top wd-quick-shop\">\n\t\t<a href=\"http:\/\/yenisite.online\/index.php\/urun\/vigor-makam-takimi\/\" class=\"product-image-link\" tabindex=\"-1\" aria-label=\"Vigor Makam Tak\u0131m\u0131\">\n\t\t\t\t\t<div class=\"wd-product-grid-slider wd-fill\">\n\t\t\t\t\t\t\t<div class=\"wd-product-grid-slide\" data-image-url=\"http:\/\/yenisite.online\/wp-content\/uploads\/2026\/01\/VIGOR-1-1280x800-1-1024x640.webp\" data-image-srcset=\"http:\/\/yenisite.online\/wp-content\/uploads\/2026\/01\/VIGOR-1-1280x800-1-1024x640.webp 1024w, http:\/\/yenisite.online\/wp-content\/uploads\/2026\/01\/VIGOR-1-1280x800-1-300x188.webp 300w, http:\/\/yenisite.online\/wp-content\/uploads\/2026\/01\/VIGOR-1-1280x800-1-768x480.webp 768w, http:\/\/yenisite.online\/wp-content\/uploads\/2026\/01\/VIGOR-1-1280x800-1-1200x750.webp 1200w, http:\/\/yenisite.online\/wp-content\/uploads\/2026\/01\/VIGOR-1-1280x800-1-150x94.webp 150w, http:\/\/yenisite.online\/wp-content\/uploads\/2026\/01\/VIGOR-1-1280x800-1.webp 1280w\" data-image-id=\"0\"><\/div>\n\t\t\t\t\t\t\t<div class=\"wd-product-grid-slide\" data-image-url=\"http:\/\/yenisite.online\/wp-content\/uploads\/2026\/01\/VIGOR-2-1280x800-1-1024x640.webp\" data-image-srcset=\"http:\/\/yenisite.online\/wp-content\/uploads\/2026\/01\/VIGOR-2-1280x800-1-1024x640.webp 1024w, http:\/\/yenisite.online\/wp-content\/uploads\/2026\/01\/VIGOR-2-1280x800-1-300x188.webp 300w, http:\/\/yenisite.online\/wp-content\/uploads\/2026\/01\/VIGOR-2-1280x800-1-768x480.webp 768w, http:\/\/yenisite.online\/wp-content\/uploads\/2026\/01\/VIGOR-2-1280x800-1-1200x750.webp 1200w, http:\/\/yenisite.online\/wp-content\/uploads\/2026\/01\/VIGOR-2-1280x800-1-150x94.webp 150w, http:\/\/yenisite.online\/wp-content\/uploads\/2026\/01\/VIGOR-2-1280x800-1.webp 1280w\" data-image-id=\"1\"><\/div>\n\t\t\t\t\t\t\t<div class=\"wd-product-grid-slide\" data-image-url=\"http:\/\/yenisite.online\/wp-content\/uploads\/2026\/01\/VIGOR-3-1280x800-1-1024x640.webp\" data-image-srcset=\"http:\/\/yenisite.online\/wp-content\/uploads\/2026\/01\/VIGOR-3-1280x800-1-1024x640.webp 1024w, http:\/\/yenisite.online\/wp-content\/uploads\/2026\/01\/VIGOR-3-1280x800-1-300x188.webp 300w, http:\/\/yenisite.online\/wp-content\/uploads\/2026\/01\/VIGOR-3-1280x800-1-768x480.webp 768w, http:\/\/yenisite.online\/wp-content\/uploads\/2026\/01\/VIGOR-3-1280x800-1-1200x750.webp 1200w, http:\/\/yenisite.online\/wp-content\/uploads\/2026\/01\/VIGOR-3-1280x800-1-150x94.webp 150w, http:\/\/yenisite.online\/wp-content\/uploads\/2026\/01\/VIGOR-3-1280x800-1.webp 1280w\" data-image-id=\"2\"><\/div>\n\t\t\t\t\t\t\t<div class=\"wd-product-grid-slide\" data-image-url=\"http:\/\/yenisite.online\/wp-content\/uploads\/2026\/01\/VIGOR-4-1280x800-1-1024x640.webp\" data-image-srcset=\"http:\/\/yenisite.online\/wp-content\/uploads\/2026\/01\/VIGOR-4-1280x800-1-1024x640.webp 1024w, http:\/\/yenisite.online\/wp-content\/uploads\/2026\/01\/VIGOR-4-1280x800-1-300x188.webp 300w, http:\/\/yenisite.online\/wp-content\/uploads\/2026\/01\/VIGOR-4-1280x800-1-768x480.webp 768w, http:\/\/yenisite.online\/wp-content\/uploads\/2026\/01\/VIGOR-4-1280x800-1-1200x750.webp 1200w, http:\/\/yenisite.online\/wp-content\/uploads\/2026\/01\/VIGOR-4-1280x800-1-150x94.webp 150w, http:\/\/yenisite.online\/wp-content\/uploads\/2026\/01\/VIGOR-4-1280x800-1.webp 1280w\" data-image-id=\"3\"><\/div>\n\t\t\t\t\t\t\t<div class=\"wd-product-grid-slide\" data-image-url=\"http:\/\/yenisite.online\/wp-content\/uploads\/2026\/01\/VIGOR-5-1280x800-1-1024x640.webp\" data-image-srcset=\"http:\/\/yenisite.online\/wp-content\/uploads\/2026\/01\/VIGOR-5-1280x800-1-1024x640.webp 1024w, http:\/\/yenisite.online\/wp-content\/uploads\/2026\/01\/VIGOR-5-1280x800-1-300x188.webp 300w, http:\/\/yenisite.online\/wp-content\/uploads\/2026\/01\/VIGOR-5-1280x800-1-768x480.webp 768w, http:\/\/yenisite.online\/wp-content\/uploads\/2026\/01\/VIGOR-5-1280x800-1-1200x750.webp 1200w, http:\/\/yenisite.online\/wp-content\/uploads\/2026\/01\/VIGOR-5-1280x800-1-150x94.webp 150w, http:\/\/yenisite.online\/wp-content\/uploads\/2026\/01\/VIGOR-5-1280x800-1.webp 1280w\" data-image-id=\"4\"><\/div>\n\t\t\t\t\t<\/div>\n\n\t\t\t\t\t<div class=\"wd-product-grid-slider-nav wd-fill wd-hide-md\">\n\t\t\t\t<div class=\"wd-prev\"><\/div>\n\t\t\t\t<div class=\"wd-next\"><\/div>\n\t\t\t<\/div>\n\t\t\n\t\t\t\t\t\t\t\t\t<img loading=\"lazy\" decoding=\"async\" width=\"1024\" height=\"640\" src=\"http:\/\/yenisite.online\/wp-content\/uploads\/2026\/01\/VIGOR-1-1280x800-1-1024x640.webp\" class=\"attachment-large size-large\" alt=\"\" srcset=\"http:\/\/yenisite.online\/wp-content\/uploads\/2026\/01\/VIGOR-1-1280x800-1-1024x640.webp 1024w, http:\/\/yenisite.online\/wp-content\/uploads\/2026\/01\/VIGOR-1-1280x800-1-300x188.webp 300w, http:\/\/yenisite.online\/wp-content\/uploads\/2026\/01\/VIGOR-1-1280x800-1-768x480.webp 768w, http:\/\/yenisite.online\/wp-content\/uploads\/2026\/01\/VIGOR-1-1280x800-1-1200x750.webp 1200w, http:\/\/yenisite.online\/wp-content\/uploads\/2026\/01\/VIGOR-1-1280x800-1-150x94.webp 150w, http:\/\/yenisite.online\/wp-content\/uploads\/2026\/01\/VIGOR-1-1280x800-1.webp 1280w\" sizes=\"auto, (max-width: 1024px) 100vw, 1024px\" \/>\t\t<\/a>\n\n\t\t\n\t\t<div class=\"wd-buttons wd-pos-r-t\">\n\t\t\t\t\t\t<div class=\"wd-wishlist-btn wd-action-btn wd-style-icon wd-wishlist-icon\">\n\t\t\t\t<a class=\"\" href=\"http:\/\/yenisite.online\/index.php\/wishlist\/\" data-key=\"3094b98c4e\" data-product-id=\"10508\" rel=\"nofollow\" data-added-text=\"Browse wishlist\">\n\t\t\t\t\t<span class=\"wd-added-icon\"><\/span>\n\t\t\t\t\t<span class=\"wd-action-text\">\u0130stek listesine ekle<\/span>\n\t\t\t\t<\/a>\n\t\t\t<\/div>\n\t\t\t\t<\/div>\n\t<\/div>\n\n\t<div class=\"product-element-bottom\">\n\n\t\t<div class=\"wd-product-header\">\n\t\t\t<h3 class=\"wd-entities-title\"><a href=\"http:\/\/yenisite.online\/index.php\/urun\/vigor-makam-takimi\/\">Vigor Makam Tak\u0131m\u0131<\/a><\/h3>\n\t\t\t\t\t<\/div>\n\n\t\t\n\t\t\t\t<div class=\"wd-product-cats\">\n\t\t\t<a href=\"http:\/\/yenisite.online\/index.php\/urun-kategori\/makam-takimlari\/\" rel=\"tag\">Makam Tak\u0131mlar\u0131<\/a>\t\t<\/div>\n\t\t\n\t\t\n\t\t<div class=\"wrap-price\">\n\t\t\t\n\n\t\t\t\t\t<\/div>\n\n\t\t\n\t\t\n\t\t\n\t\t\n\t\t<div class=\"wd-product-footer\">\n\t\t\t<div class=\"wd-add-btn wd-add-btn-replace\">\n\t\t\t\t<a href=\"http:\/\/yenisite.online\/index.php\/urun\/vigor-makam-takimi\/\" aria-describedby=\"woocommerce_loop_add_to_cart_link_describedby_10508\" data-quantity=\"1\" class=\"button product_type_simple add-to-cart-loop\" data-product_id=\"10508\" data-product_sku=\"vigor-makam-takimi\" aria-label=\"&ldquo;Vigor Makam Tak\u0131m\u0131&rdquo; hakk\u0131nda daha fazla bilgi edinin\" rel=\"nofollow\" data-success_message=\"\"><span>Devam\u0131n\u0131 oku<\/span><\/a>\t<span id=\"woocommerce_loop_add_to_cart_link_describedby_10508\" class=\"screen-reader-text\">\n\t\t\t<\/span>\n\t\t\t<\/div>\n\n\t\t\t\t\t\t<div class=\"wd-action-buttons\">\n\t\t\t\t\t\t<div class=\"wd-compare-btn product-compare-button wd-action-btn wd-style-icon wd-compare-icon wd-tooltip\">\n\t\t\t<a href=\"http:\/\/yenisite.online\/index.php\/compare\/\" data-id=\"10508\" rel=\"nofollow\" data-added-text=\"\u00dcr\u00fcnleri kar\u015f\u0131la\u015ft\u0131r\">\n\t\t\t\t<span class=\"wd-added-icon\"><\/span>\n\t\t\t\t<span class=\"wd-action-text\">Add to compare<\/span>\n\t\t\t<\/a>\n\t\t<\/div>\n\t\t\t\t\t\t\t\t<div class=\"quick-view wd-action-btn wd-style-icon wd-quick-view-icon wd-tooltip\">\n\t\t\t<a\n\t\t\t\thref=\"http:\/\/yenisite.online\/index.php\/urun\/vigor-makam-takimi\/\"\n\t\t\t\tclass=\"open-quick-view quick-view-button\"\n\t\t\t\trel=\"nofollow\"\n\t\t\t\tdata-id=\"10508\"\n\t\t\t\t>H\u0131zl\u0131 Bak<\/a>\n\t\t<\/div>\n\t\t\t\t\t<\/div>\n\t\t\t\t\t<\/div>\n\t<\/div>\n<\/div>\n<\/div>\n\t\t\n\t\t\t\t<\/div>\n\t\n\t\t\n\t\t\n\t\t\t\t\t<\/div>\n\t\t\n\t\t\t\t\t\t<\/div>\n\t\t\t\t<\/div>\n\t\t\t\t<\/div>\n\t\t\t\t\t<\/div>\n\t\t\t\t<\/div>\n\t\t\t\t<\/div>\n\t\t","protected":false},"excerpt":{"rendered":"<div class=\"woocommerce-product-details__short-description\">\n<p>Doxa Tasar\u0131m\u0131 \u0130dea Makam Tak\u0131m\u0131, modern i\u015f ya\u015fam\u0131n\u0131n gereksinimlerini en iyi \u015fekilde kar\u015f\u0131lamak \u00fczere tasarlanm\u0131\u015f, zarif ve sofistike bir \u00e7\u00f6z\u00fcm sunuyor.<\/p>\n<p>\u0130dea Makam Tak\u0131m\u0131, modern i\u015f ya\u015fam\u0131n\u0131n gereksinimlerini en iyi \u015fekilde kar\u015f\u0131lamak \u00fczere tasarlanm\u0131\u015f, zarif ve sofistike bir \u00e7\u00f6z\u00fcm sunuyor. Tak\u0131m\u0131n her detay\u0131, y\u00f6neticilere hem prestij hem de konfor sa\u011flamak amac\u0131yla \u00f6zenle d\u00fc\u015f\u00fcn\u00fclm\u00fc\u015ft\u00fcr. Minimalist hatlar\u0131 ve y\u00fcksek kaliteli malzemeleriyle dikkat \u00e7eken \u0130dea Makam Tak\u0131m\u0131, ofisinizde g\u00fc\u00e7l\u00fc bir imaj yarat\u0131rken, verimli \u00e7al\u0131\u015fma ortamlar\u0131 sunar.<\/p>\n<p><strong>\u0130dea Makam Tak\u0131m\u0131: Zarafeti ve \u0130\u015flevselli\u011fi Bulu\u015fturan Tasar\u0131m<\/strong><\/p>\n<p>Masa ve dolap \u00fcnitelerinin ergonomik yap\u0131s\u0131, kullan\u0131c\u0131 konforunu \u00f6n planda tutarken, geni\u015f depolama alanlar\u0131 da d\u00fczenli bir \u00e7al\u0131\u015fma alan\u0131 sa\u011flar. \u0130dea Makam Tak\u0131m\u0131, estetik ve pratikli\u011fi bulu\u015fturarak i\u015f hayat\u0131nda fark yaratmak isteyenler i\u00e7in ideal bir se\u00e7enek sunuyor.<\/p>\n<p>Ofisinizde fark yaratmak istiyorsan\u0131z, \u0130dea Makam Tak\u0131m\u0131 tam size g\u00f6re!<\/p>\n<\/div>\n","protected":false},"featured_media":10427,"comment_status":"closed","ping_status":"closed","template":"","meta":[],"product_brand":[],"product_cat":[25],"product_tag":[241],"class_list":{"0":"post-10426","1":"product","2":"type-product","3":"status-publish","4":"has-post-thumbnail","6":"product_cat-makam-takimlari","7":"product_tag-idea-makam-takimi","9":"first","10":"instock","11":"shipping-taxable","12":"product-type-simple"},"_links":{"self":[{"href":"http:\/\/yenisite.online\/index.php\/wp-json\/wp\/v2\/product\/10426","targetHints":{"allow":["GET"]}}],"collection":[{"href":"http:\/\/yenisite.online\/index.php\/wp-json\/wp\/v2\/product"}],"about":[{"href":"http:\/\/yenisite.online\/index.php\/wp-json\/wp\/v2\/types\/product"}],"replies":[{"embeddable":true,"href":"http:\/\/yenisite.online\/index.php\/wp-json\/wp\/v2\/comments?post=10426"}],"version-history":[{"count":4,"href":"http:\/\/yenisite.online\/index.php\/wp-json\/wp\/v2\/product\/10426\/revisions"}],"predecessor-version":[{"id":10575,"href":"http:\/\/yenisite.online\/index.php\/wp-json\/wp\/v2\/product\/10426\/revisions\/10575"}],"wp:featuredmedia":[{"embeddable":true,"href":"http:\/\/yenisite.online\/index.php\/wp-json\/wp\/v2\/media\/10427"}],"wp:attachment":[{"href":"http:\/\/yenisite.online\/index.php\/wp-json\/wp\/v2\/media?parent=10426"}],"wp:term":[{"taxonomy":"product_brand","embeddable":true,"href":"http:\/\/yenisite.online\/index.php\/wp-json\/wp\/v2\/product_brand?post=10426"},{"taxonomy":"product_cat","embeddable":true,"href":"http:\/\/yenisite.online\/index.php\/wp-json\/wp\/v2\/product_cat?post=10426"},{"taxonomy":"product_tag","embeddable":true,"href":"http:\/\/yenisite.online\/index.php\/wp-json\/wp\/v2\/product_tag?post=10426"}],"curies":[{"name":"wp","href":"https:\/\/api.w.org\/{rel}","templated":true}]}}