{"id":10516,"date":"2026-01-13T19:22:52","date_gmt":"2026-01-13T19:22:52","guid":{"rendered":"http:\/\/yenisite.online\/?post_type=product&#038;p=10516"},"modified":"2026-01-13T19:28:23","modified_gmt":"2026-01-13T19:28:23","slug":"vip-class-makam-takimi","status":"publish","type":"product","link":"http:\/\/yenisite.online\/index.php\/urun\/vip-class-makam-takimi\/","title":{"rendered":"VIP Class Makam Tak\u0131m\u0131"},"content":{"rendered":"\t\t<div data-elementor-type=\"wp-post\" data-elementor-id=\"10516\" class=\"elementor elementor-10516\">\n\t\t\t\t<div class=\"wd-negative-gap elementor-element elementor-element-8a6a3ec e-flex e-con-boxed e-con e-parent\" data-id=\"8a6a3ec\" data-element_type=\"container\" data-e-type=\"container\">\n\t\t\t\t\t<div class=\"e-con-inner\">\n\t\t<div class=\"elementor-element elementor-element-4eec225 e-con-full e-flex e-con e-child\" data-id=\"4eec225\" data-element_type=\"container\" data-e-type=\"container\">\n\t\t\t\t<div class=\"elementor-element elementor-element-63f9dc5 wd-width-100 elementor-widget elementor-widget-wd_products\" data-id=\"63f9dc5\" data-element_type=\"widget\" data-e-type=\"widget\" data-widget_type=\"wd_products.default\">\n\t\t\t\t<div class=\"elementor-widget-container\">\n\t\t\t\t\t\t\t\t\t\t<div class=\"wd-products-element\">\n\n\t\t\t\n\t\t\t\n\t\t\t\n\t\t\t\n\t\t\t<div class=\"products wd-products grid-columns-1 elements-grid wd-grid-g wd-stretch-cont-lg wd-stretch-cont-md wd-stretch-cont-sm\" data-paged=\"1\" data-atts=\"{&quot;speed&quot;:null,&quot;slides_per_view&quot;:null,&quot;wrap&quot;:null,&quot;autoplay&quot;:null,&quot;autoheight&quot;:null,&quot;hide_pagination_control&quot;:null,&quot;dynamic_pagination_control&quot;:null,&quot;hide_prev_next_buttons&quot;:null,&quot;carousel_arrows_position&quot;:null,&quot;hide_scrollbar&quot;:null,&quot;scroll_per_page&quot;:null,&quot;center_mode&quot;:null,&quot;spacing&quot;:&quot;&quot;,&quot;carousel_sync&quot;:null,&quot;sync_parent_id&quot;:null,&quot;sync_child_id&quot;:null,&quot;scroll_carousel_init&quot;:null,&quot;disable_overflow_carousel&quot;:null,&quot;include&quot;:null,&quot;taxonomies&quot;:[&quot;241&quot;],&quot;meta_key&quot;:null,&quot;shop_tools&quot;:null,&quot;ajax_recently_viewed&quot;:null,&quot;pagination_arrows_position&quot;:null,&quot;items_per_page&quot;:1,&quot;columns&quot;:{&quot;unit&quot;:&quot;px&quot;,&quot;size&quot;:1,&quot;sizes&quot;:[]},&quot;products_masonry&quot;:&quot;&quot;,&quot;products_different_sizes&quot;:&quot;&quot;,&quot;product_quantity&quot;:&quot;&quot;,&quot;sale_countdown&quot;:&quot;0&quot;,&quot;stretch_product&quot;:null,&quot;stock_progress_bar&quot;:&quot;0&quot;,&quot;highlighted_products&quot;:&quot;0&quot;,&quot;products_divider&quot;:null,&quot;products_bordered_grid&quot;:&quot;0&quot;,&quot;products_bordered_grid_style&quot;:null,&quot;products_with_background&quot;:&quot;0&quot;,&quot;products_shadow&quot;:&quot;0&quot;,&quot;img_size&quot;:&quot;large&quot;,&quot;img_size_custom&quot;:null,&quot;grid_gallery_control&quot;:null,&quot;grid_gallery_enable_arrows&quot;:null,&quot;elementor&quot;:true,&quot;force_not_ajax&quot;:&quot;no&quot;}\" data-source=\"shortcode\" data-columns=\"1\" data-grid-gallery=\"{&quot;grid_gallery&quot;:&quot;1&quot;,&quot;grid_gallery_control&quot;:&quot;arrows&quot;,&quot;grid_gallery_enable_arrows&quot;:&quot;none&quot;}\" style=\"--wd-col-lg:1;--wd-col-md:1;--wd-col-sm:1;--wd-gap-lg:30px;--wd-gap-md:20px;--wd-gap-sm:10px;\">\n\t\t\n\t\t\t\t\t\t\t\t<div class=\"wd-product wd-hover-buttons-on-hover wd-col product-grid-item product type-product post-10426 status-publish instock product_cat-makam-takimlari product_tag-idea-makam-takimi has-post-thumbnail shipping-taxable product-type-simple\" data-loop=\"1\" data-id=\"10426\">\n\t\t\t\t\n\t\n<div class=\"product-wrapper\">\n\t<div class=\"product-element-top wd-quick-shop\">\n\t\t<a href=\"http:\/\/yenisite.online\/index.php\/urun\/idea-makam-takimi\/\" class=\"product-image-link\" tabindex=\"-1\" aria-label=\"Idea Makam Tak\u0131m\u0131\">\n\t\t\t\t\t<div class=\"wd-product-grid-slider wd-fill\">\n\t\t\t\t\t\t\t<div class=\"wd-product-grid-slide\" data-image-url=\"http:\/\/yenisite.online\/wp-content\/uploads\/2026\/01\/IDEA-1280x800-1-1024x640.webp\" data-image-srcset=\"http:\/\/yenisite.online\/wp-content\/uploads\/2026\/01\/IDEA-1280x800-1-1024x640.webp 1024w, http:\/\/yenisite.online\/wp-content\/uploads\/2026\/01\/IDEA-1280x800-1-300x188.webp 300w, http:\/\/yenisite.online\/wp-content\/uploads\/2026\/01\/IDEA-1280x800-1-768x480.webp 768w, http:\/\/yenisite.online\/wp-content\/uploads\/2026\/01\/IDEA-1280x800-1-1200x750.webp 1200w, http:\/\/yenisite.online\/wp-content\/uploads\/2026\/01\/IDEA-1280x800-1-150x94.webp 150w, http:\/\/yenisite.online\/wp-content\/uploads\/2026\/01\/IDEA-1280x800-1.webp 1280w\" data-image-id=\"0\"><\/div>\n\t\t\t\t\t\t\t<div class=\"wd-product-grid-slide\" data-image-url=\"http:\/\/yenisite.online\/wp-content\/uploads\/2026\/01\/idea-takim-mese-04-1-1280x800-1-1024x640.webp\" data-image-srcset=\"http:\/\/yenisite.online\/wp-content\/uploads\/2026\/01\/idea-takim-mese-04-1-1280x800-1-1024x640.webp 1024w, http:\/\/yenisite.online\/wp-content\/uploads\/2026\/01\/idea-takim-mese-04-1-1280x800-1-300x188.webp 300w, http:\/\/yenisite.online\/wp-content\/uploads\/2026\/01\/idea-takim-mese-04-1-1280x800-1-768x480.webp 768w, http:\/\/yenisite.online\/wp-content\/uploads\/2026\/01\/idea-takim-mese-04-1-1280x800-1-1200x750.webp 1200w, http:\/\/yenisite.online\/wp-content\/uploads\/2026\/01\/idea-takim-mese-04-1-1280x800-1-150x94.webp 150w, http:\/\/yenisite.online\/wp-content\/uploads\/2026\/01\/idea-takim-mese-04-1-1280x800-1.webp 1280w\" data-image-id=\"1\"><\/div>\n\t\t\t\t\t<\/div>\n\n\t\t\t\t\t<div class=\"wd-product-grid-slider-nav wd-fill wd-hide-md\">\n\t\t\t\t<div class=\"wd-prev\"><\/div>\n\t\t\t\t<div class=\"wd-next\"><\/div>\n\t\t\t<\/div>\n\t\t\n\t\t\t\t\t\t\t\t\t<img loading=\"lazy\" decoding=\"async\" width=\"1024\" height=\"640\" src=\"http:\/\/yenisite.online\/wp-content\/uploads\/2026\/01\/IDEA-1280x800-1-1024x640.webp\" class=\"attachment-large size-large\" alt=\"\" srcset=\"http:\/\/yenisite.online\/wp-content\/uploads\/2026\/01\/IDEA-1280x800-1-1024x640.webp 1024w, http:\/\/yenisite.online\/wp-content\/uploads\/2026\/01\/IDEA-1280x800-1-300x188.webp 300w, http:\/\/yenisite.online\/wp-content\/uploads\/2026\/01\/IDEA-1280x800-1-768x480.webp 768w, http:\/\/yenisite.online\/wp-content\/uploads\/2026\/01\/IDEA-1280x800-1-1200x750.webp 1200w, http:\/\/yenisite.online\/wp-content\/uploads\/2026\/01\/IDEA-1280x800-1-150x94.webp 150w, http:\/\/yenisite.online\/wp-content\/uploads\/2026\/01\/IDEA-1280x800-1.webp 1280w\" sizes=\"auto, (max-width: 1024px) 100vw, 1024px\" \/>\t\t<\/a>\n\n\t\t\n\t\t<div class=\"wd-buttons wd-pos-r-t\">\n\t\t\t\t\t\t<div class=\"wd-wishlist-btn wd-action-btn wd-style-icon wd-wishlist-icon\">\n\t\t\t\t<a class=\"\" href=\"http:\/\/yenisite.online\/index.php\/wishlist\/\" data-key=\"90401da02d\" data-product-id=\"10426\" rel=\"nofollow\" data-added-text=\"Browse wishlist\">\n\t\t\t\t\t<span class=\"wd-added-icon\"><\/span>\n\t\t\t\t\t<span class=\"wd-action-text\">\u0130stek listesine ekle<\/span>\n\t\t\t\t<\/a>\n\t\t\t<\/div>\n\t\t\t\t<\/div>\n\t<\/div>\n\n\t<div class=\"product-element-bottom\">\n\n\t\t<div class=\"wd-product-header\">\n\t\t\t<h3 class=\"wd-entities-title\"><a href=\"http:\/\/yenisite.online\/index.php\/urun\/idea-makam-takimi\/\">Idea Makam Tak\u0131m\u0131<\/a><\/h3>\n\t\t\t\t\t<\/div>\n\n\t\t\n\t\t\t\t<div class=\"wd-product-cats\">\n\t\t\t<a href=\"http:\/\/yenisite.online\/index.php\/urun-kategori\/makam-takimlari\/\" rel=\"tag\">Makam Tak\u0131mlar\u0131<\/a>\t\t<\/div>\n\t\t\n\t\t\n\t\t<div class=\"wrap-price\">\n\t\t\t\n\n\t\t\t\t\t<\/div>\n\n\t\t\n\t\t\n\t\t\n\t\t\n\t\t<div class=\"wd-product-footer\">\n\t\t\t<div class=\"wd-add-btn wd-add-btn-replace\">\n\t\t\t\t<a href=\"http:\/\/yenisite.online\/index.php\/urun\/idea-makam-takimi\/\" aria-describedby=\"woocommerce_loop_add_to_cart_link_describedby_10426\" data-quantity=\"1\" class=\"button product_type_simple add-to-cart-loop\" data-product_id=\"10426\" data-product_sku=\"idea-makam-takimi\" aria-label=\"&ldquo;Idea Makam Tak\u0131m\u0131&rdquo; hakk\u0131nda daha fazla bilgi edinin\" rel=\"nofollow\" data-success_message=\"\"><span>Devam\u0131n\u0131 oku<\/span><\/a>\t<span id=\"woocommerce_loop_add_to_cart_link_describedby_10426\" class=\"screen-reader-text\">\n\t\t\t<\/span>\n\t\t\t<\/div>\n\n\t\t\t\t\t\t<div class=\"wd-action-buttons\">\n\t\t\t\t\t\t<div class=\"wd-compare-btn product-compare-button wd-action-btn wd-style-icon wd-compare-icon wd-tooltip\">\n\t\t\t<a href=\"http:\/\/yenisite.online\/index.php\/compare\/\" data-id=\"10426\" rel=\"nofollow\" data-added-text=\"\u00dcr\u00fcnleri kar\u015f\u0131la\u015ft\u0131r\">\n\t\t\t\t<span class=\"wd-added-icon\"><\/span>\n\t\t\t\t<span class=\"wd-action-text\">Add to compare<\/span>\n\t\t\t<\/a>\n\t\t<\/div>\n\t\t\t\t\t\t\t\t<div class=\"quick-view wd-action-btn wd-style-icon wd-quick-view-icon wd-tooltip\">\n\t\t\t<a\n\t\t\t\thref=\"http:\/\/yenisite.online\/index.php\/urun\/idea-makam-takimi\/\"\n\t\t\t\tclass=\"open-quick-view quick-view-button\"\n\t\t\t\trel=\"nofollow\"\n\t\t\t\tdata-id=\"10426\"\n\t\t\t\t>H\u0131zl\u0131 Bak<\/a>\n\t\t<\/div>\n\t\t\t\t\t<\/div>\n\t\t\t\t\t<\/div>\n\t<\/div>\n<\/div>\n<\/div>\n\t\t\n\t\t\t\t<\/div>\n\t\n\t\t\n\t\t\n\t\t\t\t\t<\/div>\n\t\t\n\t\t\t\t\t\t<\/div>\n\t\t\t\t<\/div>\n\t\t\t\t<\/div>\n\t\t<div class=\"elementor-element elementor-element-924d1e9 e-con-full e-flex e-con e-child\" data-id=\"924d1e9\" data-element_type=\"container\" data-e-type=\"container\">\n\t\t\t\t<div class=\"elementor-element elementor-element-8def44c wd-width-100 elementor-widget elementor-widget-wd_products\" data-id=\"8def44c\" data-element_type=\"widget\" data-e-type=\"widget\" data-widget_type=\"wd_products.default\">\n\t\t\t\t<div class=\"elementor-widget-container\">\n\t\t\t\t\t\t\t\t\t\t<div class=\"wd-products-element\">\n\n\t\t\t\n\t\t\t\n\t\t\t\n\t\t\t\n\t\t\t<div class=\"products wd-products grid-columns-1 elements-grid wd-grid-g wd-stretch-cont-lg wd-stretch-cont-md wd-stretch-cont-sm\" data-paged=\"1\" data-atts=\"{&quot;speed&quot;:null,&quot;slides_per_view&quot;:null,&quot;wrap&quot;:null,&quot;autoplay&quot;:null,&quot;autoheight&quot;:null,&quot;hide_pagination_control&quot;:null,&quot;dynamic_pagination_control&quot;:null,&quot;hide_prev_next_buttons&quot;:null,&quot;carousel_arrows_position&quot;:null,&quot;hide_scrollbar&quot;:null,&quot;scroll_per_page&quot;:null,&quot;center_mode&quot;:null,&quot;spacing&quot;:&quot;&quot;,&quot;carousel_sync&quot;:null,&quot;sync_parent_id&quot;:null,&quot;sync_child_id&quot;:null,&quot;scroll_carousel_init&quot;:null,&quot;disable_overflow_carousel&quot;:null,&quot;include&quot;:null,&quot;taxonomies&quot;:[&quot;240&quot;],&quot;meta_key&quot;:null,&quot;shop_tools&quot;:null,&quot;ajax_recently_viewed&quot;:null,&quot;pagination_arrows_position&quot;:null,&quot;items_per_page&quot;:1,&quot;columns&quot;:{&quot;unit&quot;:&quot;px&quot;,&quot;size&quot;:1,&quot;sizes&quot;:[]},&quot;products_masonry&quot;:&quot;&quot;,&quot;products_different_sizes&quot;:&quot;&quot;,&quot;product_quantity&quot;:&quot;&quot;,&quot;sale_countdown&quot;:&quot;0&quot;,&quot;stretch_product&quot;:null,&quot;stock_progress_bar&quot;:&quot;0&quot;,&quot;highlighted_products&quot;:&quot;0&quot;,&quot;products_divider&quot;:null,&quot;products_bordered_grid&quot;:&quot;0&quot;,&quot;products_bordered_grid_style&quot;:null,&quot;products_with_background&quot;:&quot;0&quot;,&quot;products_shadow&quot;:&quot;0&quot;,&quot;img_size&quot;:&quot;large&quot;,&quot;img_size_custom&quot;:null,&quot;grid_gallery_control&quot;:null,&quot;grid_gallery_enable_arrows&quot;:null,&quot;elementor&quot;:true,&quot;force_not_ajax&quot;:&quot;no&quot;}\" data-source=\"shortcode\" data-columns=\"1\" data-grid-gallery=\"{&quot;grid_gallery&quot;:&quot;1&quot;,&quot;grid_gallery_control&quot;:&quot;arrows&quot;,&quot;grid_gallery_enable_arrows&quot;:&quot;none&quot;}\" style=\"--wd-col-lg:1;--wd-col-md:1;--wd-col-sm:1;--wd-gap-lg:30px;--wd-gap-md:20px;--wd-gap-sm:10px;\">\n\t\t\n\t\t\t\t\t\t\t\t<div class=\"wd-product wd-hover-buttons-on-hover wd-col product-grid-item product type-product post-10418 status-publish instock product_cat-makam-takimlari product_tag-horse-makam-takimi has-post-thumbnail shipping-taxable product-type-simple\" data-loop=\"1\" data-id=\"10418\">\n\t\t\t\t\n\t\n<div class=\"product-wrapper\">\n\t<div class=\"product-element-top wd-quick-shop\">\n\t\t<a href=\"http:\/\/yenisite.online\/index.php\/urun\/horse-makam-takimi\/\" class=\"product-image-link\" tabindex=\"-1\" aria-label=\"Horse Makam Tak\u0131m\u0131\">\n\t\t\t\t\t<div class=\"wd-product-grid-slider wd-fill\">\n\t\t\t\t\t\t\t<div class=\"wd-product-grid-slide\" data-image-url=\"http:\/\/yenisite.online\/wp-content\/uploads\/2026\/01\/HORSE-1-1280x800-1-1024x640.webp\" data-image-srcset=\"http:\/\/yenisite.online\/wp-content\/uploads\/2026\/01\/HORSE-1-1280x800-1-1024x640.webp 1024w, http:\/\/yenisite.online\/wp-content\/uploads\/2026\/01\/HORSE-1-1280x800-1-300x188.webp 300w, http:\/\/yenisite.online\/wp-content\/uploads\/2026\/01\/HORSE-1-1280x800-1-768x480.webp 768w, http:\/\/yenisite.online\/wp-content\/uploads\/2026\/01\/HORSE-1-1280x800-1-1200x750.webp 1200w, http:\/\/yenisite.online\/wp-content\/uploads\/2026\/01\/HORSE-1-1280x800-1-150x94.webp 150w, http:\/\/yenisite.online\/wp-content\/uploads\/2026\/01\/HORSE-1-1280x800-1.webp 1280w\" data-image-id=\"0\"><\/div>\n\t\t\t\t\t\t\t<div class=\"wd-product-grid-slide\" data-image-url=\"http:\/\/yenisite.online\/wp-content\/uploads\/2026\/01\/HORSE-2-1280x800-1-1024x640.webp\" data-image-srcset=\"http:\/\/yenisite.online\/wp-content\/uploads\/2026\/01\/HORSE-2-1280x800-1-1024x640.webp 1024w, http:\/\/yenisite.online\/wp-content\/uploads\/2026\/01\/HORSE-2-1280x800-1-300x188.webp 300w, http:\/\/yenisite.online\/wp-content\/uploads\/2026\/01\/HORSE-2-1280x800-1-768x480.webp 768w, http:\/\/yenisite.online\/wp-content\/uploads\/2026\/01\/HORSE-2-1280x800-1-1200x750.webp 1200w, http:\/\/yenisite.online\/wp-content\/uploads\/2026\/01\/HORSE-2-1280x800-1-150x94.webp 150w, http:\/\/yenisite.online\/wp-content\/uploads\/2026\/01\/HORSE-2-1280x800-1.webp 1280w\" data-image-id=\"1\"><\/div>\n\t\t\t\t\t\t\t<div class=\"wd-product-grid-slide\" data-image-url=\"http:\/\/yenisite.online\/wp-content\/uploads\/2026\/01\/HORSE-3-1280x800-1-1024x640.webp\" data-image-srcset=\"http:\/\/yenisite.online\/wp-content\/uploads\/2026\/01\/HORSE-3-1280x800-1-1024x640.webp 1024w, http:\/\/yenisite.online\/wp-content\/uploads\/2026\/01\/HORSE-3-1280x800-1-300x188.webp 300w, http:\/\/yenisite.online\/wp-content\/uploads\/2026\/01\/HORSE-3-1280x800-1-768x480.webp 768w, http:\/\/yenisite.online\/wp-content\/uploads\/2026\/01\/HORSE-3-1280x800-1-1200x750.webp 1200w, http:\/\/yenisite.online\/wp-content\/uploads\/2026\/01\/HORSE-3-1280x800-1-150x94.webp 150w, http:\/\/yenisite.online\/wp-content\/uploads\/2026\/01\/HORSE-3-1280x800-1.webp 1280w\" data-image-id=\"2\"><\/div>\n\t\t\t\t\t\t\t<div class=\"wd-product-grid-slide\" data-image-url=\"http:\/\/yenisite.online\/wp-content\/uploads\/2026\/01\/HORSE-4-jpg-1280x800-1-1024x640.webp\" data-image-srcset=\"http:\/\/yenisite.online\/wp-content\/uploads\/2026\/01\/HORSE-4-jpg-1280x800-1-1024x640.webp 1024w, http:\/\/yenisite.online\/wp-content\/uploads\/2026\/01\/HORSE-4-jpg-1280x800-1-300x188.webp 300w, http:\/\/yenisite.online\/wp-content\/uploads\/2026\/01\/HORSE-4-jpg-1280x800-1-768x480.webp 768w, http:\/\/yenisite.online\/wp-content\/uploads\/2026\/01\/HORSE-4-jpg-1280x800-1-1200x750.webp 1200w, http:\/\/yenisite.online\/wp-content\/uploads\/2026\/01\/HORSE-4-jpg-1280x800-1-150x94.webp 150w, http:\/\/yenisite.online\/wp-content\/uploads\/2026\/01\/HORSE-4-jpg-1280x800-1.webp 1280w\" data-image-id=\"3\"><\/div>\n\t\t\t\t\t\t\t<div class=\"wd-product-grid-slide\" data-image-url=\"http:\/\/yenisite.online\/wp-content\/uploads\/2026\/01\/HORSE-5-1280x800-1-1024x640.webp\" data-image-srcset=\"http:\/\/yenisite.online\/wp-content\/uploads\/2026\/01\/HORSE-5-1280x800-1-1024x640.webp 1024w, http:\/\/yenisite.online\/wp-content\/uploads\/2026\/01\/HORSE-5-1280x800-1-300x188.webp 300w, http:\/\/yenisite.online\/wp-content\/uploads\/2026\/01\/HORSE-5-1280x800-1-768x480.webp 768w, http:\/\/yenisite.online\/wp-content\/uploads\/2026\/01\/HORSE-5-1280x800-1-1200x750.webp 1200w, http:\/\/yenisite.online\/wp-content\/uploads\/2026\/01\/HORSE-5-1280x800-1-150x94.webp 150w, http:\/\/yenisite.online\/wp-content\/uploads\/2026\/01\/HORSE-5-1280x800-1.webp 1280w\" data-image-id=\"4\"><\/div>\n\t\t\t\t\t<\/div>\n\n\t\t\t\t\t<div class=\"wd-product-grid-slider-nav wd-fill wd-hide-md\">\n\t\t\t\t<div class=\"wd-prev\"><\/div>\n\t\t\t\t<div class=\"wd-next\"><\/div>\n\t\t\t<\/div>\n\t\t\n\t\t\t\t\t\t\t\t\t<img loading=\"lazy\" decoding=\"async\" width=\"1024\" height=\"640\" src=\"http:\/\/yenisite.online\/wp-content\/uploads\/2026\/01\/HORSE-1-1280x800-1-1024x640.webp\" class=\"attachment-large size-large\" alt=\"\" srcset=\"http:\/\/yenisite.online\/wp-content\/uploads\/2026\/01\/HORSE-1-1280x800-1-1024x640.webp 1024w, http:\/\/yenisite.online\/wp-content\/uploads\/2026\/01\/HORSE-1-1280x800-1-300x188.webp 300w, http:\/\/yenisite.online\/wp-content\/uploads\/2026\/01\/HORSE-1-1280x800-1-768x480.webp 768w, http:\/\/yenisite.online\/wp-content\/uploads\/2026\/01\/HORSE-1-1280x800-1-1200x750.webp 1200w, http:\/\/yenisite.online\/wp-content\/uploads\/2026\/01\/HORSE-1-1280x800-1-150x94.webp 150w, http:\/\/yenisite.online\/wp-content\/uploads\/2026\/01\/HORSE-1-1280x800-1.webp 1280w\" sizes=\"auto, (max-width: 1024px) 100vw, 1024px\" \/>\t\t<\/a>\n\n\t\t\n\t\t<div class=\"wd-buttons wd-pos-r-t\">\n\t\t\t\t\t\t<div class=\"wd-wishlist-btn wd-action-btn wd-style-icon wd-wishlist-icon\">\n\t\t\t\t<a class=\"\" href=\"http:\/\/yenisite.online\/index.php\/wishlist\/\" data-key=\"90401da02d\" data-product-id=\"10418\" rel=\"nofollow\" data-added-text=\"Browse wishlist\">\n\t\t\t\t\t<span class=\"wd-added-icon\"><\/span>\n\t\t\t\t\t<span class=\"wd-action-text\">\u0130stek listesine ekle<\/span>\n\t\t\t\t<\/a>\n\t\t\t<\/div>\n\t\t\t\t<\/div>\n\t<\/div>\n\n\t<div class=\"product-element-bottom\">\n\n\t\t<div class=\"wd-product-header\">\n\t\t\t<h3 class=\"wd-entities-title\"><a href=\"http:\/\/yenisite.online\/index.php\/urun\/horse-makam-takimi\/\">Horse Makam Tak\u0131m\u0131<\/a><\/h3>\n\t\t\t\t\t<\/div>\n\n\t\t\n\t\t\t\t<div class=\"wd-product-cats\">\n\t\t\t<a href=\"http:\/\/yenisite.online\/index.php\/urun-kategori\/makam-takimlari\/\" rel=\"tag\">Makam Tak\u0131mlar\u0131<\/a>\t\t<\/div>\n\t\t\n\t\t\n\t\t<div class=\"wrap-price\">\n\t\t\t\n\n\t\t\t\t\t<\/div>\n\n\t\t\n\t\t\n\t\t\n\t\t\n\t\t<div class=\"wd-product-footer\">\n\t\t\t<div class=\"wd-add-btn wd-add-btn-replace\">\n\t\t\t\t<a href=\"http:\/\/yenisite.online\/index.php\/urun\/horse-makam-takimi\/\" aria-describedby=\"woocommerce_loop_add_to_cart_link_describedby_10418\" data-quantity=\"1\" class=\"button product_type_simple add-to-cart-loop\" data-product_id=\"10418\" data-product_sku=\"horse-makam-takimi\" aria-label=\"&ldquo;Horse Makam Tak\u0131m\u0131&rdquo; hakk\u0131nda daha fazla bilgi edinin\" rel=\"nofollow\" data-success_message=\"\"><span>Devam\u0131n\u0131 oku<\/span><\/a>\t<span id=\"woocommerce_loop_add_to_cart_link_describedby_10418\" class=\"screen-reader-text\">\n\t\t\t<\/span>\n\t\t\t<\/div>\n\n\t\t\t\t\t\t<div class=\"wd-action-buttons\">\n\t\t\t\t\t\t<div class=\"wd-compare-btn product-compare-button wd-action-btn wd-style-icon wd-compare-icon wd-tooltip\">\n\t\t\t<a href=\"http:\/\/yenisite.online\/index.php\/compare\/\" data-id=\"10418\" rel=\"nofollow\" data-added-text=\"\u00dcr\u00fcnleri kar\u015f\u0131la\u015ft\u0131r\">\n\t\t\t\t<span class=\"wd-added-icon\"><\/span>\n\t\t\t\t<span class=\"wd-action-text\">Add to compare<\/span>\n\t\t\t<\/a>\n\t\t<\/div>\n\t\t\t\t\t\t\t\t<div class=\"quick-view wd-action-btn wd-style-icon wd-quick-view-icon wd-tooltip\">\n\t\t\t<a\n\t\t\t\thref=\"http:\/\/yenisite.online\/index.php\/urun\/horse-makam-takimi\/\"\n\t\t\t\tclass=\"open-quick-view quick-view-button\"\n\t\t\t\trel=\"nofollow\"\n\t\t\t\tdata-id=\"10418\"\n\t\t\t\t>H\u0131zl\u0131 Bak<\/a>\n\t\t<\/div>\n\t\t\t\t\t<\/div>\n\t\t\t\t\t<\/div>\n\t<\/div>\n<\/div>\n<\/div>\n\t\t\n\t\t\t\t<\/div>\n\t\n\t\t\n\t\t\n\t\t\t\t\t<\/div>\n\t\t\n\t\t\t\t\t\t<\/div>\n\t\t\t\t<\/div>\n\t\t\t\t<\/div>\n\t\t\t\t\t<\/div>\n\t\t\t\t<\/div>\n\t\t\t\t<\/div>\n\t\t","protected":false},"excerpt":{"rendered":"<div class=\"woocommerce-product-details__short-description\">\n<div class=\"woocommerce-product-details__short-description\">\n<div class=\"woocommerce-product-details__short-description\">\n<div class=\"woocommerce-product-details__short-description\">\n<div class=\"woocommerce-product-details__short-description\">\n<p><strong>Nero Ofis\u2019in VIP Class Makam Tak\u0131m\u0131,<\/strong> \u015f\u0131k ve zarif bir klasik tasar\u0131ma sahiptir. Kaliteli malzemelerle \u00fcretilen bu tak\u0131m, zarif detaylar\u0131yla ofislerinize prestij kat\u0131yor. Klasik \u00e7izgileri ve estetik yap\u0131s\u0131yla dikkat \u00e7ekerken, geni\u015f \u00e7al\u0131\u015fma y\u00fczeyleri profesyonel bir atmosfer sunuyor. VIP Class Makam Tak\u0131m\u0131, i\u015f ya\u015fam\u0131nda ihtiya\u00e7 duyulan konforu ve fonksiyonelli\u011fi bir araya getirerek, ofis dekorasyonunuza zamans\u0131z bir \u015f\u0131kl\u0131k ekliyor. Klasik tarz\u0131 sevenler i\u00e7in m\u00fckemmel bir se\u00e7im olan bu tak\u0131m, uzun y\u0131llar boyunca g\u00f6z al\u0131c\u0131 bir g\u00f6r\u00fcn\u00fcm sunmay\u0131 vaat ediyor.<\/p>\n<\/div>\n<\/div>\n<\/div>\n<\/div>\n<\/div>\n","protected":false},"featured_media":10517,"comment_status":"closed","ping_status":"closed","template":"","meta":[],"product_brand":[],"product_cat":[25],"product_tag":[253],"class_list":{"0":"post-10516","1":"product","2":"type-product","3":"status-publish","4":"has-post-thumbnail","6":"product_cat-makam-takimlari","7":"product_tag-vip-class-makam-takimi","9":"first","10":"instock","11":"shipping-taxable","12":"product-type-simple"},"_links":{"self":[{"href":"http:\/\/yenisite.online\/index.php\/wp-json\/wp\/v2\/product\/10516","targetHints":{"allow":["GET"]}}],"collection":[{"href":"http:\/\/yenisite.online\/index.php\/wp-json\/wp\/v2\/product"}],"about":[{"href":"http:\/\/yenisite.online\/index.php\/wp-json\/wp\/v2\/types\/product"}],"replies":[{"embeddable":true,"href":"http:\/\/yenisite.online\/index.php\/wp-json\/wp\/v2\/comments?post=10516"}],"version-history":[{"count":4,"href":"http:\/\/yenisite.online\/index.php\/wp-json\/wp\/v2\/product\/10516\/revisions"}],"predecessor-version":[{"id":10539,"href":"http:\/\/yenisite.online\/index.php\/wp-json\/wp\/v2\/product\/10516\/revisions\/10539"}],"wp:featuredmedia":[{"embeddable":true,"href":"http:\/\/yenisite.online\/index.php\/wp-json\/wp\/v2\/media\/10517"}],"wp:attachment":[{"href":"http:\/\/yenisite.online\/index.php\/wp-json\/wp\/v2\/media?parent=10516"}],"wp:term":[{"taxonomy":"product_brand","embeddable":true,"href":"http:\/\/yenisite.online\/index.php\/wp-json\/wp\/v2\/product_brand?post=10516"},{"taxonomy":"product_cat","embeddable":true,"href":"http:\/\/yenisite.online\/index.php\/wp-json\/wp\/v2\/product_cat?post=10516"},{"taxonomy":"product_tag","embeddable":true,"href":"http:\/\/yenisite.online\/index.php\/wp-json\/wp\/v2\/product_tag?post=10516"}],"curies":[{"name":"wp","href":"https:\/\/api.w.org\/{rel}","templated":true}]}}