{"id":10657,"date":"2026-01-15T19:36:43","date_gmt":"2026-01-15T19:36:43","guid":{"rendered":"http:\/\/yenisite.online\/?post_type=product&#038;p=10657"},"modified":"2026-01-17T06:32:05","modified_gmt":"2026-01-17T06:32:05","slug":"flat-workstation","status":"publish","type":"product","link":"http:\/\/yenisite.online\/index.php\/urun\/flat-workstation\/","title":{"rendered":"Flat Workstation"},"content":{"rendered":"\t\t<div data-elementor-type=\"wp-post\" data-elementor-id=\"10657\" class=\"elementor elementor-10657\">\n\t\t\t\t<div class=\"wd-negative-gap elementor-element elementor-element-8a6a3ec e-flex e-con-boxed e-con e-parent\" data-id=\"8a6a3ec\" data-element_type=\"container\" data-e-type=\"container\">\n\t\t\t\t\t<div class=\"e-con-inner\">\n\t\t<div class=\"elementor-element elementor-element-4eec225 e-con-full e-flex e-con e-child\" data-id=\"4eec225\" data-element_type=\"container\" data-e-type=\"container\">\n\t\t\t\t<div class=\"elementor-element elementor-element-63f9dc5 wd-width-100 elementor-widget elementor-widget-wd_products\" data-id=\"63f9dc5\" data-element_type=\"widget\" data-e-type=\"widget\" data-widget_type=\"wd_products.default\">\n\t\t\t\t<div class=\"elementor-widget-container\">\n\t\t\t\t\t\t\t\t\t\t<div class=\"wd-products-element\">\n\n\t\t\t\n\t\t\t\n\t\t\t\n\t\t\t\n\t\t\t<div class=\"products wd-products grid-columns-1 elements-grid wd-grid-g wd-stretch-cont-lg wd-stretch-cont-md wd-stretch-cont-sm\" data-paged=\"1\" data-atts=\"{&quot;speed&quot;:null,&quot;slides_per_view&quot;:null,&quot;wrap&quot;:null,&quot;autoplay&quot;:null,&quot;autoheight&quot;:null,&quot;hide_pagination_control&quot;:null,&quot;dynamic_pagination_control&quot;:null,&quot;hide_prev_next_buttons&quot;:null,&quot;carousel_arrows_position&quot;:null,&quot;hide_scrollbar&quot;:null,&quot;scroll_per_page&quot;:null,&quot;center_mode&quot;:null,&quot;spacing&quot;:&quot;&quot;,&quot;carousel_sync&quot;:null,&quot;sync_parent_id&quot;:null,&quot;sync_child_id&quot;:null,&quot;scroll_carousel_init&quot;:null,&quot;disable_overflow_carousel&quot;:null,&quot;include&quot;:null,&quot;taxonomies&quot;:[&quot;265&quot;],&quot;meta_key&quot;:null,&quot;shop_tools&quot;:null,&quot;ajax_recently_viewed&quot;:null,&quot;pagination_arrows_position&quot;:null,&quot;items_per_page&quot;:1,&quot;columns&quot;:{&quot;unit&quot;:&quot;px&quot;,&quot;size&quot;:1,&quot;sizes&quot;:[]},&quot;products_masonry&quot;:&quot;&quot;,&quot;products_different_sizes&quot;:&quot;&quot;,&quot;product_quantity&quot;:&quot;&quot;,&quot;sale_countdown&quot;:&quot;0&quot;,&quot;stretch_product&quot;:null,&quot;stock_progress_bar&quot;:&quot;0&quot;,&quot;highlighted_products&quot;:&quot;0&quot;,&quot;products_divider&quot;:null,&quot;products_bordered_grid&quot;:&quot;0&quot;,&quot;products_bordered_grid_style&quot;:null,&quot;products_with_background&quot;:&quot;0&quot;,&quot;products_shadow&quot;:&quot;0&quot;,&quot;img_size&quot;:&quot;large&quot;,&quot;img_size_custom&quot;:null,&quot;grid_gallery_control&quot;:null,&quot;grid_gallery_enable_arrows&quot;:null,&quot;elementor&quot;:true,&quot;force_not_ajax&quot;:&quot;no&quot;}\" data-source=\"shortcode\" data-columns=\"1\" data-grid-gallery=\"{&quot;grid_gallery&quot;:&quot;1&quot;,&quot;grid_gallery_control&quot;:&quot;arrows&quot;,&quot;grid_gallery_enable_arrows&quot;:&quot;none&quot;}\" style=\"--wd-col-lg:1;--wd-col-md:1;--wd-col-sm:1;--wd-gap-lg:30px;--wd-gap-md:20px;--wd-gap-sm:10px;\">\n\t\t\n\t\t\t\t\t\t\t\t<div class=\"wd-product wd-hover-buttons-on-hover wd-col product-grid-item product type-product post-10662 status-publish instock product_cat-workstation product_tag-iron-workstation has-post-thumbnail shipping-taxable product-type-simple\" data-loop=\"1\" data-id=\"10662\">\n\t\t\t\t\n\t\n<div class=\"product-wrapper\">\n\t<div class=\"product-element-top wd-quick-shop\">\n\t\t<a href=\"http:\/\/yenisite.online\/index.php\/urun\/iron-workstation\/\" class=\"product-image-link\" tabindex=\"-1\" aria-label=\"Iron Workstation\">\n\t\t\t\t\t<div class=\"wd-product-grid-slider wd-fill\">\n\t\t\t\t\t\t\t<div class=\"wd-product-grid-slide\" data-image-url=\"http:\/\/yenisite.online\/wp-content\/uploads\/2026\/01\/iron-walkstation-01.webp\" data-image-srcset=\"http:\/\/yenisite.online\/wp-content\/uploads\/2026\/01\/iron-walkstation-01.webp 700w, http:\/\/yenisite.online\/wp-content\/uploads\/2026\/01\/iron-walkstation-01-263x300.webp 263w, http:\/\/yenisite.online\/wp-content\/uploads\/2026\/01\/iron-walkstation-01-150x171.webp 150w, http:\/\/yenisite.online\/wp-content\/uploads\/2026\/01\/iron-walkstation-01-400x457.webp 400w\" data-image-id=\"0\"><\/div>\n\t\t\t\t\t\t\t<div class=\"wd-product-grid-slide\" data-image-url=\"http:\/\/yenisite.online\/wp-content\/uploads\/2026\/01\/iron-walkstation-03.webp\" data-image-srcset=\"http:\/\/yenisite.online\/wp-content\/uploads\/2026\/01\/iron-walkstation-03.webp 700w, http:\/\/yenisite.online\/wp-content\/uploads\/2026\/01\/iron-walkstation-03-263x300.webp 263w, http:\/\/yenisite.online\/wp-content\/uploads\/2026\/01\/iron-walkstation-03-150x171.webp 150w, http:\/\/yenisite.online\/wp-content\/uploads\/2026\/01\/iron-walkstation-03-400x457.webp 400w\" data-image-id=\"1\"><\/div>\n\t\t\t\t\t\t\t<div class=\"wd-product-grid-slide\" data-image-url=\"http:\/\/yenisite.online\/wp-content\/uploads\/2026\/01\/iron-walkstation-02.webp\" data-image-srcset=\"http:\/\/yenisite.online\/wp-content\/uploads\/2026\/01\/iron-walkstation-02.webp 700w, http:\/\/yenisite.online\/wp-content\/uploads\/2026\/01\/iron-walkstation-02-263x300.webp 263w, http:\/\/yenisite.online\/wp-content\/uploads\/2026\/01\/iron-walkstation-02-150x171.webp 150w, http:\/\/yenisite.online\/wp-content\/uploads\/2026\/01\/iron-walkstation-02-400x457.webp 400w\" data-image-id=\"2\"><\/div>\n\t\t\t\t\t\t\t<div class=\"wd-product-grid-slide\" data-image-url=\"http:\/\/yenisite.online\/wp-content\/uploads\/2026\/01\/iron-walkstation-04.webp\" data-image-srcset=\"http:\/\/yenisite.online\/wp-content\/uploads\/2026\/01\/iron-walkstation-04.webp 700w, http:\/\/yenisite.online\/wp-content\/uploads\/2026\/01\/iron-walkstation-04-263x300.webp 263w, http:\/\/yenisite.online\/wp-content\/uploads\/2026\/01\/iron-walkstation-04-150x171.webp 150w, http:\/\/yenisite.online\/wp-content\/uploads\/2026\/01\/iron-walkstation-04-400x457.webp 400w\" data-image-id=\"3\"><\/div>\n\t\t\t\t\t<\/div>\n\n\t\t\t\t\t<div class=\"wd-product-grid-slider-nav wd-fill wd-hide-md\">\n\t\t\t\t<div class=\"wd-prev\"><\/div>\n\t\t\t\t<div class=\"wd-next\"><\/div>\n\t\t\t<\/div>\n\t\t\n\t\t\t\t\t\t\t\t\t<img loading=\"lazy\" decoding=\"async\" width=\"700\" height=\"800\" src=\"http:\/\/yenisite.online\/wp-content\/uploads\/2026\/01\/iron-walkstation-01.webp\" class=\"attachment-large size-large\" alt=\"\" srcset=\"http:\/\/yenisite.online\/wp-content\/uploads\/2026\/01\/iron-walkstation-01.webp 700w, http:\/\/yenisite.online\/wp-content\/uploads\/2026\/01\/iron-walkstation-01-263x300.webp 263w, http:\/\/yenisite.online\/wp-content\/uploads\/2026\/01\/iron-walkstation-01-150x171.webp 150w, http:\/\/yenisite.online\/wp-content\/uploads\/2026\/01\/iron-walkstation-01-400x457.webp 400w\" sizes=\"auto, (max-width: 700px) 100vw, 700px\" \/>\t\t<\/a>\n\n\t\t\n\t\t<div class=\"wd-buttons wd-pos-r-t\">\n\t\t\t\t\t\t<div class=\"wd-wishlist-btn wd-action-btn wd-style-icon wd-wishlist-icon\">\n\t\t\t\t<a class=\"\" href=\"http:\/\/yenisite.online\/index.php\/wishlist\/\" data-key=\"90401da02d\" data-product-id=\"10662\" rel=\"nofollow\" data-added-text=\"Browse wishlist\">\n\t\t\t\t\t<span class=\"wd-added-icon\"><\/span>\n\t\t\t\t\t<span class=\"wd-action-text\">\u0130stek listesine ekle<\/span>\n\t\t\t\t<\/a>\n\t\t\t<\/div>\n\t\t\t\t<\/div>\n\t<\/div>\n\n\t<div class=\"product-element-bottom\">\n\n\t\t<div class=\"wd-product-header\">\n\t\t\t<h3 class=\"wd-entities-title\"><a href=\"http:\/\/yenisite.online\/index.php\/urun\/iron-workstation\/\">Iron Workstation<\/a><\/h3>\n\t\t\t\t\t<\/div>\n\n\t\t\n\t\t\t\t<div class=\"wd-product-cats\">\n\t\t\t<a href=\"http:\/\/yenisite.online\/index.php\/urun-kategori\/workstation\/\" rel=\"tag\">Workstation<\/a>\t\t<\/div>\n\t\t\n\t\t\n\t\t<div class=\"wrap-price\">\n\t\t\t\n\n\t\t\t\t\t<\/div>\n\n\t\t\n\t\t\n\t\t\n\t\t\n\t\t<div class=\"wd-product-footer\">\n\t\t\t<div class=\"wd-add-btn wd-add-btn-replace\">\n\t\t\t\t<a href=\"http:\/\/yenisite.online\/index.php\/urun\/iron-workstation\/\" aria-describedby=\"woocommerce_loop_add_to_cart_link_describedby_10662\" data-quantity=\"1\" class=\"button product_type_simple add-to-cart-loop\" data-product_id=\"10662\" data-product_sku=\"iron-workstation-1\" aria-label=\"&ldquo;Iron Workstation&rdquo; hakk\u0131nda daha fazla bilgi edinin\" rel=\"nofollow\" data-success_message=\"\"><span>Devam\u0131n\u0131 oku<\/span><\/a>\t<span id=\"woocommerce_loop_add_to_cart_link_describedby_10662\" class=\"screen-reader-text\">\n\t\t\t<\/span>\n\t\t\t<\/div>\n\n\t\t\t\t\t\t<div class=\"wd-action-buttons\">\n\t\t\t\t\t\t<div class=\"wd-compare-btn product-compare-button wd-action-btn wd-style-icon wd-compare-icon wd-tooltip\">\n\t\t\t<a href=\"http:\/\/yenisite.online\/index.php\/compare\/\" data-id=\"10662\" rel=\"nofollow\" data-added-text=\"\u00dcr\u00fcnleri kar\u015f\u0131la\u015ft\u0131r\">\n\t\t\t\t<span class=\"wd-added-icon\"><\/span>\n\t\t\t\t<span class=\"wd-action-text\">Add to compare<\/span>\n\t\t\t<\/a>\n\t\t<\/div>\n\t\t\t\t\t\t\t\t<div class=\"quick-view wd-action-btn wd-style-icon wd-quick-view-icon wd-tooltip\">\n\t\t\t<a\n\t\t\t\thref=\"http:\/\/yenisite.online\/index.php\/urun\/iron-workstation\/\"\n\t\t\t\tclass=\"open-quick-view quick-view-button\"\n\t\t\t\trel=\"nofollow\"\n\t\t\t\tdata-id=\"10662\"\n\t\t\t\t>H\u0131zl\u0131 Bak<\/a>\n\t\t<\/div>\n\t\t\t\t\t<\/div>\n\t\t\t\t\t<\/div>\n\t<\/div>\n<\/div>\n<\/div>\n\t\t\n\t\t\t\t<\/div>\n\t\n\t\t\n\t\t\n\t\t\t\t\t<\/div>\n\t\t\n\t\t\t\t\t\t<\/div>\n\t\t\t\t<\/div>\n\t\t\t\t<\/div>\n\t\t<div class=\"elementor-element elementor-element-924d1e9 e-con-full e-flex e-con e-child\" data-id=\"924d1e9\" data-element_type=\"container\" data-e-type=\"container\">\n\t\t\t\t<div class=\"elementor-element elementor-element-8def44c wd-width-100 elementor-widget elementor-widget-wd_products\" data-id=\"8def44c\" data-element_type=\"widget\" data-e-type=\"widget\" data-widget_type=\"wd_products.default\">\n\t\t\t\t<div class=\"elementor-widget-container\">\n\t\t\t\t\t\t\t\t\t\t<div class=\"wd-products-element\">\n\n\t\t\t\n\t\t\t\n\t\t\t\n\t\t\t\n\t\t\t<div class=\"products wd-products grid-columns-1 elements-grid wd-grid-g wd-stretch-cont-lg wd-stretch-cont-md wd-stretch-cont-sm\" data-paged=\"1\" data-atts=\"{&quot;speed&quot;:null,&quot;slides_per_view&quot;:null,&quot;wrap&quot;:null,&quot;autoplay&quot;:null,&quot;autoheight&quot;:null,&quot;hide_pagination_control&quot;:null,&quot;dynamic_pagination_control&quot;:null,&quot;hide_prev_next_buttons&quot;:null,&quot;carousel_arrows_position&quot;:null,&quot;hide_scrollbar&quot;:null,&quot;scroll_per_page&quot;:null,&quot;center_mode&quot;:null,&quot;spacing&quot;:&quot;&quot;,&quot;carousel_sync&quot;:null,&quot;sync_parent_id&quot;:null,&quot;sync_child_id&quot;:null,&quot;scroll_carousel_init&quot;:null,&quot;disable_overflow_carousel&quot;:null,&quot;include&quot;:null,&quot;taxonomies&quot;:[&quot;268&quot;],&quot;meta_key&quot;:null,&quot;shop_tools&quot;:null,&quot;ajax_recently_viewed&quot;:null,&quot;pagination_arrows_position&quot;:null,&quot;items_per_page&quot;:1,&quot;columns&quot;:{&quot;unit&quot;:&quot;px&quot;,&quot;size&quot;:1,&quot;sizes&quot;:[]},&quot;products_masonry&quot;:&quot;&quot;,&quot;products_different_sizes&quot;:&quot;&quot;,&quot;product_quantity&quot;:&quot;&quot;,&quot;sale_countdown&quot;:&quot;0&quot;,&quot;stretch_product&quot;:null,&quot;stock_progress_bar&quot;:&quot;0&quot;,&quot;highlighted_products&quot;:&quot;0&quot;,&quot;products_divider&quot;:null,&quot;products_bordered_grid&quot;:&quot;0&quot;,&quot;products_bordered_grid_style&quot;:null,&quot;products_with_background&quot;:&quot;0&quot;,&quot;products_shadow&quot;:&quot;0&quot;,&quot;img_size&quot;:&quot;large&quot;,&quot;img_size_custom&quot;:null,&quot;grid_gallery_control&quot;:null,&quot;grid_gallery_enable_arrows&quot;:null,&quot;elementor&quot;:true,&quot;force_not_ajax&quot;:&quot;no&quot;}\" data-source=\"shortcode\" data-columns=\"1\" data-grid-gallery=\"{&quot;grid_gallery&quot;:&quot;1&quot;,&quot;grid_gallery_control&quot;:&quot;arrows&quot;,&quot;grid_gallery_enable_arrows&quot;:&quot;none&quot;}\" style=\"--wd-col-lg:1;--wd-col-md:1;--wd-col-sm:1;--wd-gap-lg:30px;--wd-gap-md:20px;--wd-gap-sm:10px;\">\n\t\t\n\t\t\t\t\t\t\t\t<div class=\"wd-product wd-hover-buttons-on-hover wd-col product-grid-item product type-product post-10686 status-publish instock product_cat-workstation product_tag-titan-workstation has-post-thumbnail shipping-taxable product-type-simple\" data-loop=\"1\" data-id=\"10686\">\n\t\t\t\t\n\t\n<div class=\"product-wrapper\">\n\t<div class=\"product-element-top wd-quick-shop\">\n\t\t<a href=\"http:\/\/yenisite.online\/index.php\/urun\/titan-workstation\/\" class=\"product-image-link\" tabindex=\"-1\" aria-label=\"Titan Workstation\">\n\t\t\t\t\t<div class=\"wd-product-grid-slider wd-fill\">\n\t\t\t\t\t\t\t<div class=\"wd-product-grid-slide\" data-image-url=\"http:\/\/yenisite.online\/wp-content\/uploads\/2026\/01\/titan-workstation-07.webp\" data-image-srcset=\"http:\/\/yenisite.online\/wp-content\/uploads\/2026\/01\/titan-workstation-07.webp 700w, http:\/\/yenisite.online\/wp-content\/uploads\/2026\/01\/titan-workstation-07-263x300.webp 263w, http:\/\/yenisite.online\/wp-content\/uploads\/2026\/01\/titan-workstation-07-150x171.webp 150w, http:\/\/yenisite.online\/wp-content\/uploads\/2026\/01\/titan-workstation-07-400x457.webp 400w\" data-image-id=\"0\"><\/div>\n\t\t\t\t\t\t\t<div class=\"wd-product-grid-slide\" data-image-url=\"http:\/\/yenisite.online\/wp-content\/uploads\/2026\/01\/titan-workstation-05.webp\" data-image-srcset=\"http:\/\/yenisite.online\/wp-content\/uploads\/2026\/01\/titan-workstation-05.webp 700w, http:\/\/yenisite.online\/wp-content\/uploads\/2026\/01\/titan-workstation-05-263x300.webp 263w, http:\/\/yenisite.online\/wp-content\/uploads\/2026\/01\/titan-workstation-05-150x171.webp 150w, http:\/\/yenisite.online\/wp-content\/uploads\/2026\/01\/titan-workstation-05-400x457.webp 400w\" data-image-id=\"1\"><\/div>\n\t\t\t\t\t\t\t<div class=\"wd-product-grid-slide\" data-image-url=\"http:\/\/yenisite.online\/wp-content\/uploads\/2026\/01\/titan-workstation-08.webp\" data-image-srcset=\"http:\/\/yenisite.online\/wp-content\/uploads\/2026\/01\/titan-workstation-08.webp 700w, http:\/\/yenisite.online\/wp-content\/uploads\/2026\/01\/titan-workstation-08-263x300.webp 263w, http:\/\/yenisite.online\/wp-content\/uploads\/2026\/01\/titan-workstation-08-150x171.webp 150w, http:\/\/yenisite.online\/wp-content\/uploads\/2026\/01\/titan-workstation-08-400x457.webp 400w\" data-image-id=\"2\"><\/div>\n\t\t\t\t\t\t\t<div class=\"wd-product-grid-slide\" data-image-url=\"http:\/\/yenisite.online\/wp-content\/uploads\/2026\/01\/titan-workstation-06.webp\" data-image-srcset=\"http:\/\/yenisite.online\/wp-content\/uploads\/2026\/01\/titan-workstation-06.webp 700w, http:\/\/yenisite.online\/wp-content\/uploads\/2026\/01\/titan-workstation-06-263x300.webp 263w, http:\/\/yenisite.online\/wp-content\/uploads\/2026\/01\/titan-workstation-06-150x171.webp 150w, http:\/\/yenisite.online\/wp-content\/uploads\/2026\/01\/titan-workstation-06-400x457.webp 400w\" data-image-id=\"3\"><\/div>\n\t\t\t\t\t\t\t<div class=\"wd-product-grid-slide\" data-image-url=\"http:\/\/yenisite.online\/wp-content\/uploads\/2026\/01\/titan-workstation-04.webp\" data-image-srcset=\"http:\/\/yenisite.online\/wp-content\/uploads\/2026\/01\/titan-workstation-04.webp 700w, http:\/\/yenisite.online\/wp-content\/uploads\/2026\/01\/titan-workstation-04-263x300.webp 263w, http:\/\/yenisite.online\/wp-content\/uploads\/2026\/01\/titan-workstation-04-150x171.webp 150w, http:\/\/yenisite.online\/wp-content\/uploads\/2026\/01\/titan-workstation-04-400x457.webp 400w\" data-image-id=\"4\"><\/div>\n\t\t\t\t\t\t\t<div class=\"wd-product-grid-slide\" data-image-url=\"http:\/\/yenisite.online\/wp-content\/uploads\/2026\/01\/titan-workstation-03.webp\" data-image-srcset=\"http:\/\/yenisite.online\/wp-content\/uploads\/2026\/01\/titan-workstation-03.webp 700w, http:\/\/yenisite.online\/wp-content\/uploads\/2026\/01\/titan-workstation-03-263x300.webp 263w, http:\/\/yenisite.online\/wp-content\/uploads\/2026\/01\/titan-workstation-03-150x171.webp 150w, http:\/\/yenisite.online\/wp-content\/uploads\/2026\/01\/titan-workstation-03-400x457.webp 400w\" data-image-id=\"5\"><\/div>\n\t\t\t\t\t\t\t<div class=\"wd-product-grid-slide\" data-image-url=\"http:\/\/yenisite.online\/wp-content\/uploads\/2026\/01\/titan-workstation-02.webp\" data-image-srcset=\"http:\/\/yenisite.online\/wp-content\/uploads\/2026\/01\/titan-workstation-02.webp 700w, http:\/\/yenisite.online\/wp-content\/uploads\/2026\/01\/titan-workstation-02-263x300.webp 263w, http:\/\/yenisite.online\/wp-content\/uploads\/2026\/01\/titan-workstation-02-150x171.webp 150w, http:\/\/yenisite.online\/wp-content\/uploads\/2026\/01\/titan-workstation-02-400x457.webp 400w\" data-image-id=\"6\"><\/div>\n\t\t\t\t\t\t\t<div class=\"wd-product-grid-slide\" data-image-url=\"http:\/\/yenisite.online\/wp-content\/uploads\/2026\/01\/titan-workstation-01.webp\" data-image-srcset=\"http:\/\/yenisite.online\/wp-content\/uploads\/2026\/01\/titan-workstation-01.webp 700w, http:\/\/yenisite.online\/wp-content\/uploads\/2026\/01\/titan-workstation-01-263x300.webp 263w, http:\/\/yenisite.online\/wp-content\/uploads\/2026\/01\/titan-workstation-01-150x171.webp 150w, http:\/\/yenisite.online\/wp-content\/uploads\/2026\/01\/titan-workstation-01-400x457.webp 400w\" data-image-id=\"7\"><\/div>\n\t\t\t\t\t<\/div>\n\n\t\t\t\t\t<div class=\"wd-product-grid-slider-nav wd-fill wd-hide-md\">\n\t\t\t\t<div class=\"wd-prev\"><\/div>\n\t\t\t\t<div class=\"wd-next\"><\/div>\n\t\t\t<\/div>\n\t\t\n\t\t\t\t\t\t\t\t\t<img loading=\"lazy\" decoding=\"async\" width=\"700\" height=\"800\" src=\"http:\/\/yenisite.online\/wp-content\/uploads\/2026\/01\/titan-workstation-07.webp\" class=\"attachment-large size-large\" alt=\"\" srcset=\"http:\/\/yenisite.online\/wp-content\/uploads\/2026\/01\/titan-workstation-07.webp 700w, http:\/\/yenisite.online\/wp-content\/uploads\/2026\/01\/titan-workstation-07-263x300.webp 263w, http:\/\/yenisite.online\/wp-content\/uploads\/2026\/01\/titan-workstation-07-150x171.webp 150w, http:\/\/yenisite.online\/wp-content\/uploads\/2026\/01\/titan-workstation-07-400x457.webp 400w\" sizes=\"auto, (max-width: 700px) 100vw, 700px\" \/>\t\t<\/a>\n\n\t\t\n\t\t<div class=\"wd-buttons wd-pos-r-t\">\n\t\t\t\t\t\t<div class=\"wd-wishlist-btn wd-action-btn wd-style-icon wd-wishlist-icon\">\n\t\t\t\t<a class=\"\" href=\"http:\/\/yenisite.online\/index.php\/wishlist\/\" data-key=\"90401da02d\" data-product-id=\"10686\" rel=\"nofollow\" data-added-text=\"Browse wishlist\">\n\t\t\t\t\t<span class=\"wd-added-icon\"><\/span>\n\t\t\t\t\t<span class=\"wd-action-text\">\u0130stek listesine ekle<\/span>\n\t\t\t\t<\/a>\n\t\t\t<\/div>\n\t\t\t\t<\/div>\n\t<\/div>\n\n\t<div class=\"product-element-bottom\">\n\n\t\t<div class=\"wd-product-header\">\n\t\t\t<h3 class=\"wd-entities-title\"><a href=\"http:\/\/yenisite.online\/index.php\/urun\/titan-workstation\/\">Titan Workstation<\/a><\/h3>\n\t\t\t\t\t<\/div>\n\n\t\t\n\t\t\t\t<div class=\"wd-product-cats\">\n\t\t\t<a href=\"http:\/\/yenisite.online\/index.php\/urun-kategori\/workstation\/\" rel=\"tag\">Workstation<\/a>\t\t<\/div>\n\t\t\n\t\t\n\t\t<div class=\"wrap-price\">\n\t\t\t\n\n\t\t\t\t\t<\/div>\n\n\t\t\n\t\t\n\t\t\n\t\t\n\t\t<div class=\"wd-product-footer\">\n\t\t\t<div class=\"wd-add-btn wd-add-btn-replace\">\n\t\t\t\t<a href=\"http:\/\/yenisite.online\/index.php\/urun\/titan-workstation\/\" aria-describedby=\"woocommerce_loop_add_to_cart_link_describedby_10686\" data-quantity=\"1\" class=\"button product_type_simple add-to-cart-loop\" data-product_id=\"10686\" data-product_sku=\"titan-workstation\" aria-label=\"&ldquo;Titan Workstation&rdquo; hakk\u0131nda daha fazla bilgi edinin\" rel=\"nofollow\" data-success_message=\"\"><span>Devam\u0131n\u0131 oku<\/span><\/a>\t<span id=\"woocommerce_loop_add_to_cart_link_describedby_10686\" class=\"screen-reader-text\">\n\t\t\t<\/span>\n\t\t\t<\/div>\n\n\t\t\t\t\t\t<div class=\"wd-action-buttons\">\n\t\t\t\t\t\t<div class=\"wd-compare-btn product-compare-button wd-action-btn wd-style-icon wd-compare-icon wd-tooltip\">\n\t\t\t<a href=\"http:\/\/yenisite.online\/index.php\/compare\/\" data-id=\"10686\" rel=\"nofollow\" data-added-text=\"\u00dcr\u00fcnleri kar\u015f\u0131la\u015ft\u0131r\">\n\t\t\t\t<span class=\"wd-added-icon\"><\/span>\n\t\t\t\t<span class=\"wd-action-text\">Add to compare<\/span>\n\t\t\t<\/a>\n\t\t<\/div>\n\t\t\t\t\t\t\t\t<div class=\"quick-view wd-action-btn wd-style-icon wd-quick-view-icon wd-tooltip\">\n\t\t\t<a\n\t\t\t\thref=\"http:\/\/yenisite.online\/index.php\/urun\/titan-workstation\/\"\n\t\t\t\tclass=\"open-quick-view quick-view-button\"\n\t\t\t\trel=\"nofollow\"\n\t\t\t\tdata-id=\"10686\"\n\t\t\t\t>H\u0131zl\u0131 Bak<\/a>\n\t\t<\/div>\n\t\t\t\t\t<\/div>\n\t\t\t\t\t<\/div>\n\t<\/div>\n<\/div>\n<\/div>\n\t\t\n\t\t\t\t<\/div>\n\t\n\t\t\n\t\t\n\t\t\t\t\t<\/div>\n\t\t\n\t\t\t\t\t\t<\/div>\n\t\t\t\t<\/div>\n\t\t\t\t<\/div>\n\t\t\t\t\t<\/div>\n\t\t\t\t<\/div>\n\t\t\t\t<\/div>\n\t\t","protected":false},"excerpt":{"rendered":"<div class=\"woocommerce-product-details__short-description\">\n<p><strong>Flat Workstation: Modern ve Fonksiyonel \u00c7al\u0131\u015fma Alan\u0131<\/strong><\/p>\n<p>Flat Workstation, modern ofislerin ihtiya\u00e7lar\u0131na cevap veren estetik ve i\u015flevsel bir tasar\u0131ma sahiptir. Geni\u015f ve d\u00fcz \u00e7al\u0131\u015fma y\u00fczeyi, kullan\u0131c\u0131ya ferah bir alan sunarak \u00e7al\u0131\u015fma verimlili\u011fini art\u0131r\u0131r. Sade ve minimalist hatlar\u0131yla dikkat \u00e7eken bu workstation, ofisinize modern bir g\u00f6r\u00fcn\u00fcm kazand\u0131r\u0131r.<\/p>\n<p>Flat Workstation, g\u00fc\u00e7l\u00fc ve dayan\u0131kl\u0131 malzemelerden \u00fcretilmi\u015ftir, bu sayede uzun \u00f6m\u00fcrl\u00fc bir kullan\u0131m sunar. Ergonomik yap\u0131s\u0131 ile \u00e7al\u0131\u015fanlar\u0131n konforunu \u00f6n planda tutar, b\u00f6ylece uzun saatler s\u00fcren \u00e7al\u0131\u015fma d\u00f6nemlerinde rahatl\u0131k sa\u011flar. Modern ve d\u00fczenli bir ofis atmosferi yaratmak isteyenler i\u00e7in ideal bir se\u00e7im olan Flat Workstation, i\u015flevselli\u011fi ve \u015f\u0131kl\u0131\u011f\u0131 bir arada sunarak \u00e7al\u0131\u015fma alan\u0131n\u0131z\u0131 daha verimli hale getirir.<\/p>\n<\/div>\n","protected":false},"featured_media":10659,"comment_status":"closed","ping_status":"closed","template":"","meta":[],"product_brand":[],"product_cat":[26],"product_tag":[264],"class_list":{"0":"post-10657","1":"product","2":"type-product","3":"status-publish","4":"has-post-thumbnail","6":"product_cat-workstation","7":"product_tag-flat-workstation","9":"first","10":"instock","11":"shipping-taxable","12":"product-type-simple"},"_links":{"self":[{"href":"http:\/\/yenisite.online\/index.php\/wp-json\/wp\/v2\/product\/10657","targetHints":{"allow":["GET"]}}],"collection":[{"href":"http:\/\/yenisite.online\/index.php\/wp-json\/wp\/v2\/product"}],"about":[{"href":"http:\/\/yenisite.online\/index.php\/wp-json\/wp\/v2\/types\/product"}],"replies":[{"embeddable":true,"href":"http:\/\/yenisite.online\/index.php\/wp-json\/wp\/v2\/comments?post=10657"}],"version-history":[{"count":4,"href":"http:\/\/yenisite.online\/index.php\/wp-json\/wp\/v2\/product\/10657\/revisions"}],"predecessor-version":[{"id":10776,"href":"http:\/\/yenisite.online\/index.php\/wp-json\/wp\/v2\/product\/10657\/revisions\/10776"}],"wp:featuredmedia":[{"embeddable":true,"href":"http:\/\/yenisite.online\/index.php\/wp-json\/wp\/v2\/media\/10659"}],"wp:attachment":[{"href":"http:\/\/yenisite.online\/index.php\/wp-json\/wp\/v2\/media?parent=10657"}],"wp:term":[{"taxonomy":"product_brand","embeddable":true,"href":"http:\/\/yenisite.online\/index.php\/wp-json\/wp\/v2\/product_brand?post=10657"},{"taxonomy":"product_cat","embeddable":true,"href":"http:\/\/yenisite.online\/index.php\/wp-json\/wp\/v2\/product_cat?post=10657"},{"taxonomy":"product_tag","embeddable":true,"href":"http:\/\/yenisite.online\/index.php\/wp-json\/wp\/v2\/product_tag?post=10657"}],"curies":[{"name":"wp","href":"https:\/\/api.w.org\/{rel}","templated":true}]}}