{"id":11101,"date":"2026-01-21T19:25:54","date_gmt":"2026-01-21T19:25:54","guid":{"rendered":"http:\/\/yenisite.online\/?post_type=product&#038;p=11101"},"modified":"2026-01-25T19:09:03","modified_gmt":"2026-01-25T19:09:03","slug":"190lik-iki-kapakli-dolap","status":"publish","type":"product","link":"http:\/\/yenisite.online\/index.php\/urun\/190lik-iki-kapakli-dolap\/","title":{"rendered":"190\u2019l\u0131k \u0130ki Kapakl\u0131 Dolap"},"content":{"rendered":"\t\t<div data-elementor-type=\"wp-post\" data-elementor-id=\"11101\" class=\"elementor elementor-11101\">\n\t\t\t\t<div class=\"wd-negative-gap elementor-element elementor-element-8a6a3ec e-flex e-con-boxed e-con e-parent\" data-id=\"8a6a3ec\" data-element_type=\"container\" data-e-type=\"container\">\n\t\t\t\t\t<div class=\"e-con-inner\">\n\t\t<div class=\"elementor-element elementor-element-4eec225 e-con-full e-flex e-con e-child\" data-id=\"4eec225\" data-element_type=\"container\" data-e-type=\"container\">\n\t\t\t\t<div class=\"elementor-element elementor-element-63f9dc5 wd-width-100 elementor-widget elementor-widget-wd_products\" data-id=\"63f9dc5\" data-element_type=\"widget\" data-e-type=\"widget\" data-widget_type=\"wd_products.default\">\n\t\t\t\t<div class=\"elementor-widget-container\">\n\t\t\t\t\t\t\t\t\t\t<div class=\"wd-products-element\">\n\n\t\t\t\n\t\t\t\n\t\t\t\n\t\t\t\n\t\t\t<div class=\"products wd-products grid-columns-1 elements-grid wd-grid-g wd-stretch-cont-lg wd-stretch-cont-md wd-stretch-cont-sm\" data-paged=\"1\" data-atts=\"{&quot;speed&quot;:null,&quot;slides_per_view&quot;:null,&quot;wrap&quot;:null,&quot;autoplay&quot;:null,&quot;autoheight&quot;:null,&quot;hide_pagination_control&quot;:null,&quot;dynamic_pagination_control&quot;:null,&quot;hide_prev_next_buttons&quot;:null,&quot;carousel_arrows_position&quot;:null,&quot;hide_scrollbar&quot;:null,&quot;scroll_per_page&quot;:null,&quot;center_mode&quot;:null,&quot;spacing&quot;:&quot;&quot;,&quot;carousel_sync&quot;:null,&quot;sync_parent_id&quot;:null,&quot;sync_child_id&quot;:null,&quot;scroll_carousel_init&quot;:null,&quot;disable_overflow_carousel&quot;:null,&quot;include&quot;:null,&quot;taxonomies&quot;:[&quot;327&quot;],&quot;meta_key&quot;:null,&quot;shop_tools&quot;:null,&quot;ajax_recently_viewed&quot;:null,&quot;pagination_arrows_position&quot;:null,&quot;items_per_page&quot;:1,&quot;columns&quot;:{&quot;unit&quot;:&quot;px&quot;,&quot;size&quot;:1,&quot;sizes&quot;:[]},&quot;products_masonry&quot;:&quot;&quot;,&quot;products_different_sizes&quot;:&quot;&quot;,&quot;product_quantity&quot;:&quot;&quot;,&quot;sale_countdown&quot;:&quot;0&quot;,&quot;stretch_product&quot;:null,&quot;stock_progress_bar&quot;:&quot;0&quot;,&quot;highlighted_products&quot;:&quot;0&quot;,&quot;products_divider&quot;:null,&quot;products_bordered_grid&quot;:&quot;0&quot;,&quot;products_bordered_grid_style&quot;:null,&quot;products_with_background&quot;:&quot;0&quot;,&quot;products_shadow&quot;:&quot;0&quot;,&quot;img_size&quot;:&quot;large&quot;,&quot;img_size_custom&quot;:null,&quot;grid_gallery_control&quot;:null,&quot;grid_gallery_enable_arrows&quot;:null,&quot;elementor&quot;:true,&quot;force_not_ajax&quot;:&quot;no&quot;}\" data-source=\"shortcode\" data-columns=\"1\" data-grid-gallery=\"{&quot;grid_gallery&quot;:&quot;1&quot;,&quot;grid_gallery_control&quot;:&quot;arrows&quot;,&quot;grid_gallery_enable_arrows&quot;:&quot;none&quot;}\" style=\"--wd-col-lg:1;--wd-col-md:1;--wd-col-sm:1;--wd-gap-lg:30px;--wd-gap-md:20px;--wd-gap-sm:10px;\">\n\t\t\n\t\t\t\t\t\t\t\t<div class=\"wd-product wd-hover-buttons-on-hover wd-col product-grid-item product type-product post-11095 status-publish instock product_cat-dolap-ve-kesonlar product_tag-190lik-dort-kapakli-dolap has-post-thumbnail shipping-taxable product-type-simple\" data-loop=\"1\" data-id=\"11095\">\n\t\t\t\t\n\t\n<div class=\"product-wrapper\">\n\t<div class=\"product-element-top wd-quick-shop\">\n\t\t<a href=\"http:\/\/yenisite.online\/index.php\/urun\/190lik-dort-kapakli-dolap\/\" class=\"product-image-link\" tabindex=\"-1\" aria-label=\"190\u2019l\u0131k D\u00f6rt Kapakl\u0131 Dolap\">\n\t\t\t<img loading=\"lazy\" decoding=\"async\" width=\"700\" height=\"800\" src=\"http:\/\/yenisite.online\/wp-content\/uploads\/2026\/01\/kapakli-dolap-01.webp\" class=\"attachment-large size-large\" alt=\"\" srcset=\"http:\/\/yenisite.online\/wp-content\/uploads\/2026\/01\/kapakli-dolap-01.webp 700w, http:\/\/yenisite.online\/wp-content\/uploads\/2026\/01\/kapakli-dolap-01-263x300.webp 263w, http:\/\/yenisite.online\/wp-content\/uploads\/2026\/01\/kapakli-dolap-01-150x171.webp 150w, http:\/\/yenisite.online\/wp-content\/uploads\/2026\/01\/kapakli-dolap-01-400x457.webp 400w\" sizes=\"auto, (max-width: 700px) 100vw, 700px\" \/>\t\t<\/a>\n\n\t\t\n\t\t<div class=\"wd-buttons wd-pos-r-t\">\n\t\t\t\t\t\t<div class=\"wd-wishlist-btn wd-action-btn wd-style-icon wd-wishlist-icon\">\n\t\t\t\t<a class=\"\" href=\"http:\/\/yenisite.online\/index.php\/wishlist\/\" data-key=\"90401da02d\" data-product-id=\"11095\" rel=\"nofollow\" data-added-text=\"Browse wishlist\">\n\t\t\t\t\t<span class=\"wd-added-icon\"><\/span>\n\t\t\t\t\t<span class=\"wd-action-text\">\u0130stek listesine ekle<\/span>\n\t\t\t\t<\/a>\n\t\t\t<\/div>\n\t\t\t\t<\/div>\n\t<\/div>\n\n\t<div class=\"product-element-bottom\">\n\n\t\t<div class=\"wd-product-header\">\n\t\t\t<h3 class=\"wd-entities-title\"><a href=\"http:\/\/yenisite.online\/index.php\/urun\/190lik-dort-kapakli-dolap\/\">190\u2019l\u0131k D\u00f6rt Kapakl\u0131 Dolap<\/a><\/h3>\n\t\t\t\t\t<\/div>\n\n\t\t\n\t\t\t\t<div class=\"wd-product-cats\">\n\t\t\t<a href=\"http:\/\/yenisite.online\/index.php\/urun-kategori\/dolap-ve-kesonlar\/\" rel=\"tag\">Dolap ve Kesonlar<\/a>\t\t<\/div>\n\t\t\n\t\t\n\t\t<div class=\"wrap-price\">\n\t\t\t\n\n\t\t\t\t\t<\/div>\n\n\t\t\n\t\t\n\t\t\n\t\t\n\t\t<div class=\"wd-product-footer\">\n\t\t\t<div class=\"wd-add-btn wd-add-btn-replace\">\n\t\t\t\t<a href=\"http:\/\/yenisite.online\/index.php\/urun\/190lik-dort-kapakli-dolap\/\" aria-describedby=\"woocommerce_loop_add_to_cart_link_describedby_11095\" data-quantity=\"1\" class=\"button product_type_simple add-to-cart-loop\" data-product_id=\"11095\" data-product_sku=\"190lik-dort-kapakli-dolap\" aria-label=\"&ldquo;190\u2019l\u0131k D\u00f6rt Kapakl\u0131 Dolap&rdquo; hakk\u0131nda daha fazla bilgi edinin\" rel=\"nofollow\" data-success_message=\"\"><span>Devam\u0131n\u0131 oku<\/span><\/a>\t<span id=\"woocommerce_loop_add_to_cart_link_describedby_11095\" class=\"screen-reader-text\">\n\t\t\t<\/span>\n\t\t\t<\/div>\n\n\t\t\t\t\t\t<div class=\"wd-action-buttons\">\n\t\t\t\t\t\t<div class=\"wd-compare-btn product-compare-button wd-action-btn wd-style-icon wd-compare-icon wd-tooltip\">\n\t\t\t<a href=\"http:\/\/yenisite.online\/index.php\/compare\/\" data-id=\"11095\" rel=\"nofollow\" data-added-text=\"\u00dcr\u00fcnleri kar\u015f\u0131la\u015ft\u0131r\">\n\t\t\t\t<span class=\"wd-added-icon\"><\/span>\n\t\t\t\t<span class=\"wd-action-text\">Add to compare<\/span>\n\t\t\t<\/a>\n\t\t<\/div>\n\t\t\t\t\t\t\t\t<div class=\"quick-view wd-action-btn wd-style-icon wd-quick-view-icon wd-tooltip\">\n\t\t\t<a\n\t\t\t\thref=\"http:\/\/yenisite.online\/index.php\/urun\/190lik-dort-kapakli-dolap\/\"\n\t\t\t\tclass=\"open-quick-view quick-view-button\"\n\t\t\t\trel=\"nofollow\"\n\t\t\t\tdata-id=\"11095\"\n\t\t\t\t>H\u0131zl\u0131 Bak<\/a>\n\t\t<\/div>\n\t\t\t\t\t<\/div>\n\t\t\t\t\t<\/div>\n\t<\/div>\n<\/div>\n<\/div>\n\t\t\n\t\t\t\t<\/div>\n\t\n\t\t\n\t\t\n\t\t\t\t\t<\/div>\n\t\t\n\t\t\t\t\t\t<\/div>\n\t\t\t\t<\/div>\n\t\t\t\t<\/div>\n\t\t<div class=\"elementor-element elementor-element-924d1e9 e-con-full e-flex e-con e-child\" data-id=\"924d1e9\" data-element_type=\"container\" data-e-type=\"container\">\n\t\t\t\t<div class=\"elementor-element elementor-element-8def44c wd-width-100 elementor-widget elementor-widget-wd_products\" data-id=\"8def44c\" data-element_type=\"widget\" data-e-type=\"widget\" data-widget_type=\"wd_products.default\">\n\t\t\t\t<div class=\"elementor-widget-container\">\n\t\t\t\t\t\t\t\t\t\t<div class=\"wd-products-element\">\n\n\t\t\t\n\t\t\t\n\t\t\t\n\t\t\t\n\t\t\t<div class=\"products wd-products grid-columns-1 elements-grid wd-grid-g wd-stretch-cont-lg wd-stretch-cont-md wd-stretch-cont-sm\" data-paged=\"1\" data-atts=\"{&quot;speed&quot;:null,&quot;slides_per_view&quot;:null,&quot;wrap&quot;:null,&quot;autoplay&quot;:null,&quot;autoheight&quot;:null,&quot;hide_pagination_control&quot;:null,&quot;dynamic_pagination_control&quot;:null,&quot;hide_prev_next_buttons&quot;:null,&quot;carousel_arrows_position&quot;:null,&quot;hide_scrollbar&quot;:null,&quot;scroll_per_page&quot;:null,&quot;center_mode&quot;:null,&quot;spacing&quot;:&quot;&quot;,&quot;carousel_sync&quot;:null,&quot;sync_parent_id&quot;:null,&quot;sync_child_id&quot;:null,&quot;scroll_carousel_init&quot;:null,&quot;disable_overflow_carousel&quot;:null,&quot;include&quot;:null,&quot;taxonomies&quot;:[&quot;329&quot;],&quot;meta_key&quot;:null,&quot;shop_tools&quot;:null,&quot;ajax_recently_viewed&quot;:null,&quot;pagination_arrows_position&quot;:null,&quot;items_per_page&quot;:1,&quot;columns&quot;:{&quot;unit&quot;:&quot;px&quot;,&quot;size&quot;:1,&quot;sizes&quot;:[]},&quot;products_masonry&quot;:&quot;&quot;,&quot;products_different_sizes&quot;:&quot;&quot;,&quot;product_quantity&quot;:&quot;&quot;,&quot;sale_countdown&quot;:&quot;0&quot;,&quot;stretch_product&quot;:null,&quot;stock_progress_bar&quot;:&quot;0&quot;,&quot;highlighted_products&quot;:&quot;0&quot;,&quot;products_divider&quot;:null,&quot;products_bordered_grid&quot;:&quot;0&quot;,&quot;products_bordered_grid_style&quot;:null,&quot;products_with_background&quot;:&quot;0&quot;,&quot;products_shadow&quot;:&quot;0&quot;,&quot;img_size&quot;:&quot;large&quot;,&quot;img_size_custom&quot;:null,&quot;grid_gallery_control&quot;:null,&quot;grid_gallery_enable_arrows&quot;:null,&quot;elementor&quot;:true,&quot;force_not_ajax&quot;:&quot;no&quot;}\" data-source=\"shortcode\" data-columns=\"1\" data-grid-gallery=\"{&quot;grid_gallery&quot;:&quot;1&quot;,&quot;grid_gallery_control&quot;:&quot;arrows&quot;,&quot;grid_gallery_enable_arrows&quot;:&quot;none&quot;}\" style=\"--wd-col-lg:1;--wd-col-md:1;--wd-col-sm:1;--wd-gap-lg:30px;--wd-gap-md:20px;--wd-gap-sm:10px;\">\n\t\t\n\t\t\t\t\t\t\t\t<div class=\"wd-product wd-hover-buttons-on-hover wd-col product-grid-item product type-product post-11105 status-publish instock product_cat-dolap-ve-kesonlar product_tag-190lik-iki-kapakli-ustu-aluminyum-cerceveli-dolap has-post-thumbnail shipping-taxable product-type-simple\" data-loop=\"1\" data-id=\"11105\">\n\t\t\t\t\n\t\n<div class=\"product-wrapper\">\n\t<div class=\"product-element-top wd-quick-shop\">\n\t\t<a href=\"http:\/\/yenisite.online\/index.php\/urun\/190lik-iki-kapakli-ustu-aluminyum-cerceveli-dolap\/\" class=\"product-image-link\" tabindex=\"-1\" aria-label=\"190\u2019l\u0131k \u0130ki Kapakl\u0131 \u00dcst\u00fc Al\u00fcminyum \u00c7er\u00e7eveli Dolap\">\n\t\t\t<img loading=\"lazy\" decoding=\"async\" width=\"700\" height=\"800\" src=\"http:\/\/yenisite.online\/wp-content\/uploads\/2026\/01\/iki-kapakli-dolap-03.webp\" class=\"attachment-large size-large\" alt=\"\" srcset=\"http:\/\/yenisite.online\/wp-content\/uploads\/2026\/01\/iki-kapakli-dolap-03.webp 700w, http:\/\/yenisite.online\/wp-content\/uploads\/2026\/01\/iki-kapakli-dolap-03-263x300.webp 263w, http:\/\/yenisite.online\/wp-content\/uploads\/2026\/01\/iki-kapakli-dolap-03-150x171.webp 150w, http:\/\/yenisite.online\/wp-content\/uploads\/2026\/01\/iki-kapakli-dolap-03-400x457.webp 400w\" sizes=\"auto, (max-width: 700px) 100vw, 700px\" \/>\t\t<\/a>\n\n\t\t\n\t\t<div class=\"wd-buttons wd-pos-r-t\">\n\t\t\t\t\t\t<div class=\"wd-wishlist-btn wd-action-btn wd-style-icon wd-wishlist-icon\">\n\t\t\t\t<a class=\"\" href=\"http:\/\/yenisite.online\/index.php\/wishlist\/\" data-key=\"90401da02d\" data-product-id=\"11105\" rel=\"nofollow\" data-added-text=\"Browse wishlist\">\n\t\t\t\t\t<span class=\"wd-added-icon\"><\/span>\n\t\t\t\t\t<span class=\"wd-action-text\">\u0130stek listesine ekle<\/span>\n\t\t\t\t<\/a>\n\t\t\t<\/div>\n\t\t\t\t<\/div>\n\t<\/div>\n\n\t<div class=\"product-element-bottom\">\n\n\t\t<div class=\"wd-product-header\">\n\t\t\t<h3 class=\"wd-entities-title\"><a href=\"http:\/\/yenisite.online\/index.php\/urun\/190lik-iki-kapakli-ustu-aluminyum-cerceveli-dolap\/\">190\u2019l\u0131k \u0130ki Kapakl\u0131 \u00dcst\u00fc Al\u00fcminyum \u00c7er\u00e7eveli Dolap<\/a><\/h3>\n\t\t\t\t\t<\/div>\n\n\t\t\n\t\t\t\t<div class=\"wd-product-cats\">\n\t\t\t<a href=\"http:\/\/yenisite.online\/index.php\/urun-kategori\/dolap-ve-kesonlar\/\" rel=\"tag\">Dolap ve Kesonlar<\/a>\t\t<\/div>\n\t\t\n\t\t\n\t\t<div class=\"wrap-price\">\n\t\t\t\n\n\t\t\t\t\t<\/div>\n\n\t\t\n\t\t\n\t\t\n\t\t\n\t\t<div class=\"wd-product-footer\">\n\t\t\t<div class=\"wd-add-btn wd-add-btn-replace\">\n\t\t\t\t<a href=\"http:\/\/yenisite.online\/index.php\/urun\/190lik-iki-kapakli-ustu-aluminyum-cerceveli-dolap\/\" aria-describedby=\"woocommerce_loop_add_to_cart_link_describedby_11105\" data-quantity=\"1\" class=\"button product_type_simple add-to-cart-loop\" data-product_id=\"11105\" data-product_sku=\"190lik-iki-kapakli-ustu-cerceveli-dolap\" aria-label=\"&ldquo;190\u2019l\u0131k \u0130ki Kapakl\u0131 \u00dcst\u00fc Al\u00fcminyum \u00c7er\u00e7eveli Dolap&rdquo; hakk\u0131nda daha fazla bilgi edinin\" rel=\"nofollow\" data-success_message=\"\"><span>Devam\u0131n\u0131 oku<\/span><\/a>\t<span id=\"woocommerce_loop_add_to_cart_link_describedby_11105\" class=\"screen-reader-text\">\n\t\t\t<\/span>\n\t\t\t<\/div>\n\n\t\t\t\t\t\t<div class=\"wd-action-buttons\">\n\t\t\t\t\t\t<div class=\"wd-compare-btn product-compare-button wd-action-btn wd-style-icon wd-compare-icon wd-tooltip\">\n\t\t\t<a href=\"http:\/\/yenisite.online\/index.php\/compare\/\" data-id=\"11105\" rel=\"nofollow\" data-added-text=\"\u00dcr\u00fcnleri kar\u015f\u0131la\u015ft\u0131r\">\n\t\t\t\t<span class=\"wd-added-icon\"><\/span>\n\t\t\t\t<span class=\"wd-action-text\">Add to compare<\/span>\n\t\t\t<\/a>\n\t\t<\/div>\n\t\t\t\t\t\t\t\t<div class=\"quick-view wd-action-btn wd-style-icon wd-quick-view-icon wd-tooltip\">\n\t\t\t<a\n\t\t\t\thref=\"http:\/\/yenisite.online\/index.php\/urun\/190lik-iki-kapakli-ustu-aluminyum-cerceveli-dolap\/\"\n\t\t\t\tclass=\"open-quick-view quick-view-button\"\n\t\t\t\trel=\"nofollow\"\n\t\t\t\tdata-id=\"11105\"\n\t\t\t\t>H\u0131zl\u0131 Bak<\/a>\n\t\t<\/div>\n\t\t\t\t\t<\/div>\n\t\t\t\t\t<\/div>\n\t<\/div>\n<\/div>\n<\/div>\n\t\t\n\t\t\t\t<\/div>\n\t\n\t\t\n\t\t\n\t\t\t\t\t<\/div>\n\t\t\n\t\t\t\t\t\t<\/div>\n\t\t\t\t<\/div>\n\t\t\t\t<\/div>\n\t\t\t\t\t<\/div>\n\t\t\t\t<\/div>\n\t\t\t\t<\/div>\n\t\t","protected":false},"excerpt":{"rendered":"<div class=\"woocommerce-product-details__short-description\">\n<p><strong>\u00dcr\u00fcn \u00d6l\u00e7\u00fcs\u00fc;<br \/>\n<\/strong><strong>L:\u00a0<\/strong>40<strong><br \/>\n<\/strong><strong>W<\/strong>: 40<br \/>\n<strong>H<\/strong>: 192<\/p>\n<p><strong>\u00dcr\u00fcn \u00d6zellikleri ;<\/strong>Dolap tac\u0131 30 mm, g\u00f6vde ve kapak 18 mm, arkal\u0131k 8 mm melamindir. Dolap kapa\u011f\u0131 kilitlidir.<br \/>\nDolap alt\u0131nda 3 cm y\u00fcksekli\u011finde, y\u00fckseklik ayarl\u0131 plastik ayak kullan\u0131lmaktad\u0131r.(4 Rafl\u0131,5 G\u00f6zl\u00fc)<\/p>\n<p><strong>G\u00d6VDE &amp; KAPAK RENKLER\u0130:<\/strong>\u00a0Everest, Teak, Livera Me\u015fe, Marbella Kiraz,<br \/>\nMilano Ceviz, Trabzon Me\u015fe, Barok, Aka\u011fa\u00e7, A\u00e7\u0131k Kiraz, Akasya,Beyaz, Antrasit<\/p>\n<\/div>\n","protected":false},"featured_media":11102,"comment_status":"closed","ping_status":"closed","template":"","meta":[],"product_brand":[],"product_cat":[35],"product_tag":[328],"class_list":{"0":"post-11101","1":"product","2":"type-product","3":"status-publish","4":"has-post-thumbnail","6":"product_cat-dolap-ve-kesonlar","7":"product_tag-190lik-iki-kapakli-dolap","9":"first","10":"instock","11":"shipping-taxable","12":"product-type-simple"},"_links":{"self":[{"href":"http:\/\/yenisite.online\/index.php\/wp-json\/wp\/v2\/product\/11101","targetHints":{"allow":["GET"]}}],"collection":[{"href":"http:\/\/yenisite.online\/index.php\/wp-json\/wp\/v2\/product"}],"about":[{"href":"http:\/\/yenisite.online\/index.php\/wp-json\/wp\/v2\/types\/product"}],"replies":[{"embeddable":true,"href":"http:\/\/yenisite.online\/index.php\/wp-json\/wp\/v2\/comments?post=11101"}],"version-history":[{"count":4,"href":"http:\/\/yenisite.online\/index.php\/wp-json\/wp\/v2\/product\/11101\/revisions"}],"predecessor-version":[{"id":11303,"href":"http:\/\/yenisite.online\/index.php\/wp-json\/wp\/v2\/product\/11101\/revisions\/11303"}],"wp:featuredmedia":[{"embeddable":true,"href":"http:\/\/yenisite.online\/index.php\/wp-json\/wp\/v2\/media\/11102"}],"wp:attachment":[{"href":"http:\/\/yenisite.online\/index.php\/wp-json\/wp\/v2\/media?parent=11101"}],"wp:term":[{"taxonomy":"product_brand","embeddable":true,"href":"http:\/\/yenisite.online\/index.php\/wp-json\/wp\/v2\/product_brand?post=11101"},{"taxonomy":"product_cat","embeddable":true,"href":"http:\/\/yenisite.online\/index.php\/wp-json\/wp\/v2\/product_cat?post=11101"},{"taxonomy":"product_tag","embeddable":true,"href":"http:\/\/yenisite.online\/index.php\/wp-json\/wp\/v2\/product_tag?post=11101"}],"curies":[{"name":"wp","href":"https:\/\/api.w.org\/{rel}","templated":true}]}}