{"id":11637,"date":"2026-01-31T06:51:28","date_gmt":"2026-01-31T06:51:28","guid":{"rendered":"http:\/\/yenisite.online\/?post_type=product&#038;p=11637"},"modified":"2026-01-31T10:37:13","modified_gmt":"2026-01-31T10:37:13","slug":"new-sante-kanepe-takimi","status":"publish","type":"product","link":"http:\/\/yenisite.online\/index.php\/urun\/new-sante-kanepe-takimi\/","title":{"rendered":"New Sante Kanepe Tak\u0131m\u0131"},"content":{"rendered":"\t\t<div data-elementor-type=\"wp-post\" data-elementor-id=\"11637\" class=\"elementor elementor-11637\">\n\t\t\t\t<div class=\"wd-negative-gap elementor-element elementor-element-8a6a3ec e-flex e-con-boxed e-con e-parent\" data-id=\"8a6a3ec\" data-element_type=\"container\" data-e-type=\"container\">\n\t\t\t\t\t<div class=\"e-con-inner\">\n\t\t<div class=\"elementor-element elementor-element-4eec225 e-con-full e-flex e-con e-child\" data-id=\"4eec225\" data-element_type=\"container\" data-e-type=\"container\">\n\t\t\t\t<div class=\"elementor-element elementor-element-63f9dc5 wd-width-100 elementor-widget elementor-widget-wd_products\" data-id=\"63f9dc5\" data-element_type=\"widget\" data-e-type=\"widget\" data-widget_type=\"wd_products.default\">\n\t\t\t\t<div class=\"elementor-widget-container\">\n\t\t\t\t\t\t\t\t\t\t<div class=\"wd-products-element\">\n\n\t\t\t\n\t\t\t\n\t\t\t\n\t\t\t\n\t\t\t<div class=\"products wd-products grid-columns-1 elements-grid wd-grid-g wd-stretch-cont-lg wd-stretch-cont-md wd-stretch-cont-sm\" data-paged=\"1\" data-atts=\"{&quot;speed&quot;:null,&quot;slides_per_view&quot;:null,&quot;wrap&quot;:null,&quot;autoplay&quot;:null,&quot;autoheight&quot;:null,&quot;hide_pagination_control&quot;:null,&quot;dynamic_pagination_control&quot;:null,&quot;hide_prev_next_buttons&quot;:null,&quot;carousel_arrows_position&quot;:null,&quot;hide_scrollbar&quot;:null,&quot;scroll_per_page&quot;:null,&quot;center_mode&quot;:null,&quot;spacing&quot;:&quot;&quot;,&quot;carousel_sync&quot;:null,&quot;sync_parent_id&quot;:null,&quot;sync_child_id&quot;:null,&quot;scroll_carousel_init&quot;:null,&quot;disable_overflow_carousel&quot;:null,&quot;include&quot;:null,&quot;taxonomies&quot;:[&quot;406&quot;],&quot;meta_key&quot;:null,&quot;shop_tools&quot;:null,&quot;ajax_recently_viewed&quot;:null,&quot;pagination_arrows_position&quot;:null,&quot;items_per_page&quot;:1,&quot;columns&quot;:{&quot;unit&quot;:&quot;px&quot;,&quot;size&quot;:1,&quot;sizes&quot;:[]},&quot;products_masonry&quot;:&quot;&quot;,&quot;products_different_sizes&quot;:&quot;&quot;,&quot;product_quantity&quot;:&quot;&quot;,&quot;sale_countdown&quot;:&quot;0&quot;,&quot;stretch_product&quot;:null,&quot;stock_progress_bar&quot;:&quot;0&quot;,&quot;highlighted_products&quot;:&quot;0&quot;,&quot;products_divider&quot;:null,&quot;products_bordered_grid&quot;:&quot;0&quot;,&quot;products_bordered_grid_style&quot;:null,&quot;products_with_background&quot;:&quot;0&quot;,&quot;products_shadow&quot;:&quot;0&quot;,&quot;img_size&quot;:&quot;large&quot;,&quot;img_size_custom&quot;:null,&quot;grid_gallery_control&quot;:null,&quot;grid_gallery_enable_arrows&quot;:null,&quot;elementor&quot;:true,&quot;force_not_ajax&quot;:&quot;no&quot;}\" data-source=\"shortcode\" data-columns=\"1\" data-grid-gallery=\"{&quot;grid_gallery&quot;:&quot;1&quot;,&quot;grid_gallery_control&quot;:&quot;arrows&quot;,&quot;grid_gallery_enable_arrows&quot;:&quot;none&quot;}\" style=\"--wd-col-lg:1;--wd-col-md:1;--wd-col-sm:1;--wd-gap-lg:30px;--wd-gap-md:20px;--wd-gap-sm:10px;\">\n\t\t\n\t\t\t\t\t\t\t\t<div class=\"wd-product wd-hover-buttons-on-hover wd-col product-grid-item product type-product post-11644 status-publish instock product_cat-kanepeler product_tag-new-sante-tekli-kanepe has-post-thumbnail shipping-taxable product-type-simple\" data-loop=\"1\" data-id=\"11644\">\n\t\t\t\t\n\t\n<div class=\"product-wrapper\">\n\t<div class=\"product-element-top wd-quick-shop\">\n\t\t<a href=\"http:\/\/yenisite.online\/index.php\/urun\/new-sante-tekli-kanepe\/\" class=\"product-image-link\" tabindex=\"-1\" aria-label=\"New Sante Tekli Kanepe\">\n\t\t\t<img loading=\"lazy\" decoding=\"async\" width=\"700\" height=\"800\" src=\"http:\/\/yenisite.online\/wp-content\/uploads\/2026\/01\/newsante-kanepe-takimi-03.webp\" class=\"attachment-large size-large\" alt=\"\" srcset=\"http:\/\/yenisite.online\/wp-content\/uploads\/2026\/01\/newsante-kanepe-takimi-03.webp 700w, http:\/\/yenisite.online\/wp-content\/uploads\/2026\/01\/newsante-kanepe-takimi-03-263x300.webp 263w, http:\/\/yenisite.online\/wp-content\/uploads\/2026\/01\/newsante-kanepe-takimi-03-150x171.webp 150w, http:\/\/yenisite.online\/wp-content\/uploads\/2026\/01\/newsante-kanepe-takimi-03-400x457.webp 400w\" sizes=\"auto, (max-width: 700px) 100vw, 700px\" \/>\t\t<\/a>\n\n\t\t\n\t\t<div class=\"wd-buttons wd-pos-r-t\">\n\t\t\t\t\t\t<div class=\"wd-wishlist-btn wd-action-btn wd-style-icon wd-wishlist-icon\">\n\t\t\t\t<a class=\"\" href=\"http:\/\/yenisite.online\/index.php\/wishlist\/\" data-key=\"f1a3649b3a\" data-product-id=\"11644\" rel=\"nofollow\" data-added-text=\"Browse wishlist\">\n\t\t\t\t\t<span class=\"wd-added-icon\"><\/span>\n\t\t\t\t\t<span class=\"wd-action-text\">\u0130stek listesine ekle<\/span>\n\t\t\t\t<\/a>\n\t\t\t<\/div>\n\t\t\t\t<\/div>\n\t<\/div>\n\n\t<div class=\"product-element-bottom\">\n\n\t\t<div class=\"wd-product-header\">\n\t\t\t<h3 class=\"wd-entities-title\"><a href=\"http:\/\/yenisite.online\/index.php\/urun\/new-sante-tekli-kanepe\/\">New Sante Tekli Kanepe<\/a><\/h3>\n\t\t\t\t\t<\/div>\n\n\t\t\n\t\t\t\t<div class=\"wd-product-cats\">\n\t\t\t<a href=\"http:\/\/yenisite.online\/index.php\/urun-kategori\/kanepeler\/\" rel=\"tag\">Kanepeler<\/a>\t\t<\/div>\n\t\t\n\t\t\n\t\t<div class=\"wrap-price\">\n\t\t\t\n\n\t\t\t\t\t<\/div>\n\n\t\t\n\t\t\n\t\t\n\t\t\n\t\t<div class=\"wd-product-footer\">\n\t\t\t<div class=\"wd-add-btn wd-add-btn-replace\">\n\t\t\t\t<a href=\"http:\/\/yenisite.online\/index.php\/urun\/new-sante-tekli-kanepe\/\" aria-describedby=\"woocommerce_loop_add_to_cart_link_describedby_11644\" data-quantity=\"1\" class=\"button product_type_simple add-to-cart-loop\" data-product_id=\"11644\" data-product_sku=\"newsante-kanepe-takimi-1-1\" aria-label=\"&ldquo;New Sante Tekli Kanepe&rdquo; hakk\u0131nda daha fazla bilgi edinin\" rel=\"nofollow\" data-success_message=\"\"><span>Devam\u0131n\u0131 oku<\/span><\/a>\t<span id=\"woocommerce_loop_add_to_cart_link_describedby_11644\" class=\"screen-reader-text\">\n\t\t\t<\/span>\n\t\t\t<\/div>\n\n\t\t\t\t\t\t<div class=\"wd-action-buttons\">\n\t\t\t\t\t\t<div class=\"wd-compare-btn product-compare-button wd-action-btn wd-style-icon wd-compare-icon wd-tooltip\">\n\t\t\t<a href=\"http:\/\/yenisite.online\/index.php\/compare\/\" data-id=\"11644\" rel=\"nofollow\" data-added-text=\"\u00dcr\u00fcnleri kar\u015f\u0131la\u015ft\u0131r\">\n\t\t\t\t<span class=\"wd-added-icon\"><\/span>\n\t\t\t\t<span class=\"wd-action-text\">Add to compare<\/span>\n\t\t\t<\/a>\n\t\t<\/div>\n\t\t\t\t\t\t\t\t<div class=\"quick-view wd-action-btn wd-style-icon wd-quick-view-icon wd-tooltip\">\n\t\t\t<a\n\t\t\t\thref=\"http:\/\/yenisite.online\/index.php\/urun\/new-sante-tekli-kanepe\/\"\n\t\t\t\tclass=\"open-quick-view quick-view-button\"\n\t\t\t\trel=\"nofollow\"\n\t\t\t\tdata-id=\"11644\"\n\t\t\t\t>H\u0131zl\u0131 Bak<\/a>\n\t\t<\/div>\n\t\t\t\t\t<\/div>\n\t\t\t\t\t<\/div>\n\t<\/div>\n<\/div>\n<\/div>\n\t\t\n\t\t\t\t<\/div>\n\t\n\t\t\n\t\t\n\t\t\t\t\t<\/div>\n\t\t\n\t\t\t\t\t\t<\/div>\n\t\t\t\t<\/div>\n\t\t\t\t<\/div>\n\t\t<div class=\"elementor-element elementor-element-924d1e9 e-con-full e-flex e-con e-child\" data-id=\"924d1e9\" data-element_type=\"container\" data-e-type=\"container\">\n\t\t\t\t<div class=\"elementor-element elementor-element-8def44c wd-width-100 elementor-widget elementor-widget-wd_products\" data-id=\"8def44c\" data-element_type=\"widget\" data-e-type=\"widget\" data-widget_type=\"wd_products.default\">\n\t\t\t\t<div class=\"elementor-widget-container\">\n\t\t\t\t\t\t\t\t\t\t<div class=\"wd-products-element\">\n\n\t\t\t\n\t\t\t\n\t\t\t\n\t\t\t\n\t\t\t<div class=\"products wd-products grid-columns-1 elements-grid wd-grid-g wd-stretch-cont-lg wd-stretch-cont-md wd-stretch-cont-sm\" data-paged=\"1\" data-atts=\"{&quot;speed&quot;:null,&quot;slides_per_view&quot;:null,&quot;wrap&quot;:null,&quot;autoplay&quot;:null,&quot;autoheight&quot;:null,&quot;hide_pagination_control&quot;:null,&quot;dynamic_pagination_control&quot;:null,&quot;hide_prev_next_buttons&quot;:null,&quot;carousel_arrows_position&quot;:null,&quot;hide_scrollbar&quot;:null,&quot;scroll_per_page&quot;:null,&quot;center_mode&quot;:null,&quot;spacing&quot;:&quot;&quot;,&quot;carousel_sync&quot;:null,&quot;sync_parent_id&quot;:null,&quot;sync_child_id&quot;:null,&quot;scroll_carousel_init&quot;:null,&quot;disable_overflow_carousel&quot;:null,&quot;include&quot;:null,&quot;taxonomies&quot;:[&quot;405&quot;],&quot;meta_key&quot;:null,&quot;shop_tools&quot;:null,&quot;ajax_recently_viewed&quot;:null,&quot;pagination_arrows_position&quot;:null,&quot;items_per_page&quot;:1,&quot;columns&quot;:{&quot;unit&quot;:&quot;px&quot;,&quot;size&quot;:1,&quot;sizes&quot;:[]},&quot;products_masonry&quot;:&quot;&quot;,&quot;products_different_sizes&quot;:&quot;&quot;,&quot;product_quantity&quot;:&quot;&quot;,&quot;sale_countdown&quot;:&quot;0&quot;,&quot;stretch_product&quot;:null,&quot;stock_progress_bar&quot;:&quot;0&quot;,&quot;highlighted_products&quot;:&quot;0&quot;,&quot;products_divider&quot;:null,&quot;products_bordered_grid&quot;:&quot;0&quot;,&quot;products_bordered_grid_style&quot;:null,&quot;products_with_background&quot;:&quot;0&quot;,&quot;products_shadow&quot;:&quot;0&quot;,&quot;img_size&quot;:&quot;large&quot;,&quot;img_size_custom&quot;:null,&quot;grid_gallery_control&quot;:null,&quot;grid_gallery_enable_arrows&quot;:null,&quot;elementor&quot;:true,&quot;force_not_ajax&quot;:&quot;no&quot;}\" data-source=\"shortcode\" data-columns=\"1\" data-grid-gallery=\"{&quot;grid_gallery&quot;:&quot;1&quot;,&quot;grid_gallery_control&quot;:&quot;arrows&quot;,&quot;grid_gallery_enable_arrows&quot;:&quot;none&quot;}\" style=\"--wd-col-lg:1;--wd-col-md:1;--wd-col-sm:1;--wd-gap-lg:30px;--wd-gap-md:20px;--wd-gap-sm:10px;\">\n\t\t\n\t\t\t\t\t\t\t\t<div class=\"wd-product wd-hover-buttons-on-hover wd-col product-grid-item product type-product post-11641 status-publish instock product_cat-kanepeler product_tag-new-sante-ikili-kanepe has-post-thumbnail shipping-taxable product-type-simple\" data-loop=\"1\" data-id=\"11641\">\n\t\t\t\t\n\t\n<div class=\"product-wrapper\">\n\t<div class=\"product-element-top wd-quick-shop\">\n\t\t<a href=\"http:\/\/yenisite.online\/index.php\/urun\/new-sante-ikili-kanepe\/\" class=\"product-image-link\" tabindex=\"-1\" aria-label=\"New Sante \u0130kili Kanepe\">\n\t\t\t<img loading=\"lazy\" decoding=\"async\" width=\"700\" height=\"800\" src=\"http:\/\/yenisite.online\/wp-content\/uploads\/2026\/01\/newsante-kanepe-takimi-02.webp\" class=\"attachment-large size-large\" alt=\"\" srcset=\"http:\/\/yenisite.online\/wp-content\/uploads\/2026\/01\/newsante-kanepe-takimi-02.webp 700w, http:\/\/yenisite.online\/wp-content\/uploads\/2026\/01\/newsante-kanepe-takimi-02-263x300.webp 263w, http:\/\/yenisite.online\/wp-content\/uploads\/2026\/01\/newsante-kanepe-takimi-02-150x171.webp 150w, http:\/\/yenisite.online\/wp-content\/uploads\/2026\/01\/newsante-kanepe-takimi-02-400x457.webp 400w\" sizes=\"auto, (max-width: 700px) 100vw, 700px\" \/>\t\t<\/a>\n\n\t\t\n\t\t<div class=\"wd-buttons wd-pos-r-t\">\n\t\t\t\t\t\t<div class=\"wd-wishlist-btn wd-action-btn wd-style-icon wd-wishlist-icon\">\n\t\t\t\t<a class=\"\" href=\"http:\/\/yenisite.online\/index.php\/wishlist\/\" data-key=\"f1a3649b3a\" data-product-id=\"11641\" rel=\"nofollow\" data-added-text=\"Browse wishlist\">\n\t\t\t\t\t<span class=\"wd-added-icon\"><\/span>\n\t\t\t\t\t<span class=\"wd-action-text\">\u0130stek listesine ekle<\/span>\n\t\t\t\t<\/a>\n\t\t\t<\/div>\n\t\t\t\t<\/div>\n\t<\/div>\n\n\t<div class=\"product-element-bottom\">\n\n\t\t<div class=\"wd-product-header\">\n\t\t\t<h3 class=\"wd-entities-title\"><a href=\"http:\/\/yenisite.online\/index.php\/urun\/new-sante-ikili-kanepe\/\">New Sante \u0130kili Kanepe<\/a><\/h3>\n\t\t\t\t\t<\/div>\n\n\t\t\n\t\t\t\t<div class=\"wd-product-cats\">\n\t\t\t<a href=\"http:\/\/yenisite.online\/index.php\/urun-kategori\/kanepeler\/\" rel=\"tag\">Kanepeler<\/a>\t\t<\/div>\n\t\t\n\t\t\n\t\t<div class=\"wrap-price\">\n\t\t\t\n\n\t\t\t\t\t<\/div>\n\n\t\t\n\t\t\n\t\t\n\t\t\n\t\t<div class=\"wd-product-footer\">\n\t\t\t<div class=\"wd-add-btn wd-add-btn-replace\">\n\t\t\t\t<a href=\"http:\/\/yenisite.online\/index.php\/urun\/new-sante-ikili-kanepe\/\" aria-describedby=\"woocommerce_loop_add_to_cart_link_describedby_11641\" data-quantity=\"1\" class=\"button product_type_simple add-to-cart-loop\" data-product_id=\"11641\" data-product_sku=\"newsante-kanepe-takimi-1\" aria-label=\"&ldquo;New Sante \u0130kili Kanepe&rdquo; hakk\u0131nda daha fazla bilgi edinin\" rel=\"nofollow\" data-success_message=\"\"><span>Devam\u0131n\u0131 oku<\/span><\/a>\t<span id=\"woocommerce_loop_add_to_cart_link_describedby_11641\" class=\"screen-reader-text\">\n\t\t\t<\/span>\n\t\t\t<\/div>\n\n\t\t\t\t\t\t<div class=\"wd-action-buttons\">\n\t\t\t\t\t\t<div class=\"wd-compare-btn product-compare-button wd-action-btn wd-style-icon wd-compare-icon wd-tooltip\">\n\t\t\t<a href=\"http:\/\/yenisite.online\/index.php\/compare\/\" data-id=\"11641\" rel=\"nofollow\" data-added-text=\"\u00dcr\u00fcnleri kar\u015f\u0131la\u015ft\u0131r\">\n\t\t\t\t<span class=\"wd-added-icon\"><\/span>\n\t\t\t\t<span class=\"wd-action-text\">Add to compare<\/span>\n\t\t\t<\/a>\n\t\t<\/div>\n\t\t\t\t\t\t\t\t<div class=\"quick-view wd-action-btn wd-style-icon wd-quick-view-icon wd-tooltip\">\n\t\t\t<a\n\t\t\t\thref=\"http:\/\/yenisite.online\/index.php\/urun\/new-sante-ikili-kanepe\/\"\n\t\t\t\tclass=\"open-quick-view quick-view-button\"\n\t\t\t\trel=\"nofollow\"\n\t\t\t\tdata-id=\"11641\"\n\t\t\t\t>H\u0131zl\u0131 Bak<\/a>\n\t\t<\/div>\n\t\t\t\t\t<\/div>\n\t\t\t\t\t<\/div>\n\t<\/div>\n<\/div>\n<\/div>\n\t\t\n\t\t\t\t<\/div>\n\t\n\t\t\n\t\t\n\t\t\t\t\t<\/div>\n\t\t\n\t\t\t\t\t\t<\/div>\n\t\t\t\t<\/div>\n\t\t\t\t<\/div>\n\t\t\t\t\t<\/div>\n\t\t\t\t<\/div>\n\t\t\t\t<\/div>\n\t\t","protected":false},"excerpt":{"rendered":"<div class=\"woocommerce-product-details__short-description\">\n<p><strong>New Sante Kanepe Tak\u0131m\u0131,<\/strong> modern ve \u015f\u0131k tasar\u0131m\u0131yla ya\u015fam alanlar\u0131n\u0131za zarafet katmaktad\u0131r. Geni\u015f oturma alan\u0131, misafirlerinizi rahat\u00e7a a\u011f\u0131rlaman\u0131za olanak tan\u0131rken, yumu\u015fak kuma\u015f kaplamas\u0131 hem estetik bir g\u00f6r\u00fcn\u00fcm sunar hem de uzun s\u00fcreli konfor sa\u011flar. Ergonomik yap\u0131s\u0131, oturum s\u0131ras\u0131nda destekleyici bir deneyim sunarak kullan\u0131c\u0131lar\u0131n rahat hissetmelerini sa\u011flar. Tak\u0131m\u0131n zarif hatlar\u0131 ve \u015f\u0131k ayak yap\u0131s\u0131, her t\u00fcrl\u00fc dekorasyona uyum sa\u011flar.\u00a0<strong>New Sante Kanepe Tak\u0131m\u0131<\/strong>, hem konforu hem de esteti\u011fi bir arada arayanlar i\u00e7in m\u00fckemmel bir tercihtir. Modern bir atmosfer yaratman\u0131za yard\u0131mc\u0131 olurken, misafirlerinize de keyifli bir oturum deneyimi sunar.<\/p>\n<\/div>\n","protected":false},"featured_media":11638,"comment_status":"closed","ping_status":"closed","template":"","meta":[],"product_brand":[],"product_cat":[33],"product_tag":[404],"class_list":{"0":"post-11637","1":"product","2":"type-product","3":"status-publish","4":"has-post-thumbnail","6":"product_cat-kanepeler","7":"product_tag-new-sante-kanepe-takimi","9":"first","10":"instock","11":"shipping-taxable","12":"product-type-simple"},"_links":{"self":[{"href":"http:\/\/yenisite.online\/index.php\/wp-json\/wp\/v2\/product\/11637","targetHints":{"allow":["GET"]}}],"collection":[{"href":"http:\/\/yenisite.online\/index.php\/wp-json\/wp\/v2\/product"}],"about":[{"href":"http:\/\/yenisite.online\/index.php\/wp-json\/wp\/v2\/types\/product"}],"replies":[{"embeddable":true,"href":"http:\/\/yenisite.online\/index.php\/wp-json\/wp\/v2\/comments?post=11637"}],"version-history":[{"count":4,"href":"http:\/\/yenisite.online\/index.php\/wp-json\/wp\/v2\/product\/11637\/revisions"}],"predecessor-version":[{"id":11841,"href":"http:\/\/yenisite.online\/index.php\/wp-json\/wp\/v2\/product\/11637\/revisions\/11841"}],"wp:featuredmedia":[{"embeddable":true,"href":"http:\/\/yenisite.online\/index.php\/wp-json\/wp\/v2\/media\/11638"}],"wp:attachment":[{"href":"http:\/\/yenisite.online\/index.php\/wp-json\/wp\/v2\/media?parent=11637"}],"wp:term":[{"taxonomy":"product_brand","embeddable":true,"href":"http:\/\/yenisite.online\/index.php\/wp-json\/wp\/v2\/product_brand?post=11637"},{"taxonomy":"product_cat","embeddable":true,"href":"http:\/\/yenisite.online\/index.php\/wp-json\/wp\/v2\/product_cat?post=11637"},{"taxonomy":"product_tag","embeddable":true,"href":"http:\/\/yenisite.online\/index.php\/wp-json\/wp\/v2\/product_tag?post=11637"}],"curies":[{"name":"wp","href":"https:\/\/api.w.org\/{rel}","templated":true}]}}