{"id":12134,"date":"2026-02-05T06:49:13","date_gmt":"2026-02-05T06:49:13","guid":{"rendered":"http:\/\/yenisite.online\/?post_type=product&#038;p=12134"},"modified":"2026-02-05T07:18:49","modified_gmt":"2026-02-05T07:18:49","slug":"smart-bekleme-koltugu","status":"publish","type":"product","link":"http:\/\/yenisite.online\/index.php\/urun\/smart-bekleme-koltugu\/","title":{"rendered":"Smart Bekleme Koltu\u011fu"},"content":{"rendered":"\t\t<div data-elementor-type=\"wp-post\" data-elementor-id=\"12134\" class=\"elementor elementor-12134\">\n\t\t\t\t<div class=\"wd-negative-gap elementor-element elementor-element-7d96037 e-flex e-con-boxed e-con e-parent\" data-id=\"7d96037\" data-element_type=\"container\" data-e-type=\"container\">\n\t\t\t\t\t<div class=\"e-con-inner\">\n\t\t<div class=\"elementor-element elementor-element-b40586c e-con-full e-flex e-con e-child\" data-id=\"b40586c\" data-element_type=\"container\" data-e-type=\"container\">\n\t\t\t\t<div class=\"elementor-element elementor-element-f0f90b8 wd-width-100 elementor-widget elementor-widget-wd_products\" data-id=\"f0f90b8\" data-element_type=\"widget\" data-e-type=\"widget\" data-widget_type=\"wd_products.default\">\n\t\t\t\t<div class=\"elementor-widget-container\">\n\t\t\t\t\t\t\t\t\t\t<div class=\"wd-products-element\">\n\n\t\t\t\n\t\t\t\n\t\t\t\n\t\t\t\n\t\t\t<div class=\"products wd-products grid-columns-1 elements-grid wd-grid-g wd-stretch-cont-lg wd-stretch-cont-md wd-stretch-cont-sm\" data-paged=\"1\" data-atts=\"{&quot;speed&quot;:null,&quot;slides_per_view&quot;:null,&quot;slides_per_view_tablet&quot;:null,&quot;slides_per_view_mobile&quot;:null,&quot;wrap&quot;:null,&quot;autoplay&quot;:null,&quot;autoheight&quot;:null,&quot;hide_pagination_control&quot;:null,&quot;hide_pagination_control_tablet&quot;:null,&quot;hide_pagination_control_mobile&quot;:null,&quot;dynamic_pagination_control&quot;:null,&quot;hide_prev_next_buttons&quot;:null,&quot;carousel_arrows_position&quot;:null,&quot;hide_scrollbar&quot;:null,&quot;hide_scrollbar_tablet&quot;:null,&quot;hide_scrollbar_mobile&quot;:null,&quot;scroll_per_page&quot;:null,&quot;center_mode&quot;:null,&quot;spacing&quot;:&quot;&quot;,&quot;spacing_tablet&quot;:&quot;&quot;,&quot;spacing_mobile&quot;:&quot;&quot;,&quot;carousel_sync&quot;:null,&quot;sync_parent_id&quot;:null,&quot;sync_child_id&quot;:null,&quot;scroll_carousel_init&quot;:null,&quot;disable_overflow_carousel&quot;:null,&quot;include&quot;:null,&quot;taxonomies&quot;:[&quot;165&quot;],&quot;meta_key&quot;:null,&quot;shop_tools&quot;:null,&quot;ajax_recently_viewed&quot;:null,&quot;pagination_arrows_position&quot;:null,&quot;items_per_page&quot;:1,&quot;columns&quot;:{&quot;unit&quot;:&quot;px&quot;,&quot;size&quot;:1,&quot;sizes&quot;:[]},&quot;columns_tablet&quot;:{&quot;unit&quot;:&quot;px&quot;,&quot;size&quot;:&quot;&quot;,&quot;sizes&quot;:[]},&quot;columns_mobile&quot;:{&quot;unit&quot;:&quot;px&quot;,&quot;size&quot;:&quot;&quot;,&quot;sizes&quot;:[]},&quot;products_masonry&quot;:&quot;&quot;,&quot;products_different_sizes&quot;:&quot;&quot;,&quot;product_quantity&quot;:&quot;&quot;,&quot;sale_countdown&quot;:&quot;0&quot;,&quot;stretch_product&quot;:null,&quot;stretch_product_tablet&quot;:null,&quot;stretch_product_mobile&quot;:null,&quot;stock_progress_bar&quot;:&quot;0&quot;,&quot;highlighted_products&quot;:&quot;0&quot;,&quot;products_divider&quot;:null,&quot;products_bordered_grid&quot;:&quot;0&quot;,&quot;products_bordered_grid_style&quot;:null,&quot;products_with_background&quot;:&quot;0&quot;,&quot;products_shadow&quot;:&quot;0&quot;,&quot;img_size&quot;:&quot;large&quot;,&quot;img_size_custom&quot;:null,&quot;grid_gallery_control&quot;:null,&quot;grid_gallery_enable_arrows&quot;:null,&quot;elementor&quot;:true,&quot;force_not_ajax&quot;:&quot;no&quot;}\" data-source=\"shortcode\" data-columns=\"1\" data-grid-gallery=\"{&quot;grid_gallery&quot;:&quot;1&quot;,&quot;grid_gallery_control&quot;:&quot;arrows&quot;,&quot;grid_gallery_enable_arrows&quot;:&quot;none&quot;}\" style=\"--wd-col-lg:1;--wd-col-md:1;--wd-col-sm:1;--wd-gap-lg:30px;--wd-gap-md:20px;--wd-gap-sm:10px;\">\n\t\t\n\t\t\t\t\t\t\t\t<div class=\"wd-product wd-hover-buttons-on-hover wd-col product-grid-item product type-product post-9507 status-publish instock product_cat-calisma-koltugu product_tag-smart-calisma-koltugu has-post-thumbnail shipping-taxable product-type-simple\" data-loop=\"1\" data-id=\"9507\">\n\t\t\t\t\n\t\n<div class=\"product-wrapper\">\n\t<div class=\"product-element-top wd-quick-shop\">\n\t\t<a href=\"http:\/\/yenisite.online\/index.php\/urun\/smart-calisma-koltugu\/\" class=\"product-image-link\" tabindex=\"-1\" aria-label=\"Smart \u00c7al\u0131\u015fma Koltu\u011fu\">\n\t\t\t\t\t<div class=\"wd-product-grid-slider wd-fill\">\n\t\t\t\t\t\t\t<div class=\"wd-product-grid-slide\" data-image-url=\"http:\/\/yenisite.online\/wp-content\/uploads\/2026\/01\/smart-calisma-koltugu-10.webp\" data-image-srcset=\"http:\/\/yenisite.online\/wp-content\/uploads\/2026\/01\/smart-calisma-koltugu-10.webp 700w, http:\/\/yenisite.online\/wp-content\/uploads\/2026\/01\/smart-calisma-koltugu-10-263x300.webp 263w, http:\/\/yenisite.online\/wp-content\/uploads\/2026\/01\/smart-calisma-koltugu-10-150x171.webp 150w, http:\/\/yenisite.online\/wp-content\/uploads\/2026\/01\/smart-calisma-koltugu-10-400x457.webp 400w\" data-image-id=\"0\"><\/div>\n\t\t\t\t\t\t\t<div class=\"wd-product-grid-slide\" data-image-url=\"http:\/\/yenisite.online\/wp-content\/uploads\/2026\/01\/smart-calisma-koltugu-11.webp\" data-image-srcset=\"http:\/\/yenisite.online\/wp-content\/uploads\/2026\/01\/smart-calisma-koltugu-11.webp 700w, http:\/\/yenisite.online\/wp-content\/uploads\/2026\/01\/smart-calisma-koltugu-11-263x300.webp 263w, http:\/\/yenisite.online\/wp-content\/uploads\/2026\/01\/smart-calisma-koltugu-11-150x171.webp 150w, http:\/\/yenisite.online\/wp-content\/uploads\/2026\/01\/smart-calisma-koltugu-11-400x457.webp 400w\" data-image-id=\"1\"><\/div>\n\t\t\t\t\t<\/div>\n\n\t\t\t\t\t<div class=\"wd-product-grid-slider-nav wd-fill wd-hide-md\">\n\t\t\t\t<div class=\"wd-prev\"><\/div>\n\t\t\t\t<div class=\"wd-next\"><\/div>\n\t\t\t<\/div>\n\t\t\n\t\t\t\t\t\t\t\t\t<img loading=\"lazy\" decoding=\"async\" width=\"700\" height=\"800\" src=\"http:\/\/yenisite.online\/wp-content\/uploads\/2026\/01\/smart-calisma-koltugu-10.webp\" class=\"attachment-large size-large\" alt=\"\" srcset=\"http:\/\/yenisite.online\/wp-content\/uploads\/2026\/01\/smart-calisma-koltugu-10.webp 700w, http:\/\/yenisite.online\/wp-content\/uploads\/2026\/01\/smart-calisma-koltugu-10-263x300.webp 263w, http:\/\/yenisite.online\/wp-content\/uploads\/2026\/01\/smart-calisma-koltugu-10-150x171.webp 150w, http:\/\/yenisite.online\/wp-content\/uploads\/2026\/01\/smart-calisma-koltugu-10-400x457.webp 400w\" sizes=\"auto, (max-width: 700px) 100vw, 700px\" \/>\t\t<\/a>\n\n\t\t\n\t\t<div class=\"wd-buttons wd-pos-r-t\">\n\t\t\t\t\t\t<div class=\"wd-wishlist-btn wd-action-btn wd-style-icon wd-wishlist-icon\">\n\t\t\t\t<a class=\"\" href=\"http:\/\/yenisite.online\/index.php\/wishlist\/\" data-key=\"4021c32422\" data-product-id=\"9507\" rel=\"nofollow\" data-added-text=\"Browse wishlist\">\n\t\t\t\t\t<span class=\"wd-added-icon\"><\/span>\n\t\t\t\t\t<span class=\"wd-action-text\">\u0130stek listesine ekle<\/span>\n\t\t\t\t<\/a>\n\t\t\t<\/div>\n\t\t\t\t<\/div>\n\t<\/div>\n\n\t<div class=\"product-element-bottom\">\n\n\t\t<div class=\"wd-product-header\">\n\t\t\t<h3 class=\"wd-entities-title\"><a href=\"http:\/\/yenisite.online\/index.php\/urun\/smart-calisma-koltugu\/\">Smart \u00c7al\u0131\u015fma Koltu\u011fu<\/a><\/h3>\n\t\t\t\t\t<\/div>\n\n\t\t\n\t\t\t\t<div class=\"wd-product-cats\">\n\t\t\t<a href=\"http:\/\/yenisite.online\/index.php\/urun-kategori\/calisma-koltugu\/\" rel=\"tag\">\u00c7al\u0131\u015fma Koltu\u011fu<\/a>\t\t<\/div>\n\t\t\n\t\t\n\t\t<div class=\"wrap-price\">\n\t\t\t\n\n\t\t\t\t\t<\/div>\n\n\t\t\n\t\t\n\t\t\n\t\t\n\t\t<div class=\"wd-product-footer\">\n\t\t\t<div class=\"wd-add-btn wd-add-btn-replace\">\n\t\t\t\t<a href=\"http:\/\/yenisite.online\/index.php\/urun\/smart-calisma-koltugu\/\" aria-describedby=\"woocommerce_loop_add_to_cart_link_describedby_9507\" data-quantity=\"1\" class=\"button product_type_simple add-to-cart-loop\" data-product_id=\"9507\" data-product_sku=\"smart-calisma-koltugu\" aria-label=\"&ldquo;Smart \u00c7al\u0131\u015fma Koltu\u011fu&rdquo; hakk\u0131nda daha fazla bilgi edinin\" rel=\"nofollow\" data-success_message=\"\"><span>Devam\u0131n\u0131 oku<\/span><\/a>\t<span id=\"woocommerce_loop_add_to_cart_link_describedby_9507\" class=\"screen-reader-text\">\n\t\t\t<\/span>\n\t\t\t<\/div>\n\n\t\t\t\t\t\t<div class=\"wd-action-buttons\">\n\t\t\t\t\t\t<div class=\"wd-compare-btn product-compare-button wd-action-btn wd-style-icon wd-compare-icon wd-tooltip\">\n\t\t\t<a href=\"http:\/\/yenisite.online\/index.php\/compare\/\" data-id=\"9507\" rel=\"nofollow\" data-added-text=\"\u00dcr\u00fcnleri kar\u015f\u0131la\u015ft\u0131r\">\n\t\t\t\t<span class=\"wd-added-icon\"><\/span>\n\t\t\t\t<span class=\"wd-action-text\">Add to compare<\/span>\n\t\t\t<\/a>\n\t\t<\/div>\n\t\t\t\t\t\t\t\t<div class=\"quick-view wd-action-btn wd-style-icon wd-quick-view-icon wd-tooltip\">\n\t\t\t<a\n\t\t\t\thref=\"http:\/\/yenisite.online\/index.php\/urun\/smart-calisma-koltugu\/\"\n\t\t\t\tclass=\"open-quick-view quick-view-button\"\n\t\t\t\trel=\"nofollow\"\n\t\t\t\tdata-id=\"9507\"\n\t\t\t\t>H\u0131zl\u0131 Bak<\/a>\n\t\t<\/div>\n\t\t\t\t\t<\/div>\n\t\t\t\t\t<\/div>\n\t<\/div>\n<\/div>\n<\/div>\n\t\t\n\t\t\t\t<\/div>\n\t\n\t\t\n\t\t\n\t\t\t\t\t<\/div>\n\t\t\n\t\t\t\t\t\t<\/div>\n\t\t\t\t<\/div>\n\t\t\t\t<\/div>\n\t\t<div class=\"elementor-element elementor-element-b2887d0 e-con-full e-flex e-con e-child\" data-id=\"b2887d0\" data-element_type=\"container\" data-e-type=\"container\">\n\t\t\t\t<div class=\"elementor-element elementor-element-854ed74 wd-width-100 elementor-widget elementor-widget-wd_products\" data-id=\"854ed74\" data-element_type=\"widget\" data-e-type=\"widget\" data-widget_type=\"wd_products.default\">\n\t\t\t\t<div class=\"elementor-widget-container\">\n\t\t\t\t\t\t\t\t\t\t<div class=\"wd-products-element\">\n\n\t\t\t\n\t\t\t\n\t\t\t\n\t\t\t\n\t\t\t<div class=\"products wd-products grid-columns-1 elements-grid wd-grid-g wd-stretch-cont-lg wd-stretch-cont-md wd-stretch-cont-sm\" data-paged=\"1\" data-atts=\"{&quot;speed&quot;:null,&quot;slides_per_view&quot;:null,&quot;slides_per_view_tablet&quot;:null,&quot;slides_per_view_mobile&quot;:null,&quot;wrap&quot;:null,&quot;autoplay&quot;:null,&quot;autoheight&quot;:null,&quot;hide_pagination_control&quot;:null,&quot;hide_pagination_control_tablet&quot;:null,&quot;hide_pagination_control_mobile&quot;:null,&quot;dynamic_pagination_control&quot;:null,&quot;hide_prev_next_buttons&quot;:null,&quot;carousel_arrows_position&quot;:null,&quot;hide_scrollbar&quot;:null,&quot;hide_scrollbar_tablet&quot;:null,&quot;hide_scrollbar_mobile&quot;:null,&quot;scroll_per_page&quot;:null,&quot;center_mode&quot;:null,&quot;spacing&quot;:&quot;&quot;,&quot;spacing_tablet&quot;:&quot;&quot;,&quot;spacing_mobile&quot;:&quot;&quot;,&quot;carousel_sync&quot;:null,&quot;sync_parent_id&quot;:null,&quot;sync_child_id&quot;:null,&quot;scroll_carousel_init&quot;:null,&quot;disable_overflow_carousel&quot;:null,&quot;include&quot;:null,&quot;taxonomies&quot;:[&quot;216&quot;],&quot;meta_key&quot;:null,&quot;shop_tools&quot;:null,&quot;ajax_recently_viewed&quot;:null,&quot;pagination_arrows_position&quot;:null,&quot;items_per_page&quot;:1,&quot;columns&quot;:{&quot;unit&quot;:&quot;px&quot;,&quot;size&quot;:1,&quot;sizes&quot;:[]},&quot;columns_tablet&quot;:{&quot;unit&quot;:&quot;px&quot;,&quot;size&quot;:&quot;&quot;,&quot;sizes&quot;:[]},&quot;columns_mobile&quot;:{&quot;unit&quot;:&quot;px&quot;,&quot;size&quot;:&quot;&quot;,&quot;sizes&quot;:[]},&quot;products_masonry&quot;:&quot;&quot;,&quot;products_different_sizes&quot;:&quot;&quot;,&quot;product_quantity&quot;:&quot;&quot;,&quot;sale_countdown&quot;:&quot;0&quot;,&quot;stretch_product&quot;:null,&quot;stretch_product_tablet&quot;:null,&quot;stretch_product_mobile&quot;:null,&quot;stock_progress_bar&quot;:&quot;0&quot;,&quot;highlighted_products&quot;:&quot;0&quot;,&quot;products_divider&quot;:null,&quot;products_bordered_grid&quot;:&quot;0&quot;,&quot;products_bordered_grid_style&quot;:null,&quot;products_with_background&quot;:&quot;0&quot;,&quot;products_shadow&quot;:&quot;0&quot;,&quot;img_size&quot;:&quot;large&quot;,&quot;img_size_custom&quot;:null,&quot;grid_gallery_control&quot;:null,&quot;grid_gallery_enable_arrows&quot;:null,&quot;elementor&quot;:true,&quot;force_not_ajax&quot;:&quot;no&quot;}\" data-source=\"shortcode\" data-columns=\"1\" data-grid-gallery=\"{&quot;grid_gallery&quot;:&quot;1&quot;,&quot;grid_gallery_control&quot;:&quot;arrows&quot;,&quot;grid_gallery_enable_arrows&quot;:&quot;none&quot;}\" style=\"--wd-col-lg:1;--wd-col-md:1;--wd-col-sm:1;--wd-gap-lg:30px;--wd-gap-md:20px;--wd-gap-sm:10px;\">\n\t\t\n\t\t\t\t\t\t\t\t<div class=\"wd-product wd-hover-buttons-on-hover wd-col product-grid-item product type-product post-9771 status-publish instock product_cat-misafir-koltugu product_tag-smart-misafir-koltugu has-post-thumbnail shipping-taxable product-type-simple\" data-loop=\"1\" data-id=\"9771\">\n\t\t\t\t\n\t\n<div class=\"product-wrapper\">\n\t<div class=\"product-element-top wd-quick-shop\">\n\t\t<a href=\"http:\/\/yenisite.online\/index.php\/urun\/smart-misafir-koltugu\/\" class=\"product-image-link\" tabindex=\"-1\" aria-label=\"Smart Misafir Koltu\u011fu\">\n\t\t\t<img loading=\"lazy\" decoding=\"async\" width=\"700\" height=\"800\" src=\"http:\/\/yenisite.online\/wp-content\/uploads\/2026\/01\/smart-calisma-koltugu-11-1.webp\" class=\"attachment-large size-large\" alt=\"\" srcset=\"http:\/\/yenisite.online\/wp-content\/uploads\/2026\/01\/smart-calisma-koltugu-11-1.webp 700w, http:\/\/yenisite.online\/wp-content\/uploads\/2026\/01\/smart-calisma-koltugu-11-1-263x300.webp 263w, http:\/\/yenisite.online\/wp-content\/uploads\/2026\/01\/smart-calisma-koltugu-11-1-150x171.webp 150w, http:\/\/yenisite.online\/wp-content\/uploads\/2026\/01\/smart-calisma-koltugu-11-1-400x457.webp 400w\" sizes=\"auto, (max-width: 700px) 100vw, 700px\" \/>\t\t<\/a>\n\n\t\t\n\t\t<div class=\"wd-buttons wd-pos-r-t\">\n\t\t\t\t\t\t<div class=\"wd-wishlist-btn wd-action-btn wd-style-icon wd-wishlist-icon\">\n\t\t\t\t<a class=\"\" href=\"http:\/\/yenisite.online\/index.php\/wishlist\/\" data-key=\"4021c32422\" data-product-id=\"9771\" rel=\"nofollow\" data-added-text=\"Browse wishlist\">\n\t\t\t\t\t<span class=\"wd-added-icon\"><\/span>\n\t\t\t\t\t<span class=\"wd-action-text\">\u0130stek listesine ekle<\/span>\n\t\t\t\t<\/a>\n\t\t\t<\/div>\n\t\t\t\t<\/div>\n\t<\/div>\n\n\t<div class=\"product-element-bottom\">\n\n\t\t<div class=\"wd-product-header\">\n\t\t\t<h3 class=\"wd-entities-title\"><a href=\"http:\/\/yenisite.online\/index.php\/urun\/smart-misafir-koltugu\/\">Smart Misafir Koltu\u011fu<\/a><\/h3>\n\t\t\t\t\t<\/div>\n\n\t\t\n\t\t\t\t<div class=\"wd-product-cats\">\n\t\t\t<a href=\"http:\/\/yenisite.online\/index.php\/urun-kategori\/misafir-koltugu\/\" rel=\"tag\">Misafir Koltu\u011fu<\/a>\t\t<\/div>\n\t\t\n\t\t\n\t\t<div class=\"wrap-price\">\n\t\t\t\n\n\t\t\t\t\t<\/div>\n\n\t\t\n\t\t\n\t\t\n\t\t\n\t\t<div class=\"wd-product-footer\">\n\t\t\t<div class=\"wd-add-btn wd-add-btn-replace\">\n\t\t\t\t<a href=\"http:\/\/yenisite.online\/index.php\/urun\/smart-misafir-koltugu\/\" aria-describedby=\"woocommerce_loop_add_to_cart_link_describedby_9771\" data-quantity=\"1\" class=\"button product_type_simple add-to-cart-loop\" data-product_id=\"9771\" data-product_sku=\"smart-misafir-koltugu\" aria-label=\"&ldquo;Smart Misafir Koltu\u011fu&rdquo; hakk\u0131nda daha fazla bilgi edinin\" rel=\"nofollow\" data-success_message=\"\"><span>Devam\u0131n\u0131 oku<\/span><\/a>\t<span id=\"woocommerce_loop_add_to_cart_link_describedby_9771\" class=\"screen-reader-text\">\n\t\t\t<\/span>\n\t\t\t<\/div>\n\n\t\t\t\t\t\t<div class=\"wd-action-buttons\">\n\t\t\t\t\t\t<div class=\"wd-compare-btn product-compare-button wd-action-btn wd-style-icon wd-compare-icon wd-tooltip\">\n\t\t\t<a href=\"http:\/\/yenisite.online\/index.php\/compare\/\" data-id=\"9771\" rel=\"nofollow\" data-added-text=\"\u00dcr\u00fcnleri kar\u015f\u0131la\u015ft\u0131r\">\n\t\t\t\t<span class=\"wd-added-icon\"><\/span>\n\t\t\t\t<span class=\"wd-action-text\">Add to compare<\/span>\n\t\t\t<\/a>\n\t\t<\/div>\n\t\t\t\t\t\t\t\t<div class=\"quick-view wd-action-btn wd-style-icon wd-quick-view-icon wd-tooltip\">\n\t\t\t<a\n\t\t\t\thref=\"http:\/\/yenisite.online\/index.php\/urun\/smart-misafir-koltugu\/\"\n\t\t\t\tclass=\"open-quick-view quick-view-button\"\n\t\t\t\trel=\"nofollow\"\n\t\t\t\tdata-id=\"9771\"\n\t\t\t\t>H\u0131zl\u0131 Bak<\/a>\n\t\t<\/div>\n\t\t\t\t\t<\/div>\n\t\t\t\t\t<\/div>\n\t<\/div>\n<\/div>\n<\/div>\n\t\t\n\t\t\t\t<\/div>\n\t\n\t\t\n\t\t\n\t\t\t\t\t<\/div>\n\t\t\n\t\t\t\t\t\t<\/div>\n\t\t\t\t<\/div>\n\t\t\t\t<\/div>\n\t\t\t\t\t<\/div>\n\t\t\t\t<\/div>\n\t\t\t\t<\/div>\n\t\t","protected":false},"excerpt":{"rendered":"<div class=\"woocommerce-product-details__short-description\">\n<div class=\"woocommerce-product-details__short-description\">\n<p><strong>Smart Bekleme Koltu\u011fu,<\/strong> modern ve \u015f\u0131k tasar\u0131m\u0131yla ofis ve bekleme alanlar\u0131na zarafet katmaktad\u0131r. Ergonomik yap\u0131s\u0131, kullan\u0131c\u0131lar\u0131n uzun s\u00fcre oturduklar\u0131nda bile rahat hissetmelerini sa\u011flar. Yumu\u015fak kuma\u015f kaplamas\u0131, estetik bir g\u00f6r\u00fcn\u00fcm sunarken, dayan\u0131kl\u0131 yap\u0131s\u0131 ile uzun \u00f6m\u00fcrl\u00fc kullan\u0131m imkan\u0131 tan\u0131r. Koltu\u011fun sade hatlar\u0131 ve \u015f\u0131k ayak yap\u0131s\u0131, her t\u00fcrl\u00fc dekorasyona m\u00fckemmel uyum sa\u011flar. Smart Bekleme Koltu\u011fu, hem konforu hem de esteti\u011fi bir arada arayan profesyoneller i\u00e7in ideal bir tercihtir. Ofisinizde modern bir atmosfer olu\u015fturman\u0131za yard\u0131mc\u0131 olurken, misafirlerinize de keyifli bir bekleme deneyimi sunar.<\/p>\n<\/div>\n<\/div>\n","protected":false},"featured_media":12135,"comment_status":"closed","ping_status":"closed","template":"","meta":[],"product_brand":[],"product_cat":[432],"product_tag":[451],"class_list":{"0":"post-12134","1":"product","2":"type-product","3":"status-publish","4":"has-post-thumbnail","6":"product_cat-lobi-bekleme-koltuklari","7":"product_tag-smart-bekleme-koltugu","9":"first","10":"instock","11":"shipping-taxable","12":"product-type-simple"},"_links":{"self":[{"href":"http:\/\/yenisite.online\/index.php\/wp-json\/wp\/v2\/product\/12134","targetHints":{"allow":["GET"]}}],"collection":[{"href":"http:\/\/yenisite.online\/index.php\/wp-json\/wp\/v2\/product"}],"about":[{"href":"http:\/\/yenisite.online\/index.php\/wp-json\/wp\/v2\/types\/product"}],"replies":[{"embeddable":true,"href":"http:\/\/yenisite.online\/index.php\/wp-json\/wp\/v2\/comments?post=12134"}],"version-history":[{"count":4,"href":"http:\/\/yenisite.online\/index.php\/wp-json\/wp\/v2\/product\/12134\/revisions"}],"predecessor-version":[{"id":12182,"href":"http:\/\/yenisite.online\/index.php\/wp-json\/wp\/v2\/product\/12134\/revisions\/12182"}],"wp:featuredmedia":[{"embeddable":true,"href":"http:\/\/yenisite.online\/index.php\/wp-json\/wp\/v2\/media\/12135"}],"wp:attachment":[{"href":"http:\/\/yenisite.online\/index.php\/wp-json\/wp\/v2\/media?parent=12134"}],"wp:term":[{"taxonomy":"product_brand","embeddable":true,"href":"http:\/\/yenisite.online\/index.php\/wp-json\/wp\/v2\/product_brand?post=12134"},{"taxonomy":"product_cat","embeddable":true,"href":"http:\/\/yenisite.online\/index.php\/wp-json\/wp\/v2\/product_cat?post=12134"},{"taxonomy":"product_tag","embeddable":true,"href":"http:\/\/yenisite.online\/index.php\/wp-json\/wp\/v2\/product_tag?post=12134"}],"curies":[{"name":"wp","href":"https:\/\/api.w.org\/{rel}","templated":true}]}}