{"id":12147,"date":"2026-02-05T06:56:38","date_gmt":"2026-02-05T06:56:38","guid":{"rendered":"http:\/\/yenisite.online\/?post_type=product&#038;p=12147"},"modified":"2026-02-05T07:16:49","modified_gmt":"2026-02-05T07:16:49","slug":"solo-bekleme-koltugu","status":"publish","type":"product","link":"http:\/\/yenisite.online\/index.php\/urun\/solo-bekleme-koltugu\/","title":{"rendered":"Solo Bekleme Koltu\u011fu"},"content":{"rendered":"\t\t<div data-elementor-type=\"wp-post\" data-elementor-id=\"12147\" class=\"elementor elementor-12147\">\n\t\t\t\t<div class=\"wd-negative-gap elementor-element elementor-element-9827aff e-flex e-con-boxed e-con e-parent\" data-id=\"9827aff\" data-element_type=\"container\" data-e-type=\"container\">\n\t\t\t\t\t<div class=\"e-con-inner\">\n\t\t<div class=\"elementor-element elementor-element-38a88d2 e-con-full e-flex e-con e-child\" data-id=\"38a88d2\" data-element_type=\"container\" data-e-type=\"container\">\n\t\t\t\t<div class=\"elementor-element elementor-element-956a3cb wd-width-100 elementor-widget elementor-widget-wd_products\" data-id=\"956a3cb\" data-element_type=\"widget\" data-e-type=\"widget\" data-widget_type=\"wd_products.default\">\n\t\t\t\t<div class=\"elementor-widget-container\">\n\t\t\t\t\t\t\t\t\t\t<div class=\"wd-products-element\">\n\n\t\t\t\n\t\t\t\n\t\t\t\n\t\t\t\n\t\t\t<div class=\"products wd-products grid-columns-1 elements-grid wd-grid-g wd-stretch-cont-lg wd-stretch-cont-md wd-stretch-cont-sm\" data-paged=\"1\" data-atts=\"{&quot;speed&quot;:null,&quot;slides_per_view&quot;:null,&quot;wrap&quot;:null,&quot;autoplay&quot;:null,&quot;autoheight&quot;:null,&quot;hide_pagination_control&quot;:null,&quot;dynamic_pagination_control&quot;:null,&quot;hide_prev_next_buttons&quot;:null,&quot;carousel_arrows_position&quot;:null,&quot;hide_scrollbar&quot;:null,&quot;scroll_per_page&quot;:null,&quot;center_mode&quot;:null,&quot;spacing&quot;:&quot;&quot;,&quot;carousel_sync&quot;:null,&quot;sync_parent_id&quot;:null,&quot;sync_child_id&quot;:null,&quot;scroll_carousel_init&quot;:null,&quot;disable_overflow_carousel&quot;:null,&quot;include&quot;:null,&quot;taxonomies&quot;:[&quot;449&quot;],&quot;meta_key&quot;:null,&quot;shop_tools&quot;:null,&quot;ajax_recently_viewed&quot;:null,&quot;pagination_arrows_position&quot;:null,&quot;items_per_page&quot;:1,&quot;columns&quot;:{&quot;unit&quot;:&quot;px&quot;,&quot;size&quot;:1,&quot;sizes&quot;:[]},&quot;products_masonry&quot;:&quot;&quot;,&quot;products_different_sizes&quot;:&quot;&quot;,&quot;product_quantity&quot;:&quot;&quot;,&quot;sale_countdown&quot;:&quot;0&quot;,&quot;stretch_product&quot;:null,&quot;stock_progress_bar&quot;:&quot;0&quot;,&quot;highlighted_products&quot;:&quot;0&quot;,&quot;products_divider&quot;:null,&quot;products_bordered_grid&quot;:&quot;0&quot;,&quot;products_bordered_grid_style&quot;:null,&quot;products_with_background&quot;:&quot;0&quot;,&quot;products_shadow&quot;:&quot;0&quot;,&quot;img_size&quot;:&quot;large&quot;,&quot;img_size_custom&quot;:null,&quot;grid_gallery_control&quot;:null,&quot;grid_gallery_enable_arrows&quot;:null,&quot;elementor&quot;:true,&quot;force_not_ajax&quot;:&quot;no&quot;}\" data-source=\"shortcode\" data-columns=\"1\" data-grid-gallery=\"{&quot;grid_gallery&quot;:&quot;1&quot;,&quot;grid_gallery_control&quot;:&quot;arrows&quot;,&quot;grid_gallery_enable_arrows&quot;:&quot;none&quot;}\" style=\"--wd-col-lg:1;--wd-col-md:1;--wd-col-sm:1;--wd-gap-lg:30px;--wd-gap-md:20px;--wd-gap-sm:10px;\">\n\t\t\n\t\t\t\t\t\t\t\t<div class=\"wd-product wd-hover-buttons-on-hover wd-col product-grid-item product type-product post-12121 status-publish instock product_cat-lobi-bekleme-koltuklari product_tag-rest-bekleme-koltugu has-post-thumbnail shipping-taxable product-type-simple\" data-loop=\"1\" data-id=\"12121\">\n\t\t\t\t\n\t\n<div class=\"product-wrapper\">\n\t<div class=\"product-element-top wd-quick-shop\">\n\t\t<a href=\"http:\/\/yenisite.online\/index.php\/urun\/rest-bekleme-koltugu\/\" class=\"product-image-link\" tabindex=\"-1\" aria-label=\"Rest Bekleme Koltu\u011fu\">\n\t\t\t\t\t<div class=\"wd-product-grid-slider wd-fill\">\n\t\t\t\t\t\t\t<div class=\"wd-product-grid-slide\" data-image-url=\"http:\/\/yenisite.online\/wp-content\/uploads\/2026\/02\/rest-bekleme-koltugu-10.webp\" data-image-srcset=\"http:\/\/yenisite.online\/wp-content\/uploads\/2026\/02\/rest-bekleme-koltugu-10.webp 700w, http:\/\/yenisite.online\/wp-content\/uploads\/2026\/02\/rest-bekleme-koltugu-10-263x300.webp 263w, http:\/\/yenisite.online\/wp-content\/uploads\/2026\/02\/rest-bekleme-koltugu-10-150x171.webp 150w, http:\/\/yenisite.online\/wp-content\/uploads\/2026\/02\/rest-bekleme-koltugu-10-400x457.webp 400w\" data-image-id=\"0\"><\/div>\n\t\t\t\t\t\t\t<div class=\"wd-product-grid-slide\" data-image-url=\"http:\/\/yenisite.online\/wp-content\/uploads\/2026\/02\/rest-bekleme-koltugu-11.webp\" data-image-srcset=\"http:\/\/yenisite.online\/wp-content\/uploads\/2026\/02\/rest-bekleme-koltugu-11.webp 700w, http:\/\/yenisite.online\/wp-content\/uploads\/2026\/02\/rest-bekleme-koltugu-11-263x300.webp 263w, http:\/\/yenisite.online\/wp-content\/uploads\/2026\/02\/rest-bekleme-koltugu-11-150x171.webp 150w, http:\/\/yenisite.online\/wp-content\/uploads\/2026\/02\/rest-bekleme-koltugu-11-400x457.webp 400w\" data-image-id=\"1\"><\/div>\n\t\t\t\t\t<\/div>\n\n\t\t\t\t\t<div class=\"wd-product-grid-slider-nav wd-fill wd-hide-md\">\n\t\t\t\t<div class=\"wd-prev\"><\/div>\n\t\t\t\t<div class=\"wd-next\"><\/div>\n\t\t\t<\/div>\n\t\t\n\t\t\t\t\t\t\t\t\t<img loading=\"lazy\" decoding=\"async\" width=\"700\" height=\"800\" src=\"http:\/\/yenisite.online\/wp-content\/uploads\/2026\/02\/rest-bekleme-koltugu-10.webp\" class=\"attachment-large size-large\" alt=\"\" srcset=\"http:\/\/yenisite.online\/wp-content\/uploads\/2026\/02\/rest-bekleme-koltugu-10.webp 700w, http:\/\/yenisite.online\/wp-content\/uploads\/2026\/02\/rest-bekleme-koltugu-10-263x300.webp 263w, http:\/\/yenisite.online\/wp-content\/uploads\/2026\/02\/rest-bekleme-koltugu-10-150x171.webp 150w, http:\/\/yenisite.online\/wp-content\/uploads\/2026\/02\/rest-bekleme-koltugu-10-400x457.webp 400w\" sizes=\"auto, (max-width: 700px) 100vw, 700px\" \/>\t\t<\/a>\n\n\t\t\n\t\t<div class=\"wd-buttons wd-pos-r-t\">\n\t\t\t\t\t\t<div class=\"wd-wishlist-btn wd-action-btn wd-style-icon wd-wishlist-icon\">\n\t\t\t\t<a class=\"\" href=\"http:\/\/yenisite.online\/index.php\/wishlist\/\" data-key=\"90401da02d\" data-product-id=\"12121\" rel=\"nofollow\" data-added-text=\"Browse wishlist\">\n\t\t\t\t\t<span class=\"wd-added-icon\"><\/span>\n\t\t\t\t\t<span class=\"wd-action-text\">\u0130stek listesine ekle<\/span>\n\t\t\t\t<\/a>\n\t\t\t<\/div>\n\t\t\t\t<\/div>\n\t<\/div>\n\n\t<div class=\"product-element-bottom\">\n\n\t\t<div class=\"wd-product-header\">\n\t\t\t<h3 class=\"wd-entities-title\"><a href=\"http:\/\/yenisite.online\/index.php\/urun\/rest-bekleme-koltugu\/\">Rest Bekleme Koltu\u011fu<\/a><\/h3>\n\t\t\t\t\t<\/div>\n\n\t\t\n\t\t\t\t<div class=\"wd-product-cats\">\n\t\t\t<a href=\"http:\/\/yenisite.online\/index.php\/urun-kategori\/lobi-bekleme-koltuklari\/\" rel=\"tag\">Lobi Bekleme Koltuklar\u0131<\/a>\t\t<\/div>\n\t\t\n\t\t\n\t\t<div class=\"wrap-price\">\n\t\t\t\n\n\t\t\t\t\t<\/div>\n\n\t\t\n\t\t\n\t\t\n\t\t\n\t\t<div class=\"wd-product-footer\">\n\t\t\t<div class=\"wd-add-btn wd-add-btn-replace\">\n\t\t\t\t<a href=\"http:\/\/yenisite.online\/index.php\/urun\/rest-bekleme-koltugu\/\" aria-describedby=\"woocommerce_loop_add_to_cart_link_describedby_12121\" data-quantity=\"1\" class=\"button product_type_simple add-to-cart-loop\" data-product_id=\"12121\" data-product_sku=\"\" aria-label=\"&ldquo;Rest Bekleme Koltu\u011fu&rdquo; hakk\u0131nda daha fazla bilgi edinin\" rel=\"nofollow\" data-success_message=\"\"><span>Devam\u0131n\u0131 oku<\/span><\/a>\t<span id=\"woocommerce_loop_add_to_cart_link_describedby_12121\" class=\"screen-reader-text\">\n\t\t\t<\/span>\n\t\t\t<\/div>\n\n\t\t\t\t\t\t<div class=\"wd-action-buttons\">\n\t\t\t\t\t\t<div class=\"wd-compare-btn product-compare-button wd-action-btn wd-style-icon wd-compare-icon wd-tooltip\">\n\t\t\t<a href=\"http:\/\/yenisite.online\/index.php\/compare\/\" data-id=\"12121\" rel=\"nofollow\" data-added-text=\"\u00dcr\u00fcnleri kar\u015f\u0131la\u015ft\u0131r\">\n\t\t\t\t<span class=\"wd-added-icon\"><\/span>\n\t\t\t\t<span class=\"wd-action-text\">Add to compare<\/span>\n\t\t\t<\/a>\n\t\t<\/div>\n\t\t\t\t\t\t\t\t<div class=\"quick-view wd-action-btn wd-style-icon wd-quick-view-icon wd-tooltip\">\n\t\t\t<a\n\t\t\t\thref=\"http:\/\/yenisite.online\/index.php\/urun\/rest-bekleme-koltugu\/\"\n\t\t\t\tclass=\"open-quick-view quick-view-button\"\n\t\t\t\trel=\"nofollow\"\n\t\t\t\tdata-id=\"12121\"\n\t\t\t\t>H\u0131zl\u0131 Bak<\/a>\n\t\t<\/div>\n\t\t\t\t\t<\/div>\n\t\t\t\t\t<\/div>\n\t<\/div>\n<\/div>\n<\/div>\n\t\t\n\t\t\t\t<\/div>\n\t\n\t\t\n\t\t\n\t\t\t\t\t<\/div>\n\t\t\n\t\t\t\t\t\t<\/div>\n\t\t\t\t<\/div>\n\t\t\t\t<\/div>\n\t\t<div class=\"elementor-element elementor-element-cdab092 e-con-full e-flex e-con e-child\" data-id=\"cdab092\" data-element_type=\"container\" data-e-type=\"container\">\n\t\t\t\t<div class=\"elementor-element elementor-element-9472725 wd-width-100 elementor-widget elementor-widget-wd_products\" data-id=\"9472725\" data-element_type=\"widget\" data-e-type=\"widget\" data-widget_type=\"wd_products.default\">\n\t\t\t\t<div class=\"elementor-widget-container\">\n\t\t\t\t\t\t\t\t\t\t<div class=\"wd-products-element\">\n\n\t\t\t\n\t\t\t\n\t\t\t\n\t\t\t\n\t\t\t<div class=\"products wd-products grid-columns-1 elements-grid wd-grid-g wd-stretch-cont-lg wd-stretch-cont-md wd-stretch-cont-sm\" data-paged=\"1\" data-atts=\"{&quot;speed&quot;:null,&quot;slides_per_view&quot;:null,&quot;wrap&quot;:null,&quot;autoplay&quot;:null,&quot;autoheight&quot;:null,&quot;hide_pagination_control&quot;:null,&quot;dynamic_pagination_control&quot;:null,&quot;hide_prev_next_buttons&quot;:null,&quot;carousel_arrows_position&quot;:null,&quot;hide_scrollbar&quot;:null,&quot;scroll_per_page&quot;:null,&quot;center_mode&quot;:null,&quot;spacing&quot;:&quot;&quot;,&quot;carousel_sync&quot;:null,&quot;sync_parent_id&quot;:null,&quot;sync_child_id&quot;:null,&quot;scroll_carousel_init&quot;:null,&quot;disable_overflow_carousel&quot;:null,&quot;include&quot;:null,&quot;taxonomies&quot;:[&quot;450&quot;],&quot;meta_key&quot;:null,&quot;shop_tools&quot;:null,&quot;ajax_recently_viewed&quot;:null,&quot;pagination_arrows_position&quot;:null,&quot;items_per_page&quot;:1,&quot;columns&quot;:{&quot;unit&quot;:&quot;px&quot;,&quot;size&quot;:1,&quot;sizes&quot;:[]},&quot;products_masonry&quot;:&quot;&quot;,&quot;products_different_sizes&quot;:&quot;&quot;,&quot;product_quantity&quot;:&quot;&quot;,&quot;sale_countdown&quot;:&quot;0&quot;,&quot;stretch_product&quot;:null,&quot;stock_progress_bar&quot;:&quot;0&quot;,&quot;highlighted_products&quot;:&quot;0&quot;,&quot;products_divider&quot;:null,&quot;products_bordered_grid&quot;:&quot;0&quot;,&quot;products_bordered_grid_style&quot;:null,&quot;products_with_background&quot;:&quot;0&quot;,&quot;products_shadow&quot;:&quot;0&quot;,&quot;img_size&quot;:&quot;large&quot;,&quot;img_size_custom&quot;:null,&quot;grid_gallery_control&quot;:null,&quot;grid_gallery_enable_arrows&quot;:null,&quot;elementor&quot;:true,&quot;force_not_ajax&quot;:&quot;no&quot;}\" data-source=\"shortcode\" data-columns=\"1\" data-grid-gallery=\"{&quot;grid_gallery&quot;:&quot;1&quot;,&quot;grid_gallery_control&quot;:&quot;arrows&quot;,&quot;grid_gallery_enable_arrows&quot;:&quot;none&quot;}\" style=\"--wd-col-lg:1;--wd-col-md:1;--wd-col-sm:1;--wd-gap-lg:30px;--wd-gap-md:20px;--wd-gap-sm:10px;\">\n\t\t\n\t\t\t\t\t\t\t\t<div class=\"wd-product wd-hover-buttons-on-hover wd-col product-grid-item product type-product post-12125 status-publish instock product_cat-lobi-bekleme-koltuklari product_tag-rubik-bekleme-koltugu has-post-thumbnail shipping-taxable product-type-simple\" data-loop=\"1\" data-id=\"12125\">\n\t\t\t\t\n\t\n<div class=\"product-wrapper\">\n\t<div class=\"product-element-top wd-quick-shop\">\n\t\t<a href=\"http:\/\/yenisite.online\/index.php\/urun\/rubik-bekleme-koltugu\/\" class=\"product-image-link\" tabindex=\"-1\" aria-label=\"Rubik Bekleme Koltu\u011fu\">\n\t\t\t\t\t<div class=\"wd-product-grid-slider wd-fill\">\n\t\t\t\t\t\t\t<div class=\"wd-product-grid-slide\" data-image-url=\"http:\/\/yenisite.online\/wp-content\/uploads\/2026\/02\/rubik-bekleme-koltugu-15.webp\" data-image-srcset=\"http:\/\/yenisite.online\/wp-content\/uploads\/2026\/02\/rubik-bekleme-koltugu-15.webp 700w, http:\/\/yenisite.online\/wp-content\/uploads\/2026\/02\/rubik-bekleme-koltugu-15-263x300.webp 263w, http:\/\/yenisite.online\/wp-content\/uploads\/2026\/02\/rubik-bekleme-koltugu-15-150x171.webp 150w, http:\/\/yenisite.online\/wp-content\/uploads\/2026\/02\/rubik-bekleme-koltugu-15-400x457.webp 400w\" data-image-id=\"0\"><\/div>\n\t\t\t\t\t\t\t<div class=\"wd-product-grid-slide\" data-image-url=\"http:\/\/yenisite.online\/wp-content\/uploads\/2026\/02\/rubik-bekleme-koltugu-14.webp\" data-image-srcset=\"http:\/\/yenisite.online\/wp-content\/uploads\/2026\/02\/rubik-bekleme-koltugu-14.webp 700w, http:\/\/yenisite.online\/wp-content\/uploads\/2026\/02\/rubik-bekleme-koltugu-14-263x300.webp 263w, http:\/\/yenisite.online\/wp-content\/uploads\/2026\/02\/rubik-bekleme-koltugu-14-150x171.webp 150w, http:\/\/yenisite.online\/wp-content\/uploads\/2026\/02\/rubik-bekleme-koltugu-14-400x457.webp 400w\" data-image-id=\"1\"><\/div>\n\t\t\t\t\t\t\t<div class=\"wd-product-grid-slide\" data-image-url=\"http:\/\/yenisite.online\/wp-content\/uploads\/2026\/02\/rubik-bekleme-koltugu-12.webp\" data-image-srcset=\"http:\/\/yenisite.online\/wp-content\/uploads\/2026\/02\/rubik-bekleme-koltugu-12.webp 700w, http:\/\/yenisite.online\/wp-content\/uploads\/2026\/02\/rubik-bekleme-koltugu-12-263x300.webp 263w, http:\/\/yenisite.online\/wp-content\/uploads\/2026\/02\/rubik-bekleme-koltugu-12-150x171.webp 150w, http:\/\/yenisite.online\/wp-content\/uploads\/2026\/02\/rubik-bekleme-koltugu-12-400x457.webp 400w\" data-image-id=\"2\"><\/div>\n\t\t\t\t\t\t\t<div class=\"wd-product-grid-slide\" data-image-url=\"http:\/\/yenisite.online\/wp-content\/uploads\/2026\/02\/rubik-bekleme-koltugu-11.webp\" data-image-srcset=\"http:\/\/yenisite.online\/wp-content\/uploads\/2026\/02\/rubik-bekleme-koltugu-11.webp 700w, http:\/\/yenisite.online\/wp-content\/uploads\/2026\/02\/rubik-bekleme-koltugu-11-263x300.webp 263w, http:\/\/yenisite.online\/wp-content\/uploads\/2026\/02\/rubik-bekleme-koltugu-11-150x171.webp 150w, http:\/\/yenisite.online\/wp-content\/uploads\/2026\/02\/rubik-bekleme-koltugu-11-400x457.webp 400w\" data-image-id=\"3\"><\/div>\n\t\t\t\t\t\t\t<div class=\"wd-product-grid-slide\" data-image-url=\"http:\/\/yenisite.online\/wp-content\/uploads\/2026\/02\/rubik-bekleme-koltugu-10.webp\" data-image-srcset=\"http:\/\/yenisite.online\/wp-content\/uploads\/2026\/02\/rubik-bekleme-koltugu-10.webp 700w, http:\/\/yenisite.online\/wp-content\/uploads\/2026\/02\/rubik-bekleme-koltugu-10-263x300.webp 263w, http:\/\/yenisite.online\/wp-content\/uploads\/2026\/02\/rubik-bekleme-koltugu-10-150x171.webp 150w, http:\/\/yenisite.online\/wp-content\/uploads\/2026\/02\/rubik-bekleme-koltugu-10-400x457.webp 400w\" data-image-id=\"4\"><\/div>\n\t\t\t\t\t\t\t<div class=\"wd-product-grid-slide\" data-image-url=\"http:\/\/yenisite.online\/wp-content\/uploads\/2026\/02\/rubik-bekleme-koltugu-13.webp\" data-image-srcset=\"http:\/\/yenisite.online\/wp-content\/uploads\/2026\/02\/rubik-bekleme-koltugu-13.webp 700w, http:\/\/yenisite.online\/wp-content\/uploads\/2026\/02\/rubik-bekleme-koltugu-13-263x300.webp 263w, http:\/\/yenisite.online\/wp-content\/uploads\/2026\/02\/rubik-bekleme-koltugu-13-150x171.webp 150w, http:\/\/yenisite.online\/wp-content\/uploads\/2026\/02\/rubik-bekleme-koltugu-13-400x457.webp 400w\" data-image-id=\"5\"><\/div>\n\t\t\t\t\t<\/div>\n\n\t\t\t\t\t<div class=\"wd-product-grid-slider-nav wd-fill wd-hide-md\">\n\t\t\t\t<div class=\"wd-prev\"><\/div>\n\t\t\t\t<div class=\"wd-next\"><\/div>\n\t\t\t<\/div>\n\t\t\n\t\t\t\t\t\t\t\t\t<img loading=\"lazy\" decoding=\"async\" width=\"700\" height=\"800\" src=\"http:\/\/yenisite.online\/wp-content\/uploads\/2026\/02\/rubik-bekleme-koltugu-15.webp\" class=\"attachment-large size-large\" alt=\"\" srcset=\"http:\/\/yenisite.online\/wp-content\/uploads\/2026\/02\/rubik-bekleme-koltugu-15.webp 700w, http:\/\/yenisite.online\/wp-content\/uploads\/2026\/02\/rubik-bekleme-koltugu-15-263x300.webp 263w, http:\/\/yenisite.online\/wp-content\/uploads\/2026\/02\/rubik-bekleme-koltugu-15-150x171.webp 150w, http:\/\/yenisite.online\/wp-content\/uploads\/2026\/02\/rubik-bekleme-koltugu-15-400x457.webp 400w\" sizes=\"auto, (max-width: 700px) 100vw, 700px\" \/>\t\t<\/a>\n\n\t\t\n\t\t<div class=\"wd-buttons wd-pos-r-t\">\n\t\t\t\t\t\t<div class=\"wd-wishlist-btn wd-action-btn wd-style-icon wd-wishlist-icon\">\n\t\t\t\t<a class=\"\" href=\"http:\/\/yenisite.online\/index.php\/wishlist\/\" data-key=\"90401da02d\" data-product-id=\"12125\" rel=\"nofollow\" data-added-text=\"Browse wishlist\">\n\t\t\t\t\t<span class=\"wd-added-icon\"><\/span>\n\t\t\t\t\t<span class=\"wd-action-text\">\u0130stek listesine ekle<\/span>\n\t\t\t\t<\/a>\n\t\t\t<\/div>\n\t\t\t\t<\/div>\n\t<\/div>\n\n\t<div class=\"product-element-bottom\">\n\n\t\t<div class=\"wd-product-header\">\n\t\t\t<h3 class=\"wd-entities-title\"><a href=\"http:\/\/yenisite.online\/index.php\/urun\/rubik-bekleme-koltugu\/\">Rubik Bekleme Koltu\u011fu<\/a><\/h3>\n\t\t\t\t\t<\/div>\n\n\t\t\n\t\t\t\t<div class=\"wd-product-cats\">\n\t\t\t<a href=\"http:\/\/yenisite.online\/index.php\/urun-kategori\/lobi-bekleme-koltuklari\/\" rel=\"tag\">Lobi Bekleme Koltuklar\u0131<\/a>\t\t<\/div>\n\t\t\n\t\t\n\t\t<div class=\"wrap-price\">\n\t\t\t\n\n\t\t\t\t\t<\/div>\n\n\t\t\n\t\t\n\t\t\n\t\t\n\t\t<div class=\"wd-product-footer\">\n\t\t\t<div class=\"wd-add-btn wd-add-btn-replace\">\n\t\t\t\t<a href=\"http:\/\/yenisite.online\/index.php\/urun\/rubik-bekleme-koltugu\/\" aria-describedby=\"woocommerce_loop_add_to_cart_link_describedby_12125\" data-quantity=\"1\" class=\"button product_type_simple add-to-cart-loop\" data-product_id=\"12125\" data-product_sku=\"\" aria-label=\"&ldquo;Rubik Bekleme Koltu\u011fu&rdquo; hakk\u0131nda daha fazla bilgi edinin\" rel=\"nofollow\" data-success_message=\"\"><span>Devam\u0131n\u0131 oku<\/span><\/a>\t<span id=\"woocommerce_loop_add_to_cart_link_describedby_12125\" class=\"screen-reader-text\">\n\t\t\t<\/span>\n\t\t\t<\/div>\n\n\t\t\t\t\t\t<div class=\"wd-action-buttons\">\n\t\t\t\t\t\t<div class=\"wd-compare-btn product-compare-button wd-action-btn wd-style-icon wd-compare-icon wd-tooltip\">\n\t\t\t<a href=\"http:\/\/yenisite.online\/index.php\/compare\/\" data-id=\"12125\" rel=\"nofollow\" data-added-text=\"\u00dcr\u00fcnleri kar\u015f\u0131la\u015ft\u0131r\">\n\t\t\t\t<span class=\"wd-added-icon\"><\/span>\n\t\t\t\t<span class=\"wd-action-text\">Add to compare<\/span>\n\t\t\t<\/a>\n\t\t<\/div>\n\t\t\t\t\t\t\t\t<div class=\"quick-view wd-action-btn wd-style-icon wd-quick-view-icon wd-tooltip\">\n\t\t\t<a\n\t\t\t\thref=\"http:\/\/yenisite.online\/index.php\/urun\/rubik-bekleme-koltugu\/\"\n\t\t\t\tclass=\"open-quick-view quick-view-button\"\n\t\t\t\trel=\"nofollow\"\n\t\t\t\tdata-id=\"12125\"\n\t\t\t\t>H\u0131zl\u0131 Bak<\/a>\n\t\t<\/div>\n\t\t\t\t\t<\/div>\n\t\t\t\t\t<\/div>\n\t<\/div>\n<\/div>\n<\/div>\n\t\t\n\t\t\t\t<\/div>\n\t\n\t\t\n\t\t\n\t\t\t\t\t<\/div>\n\t\t\n\t\t\t\t\t\t<\/div>\n\t\t\t\t<\/div>\n\t\t\t\t<\/div>\n\t\t\t\t\t<\/div>\n\t\t\t\t<\/div>\n\t\t\t\t<\/div>\n\t\t","protected":false},"excerpt":{"rendered":"<div class=\"woocommerce-product-details__short-description\">\n<div class=\"woocommerce-product-details__short-description\">\n<div class=\"woocommerce-product-details__short-description\">\n<p><strong>Solo Bekleme Koltu\u011fu,<\/strong> modern tasar\u0131m\u0131 ve konforlu yap\u0131s\u0131yla ofis ve bekleme alanlar\u0131n\u0131za zarafet katmaktad\u0131r. Ergonomik yap\u0131s\u0131, kullan\u0131c\u0131lar\u0131n uzun s\u00fcre oturduklar\u0131nda bile rahat hissetmelerini sa\u011flar. Yumu\u015fak kuma\u015f kaplamas\u0131, estetik bir g\u00f6r\u00fcn\u00fcm sunarak her t\u00fcrl\u00fc dekorasyona uyum sa\u011flar. Koltu\u011fun \u015f\u0131k hatlar\u0131 ve sa\u011flam ayak yap\u0131s\u0131, dayan\u0131kl\u0131l\u0131\u011f\u0131 ile uzun \u00f6m\u00fcrl\u00fc kullan\u0131m imkan\u0131 tan\u0131r. Solo Bekleme Koltu\u011fu, hem konforu hem de esteti\u011fi bir arada arayanlar i\u00e7in ideal bir tercihtir. Ofisinizde modern bir atmosfer olu\u015ftururken, misafirlerinize de keyifli bir bekleme deneyimi sunar.<\/p>\n<\/div>\n<\/div>\n<\/div>\n","protected":false},"featured_media":12148,"comment_status":"closed","ping_status":"closed","template":"","meta":[],"product_brand":[],"product_cat":[432],"product_tag":[453],"class_list":{"0":"post-12147","1":"product","2":"type-product","3":"status-publish","4":"has-post-thumbnail","6":"product_cat-lobi-bekleme-koltuklari","7":"product_tag-solo-bekleme-koltugu","9":"first","10":"instock","11":"shipping-taxable","12":"product-type-simple"},"_links":{"self":[{"href":"http:\/\/yenisite.online\/index.php\/wp-json\/wp\/v2\/product\/12147","targetHints":{"allow":["GET"]}}],"collection":[{"href":"http:\/\/yenisite.online\/index.php\/wp-json\/wp\/v2\/product"}],"about":[{"href":"http:\/\/yenisite.online\/index.php\/wp-json\/wp\/v2\/types\/product"}],"replies":[{"embeddable":true,"href":"http:\/\/yenisite.online\/index.php\/wp-json\/wp\/v2\/comments?post=12147"}],"version-history":[{"count":4,"href":"http:\/\/yenisite.online\/index.php\/wp-json\/wp\/v2\/product\/12147\/revisions"}],"predecessor-version":[{"id":12175,"href":"http:\/\/yenisite.online\/index.php\/wp-json\/wp\/v2\/product\/12147\/revisions\/12175"}],"wp:featuredmedia":[{"embeddable":true,"href":"http:\/\/yenisite.online\/index.php\/wp-json\/wp\/v2\/media\/12148"}],"wp:attachment":[{"href":"http:\/\/yenisite.online\/index.php\/wp-json\/wp\/v2\/media?parent=12147"}],"wp:term":[{"taxonomy":"product_brand","embeddable":true,"href":"http:\/\/yenisite.online\/index.php\/wp-json\/wp\/v2\/product_brand?post=12147"},{"taxonomy":"product_cat","embeddable":true,"href":"http:\/\/yenisite.online\/index.php\/wp-json\/wp\/v2\/product_cat?post=12147"},{"taxonomy":"product_tag","embeddable":true,"href":"http:\/\/yenisite.online\/index.php\/wp-json\/wp\/v2\/product_tag?post=12147"}],"curies":[{"name":"wp","href":"https:\/\/api.w.org\/{rel}","templated":true}]}}