{"id":9404,"date":"2026-01-10T16:45:27","date_gmt":"2026-01-10T16:45:27","guid":{"rendered":"http:\/\/yenisite.online\/?post_type=product&#038;p=9404"},"modified":"2026-01-13T17:08:35","modified_gmt":"2026-01-13T17:08:35","slug":"loft-calisma-koltugu","status":"publish","type":"product","link":"http:\/\/yenisite.online\/index.php\/urun\/loft-calisma-koltugu\/","title":{"rendered":"Loft \u00c7al\u0131\u015fma Koltu\u011fu"},"content":{"rendered":"\t\t<div data-elementor-type=\"wp-post\" data-elementor-id=\"9404\" class=\"elementor elementor-9404\">\n\t\t\t\t<div class=\"wd-negative-gap elementor-element elementor-element-8a6a3ec e-flex e-con-boxed e-con e-parent\" data-id=\"8a6a3ec\" data-element_type=\"container\" data-e-type=\"container\">\n\t\t\t\t\t<div class=\"e-con-inner\">\n\t\t<div class=\"elementor-element elementor-element-4eec225 e-con-full e-flex e-con e-child\" data-id=\"4eec225\" data-element_type=\"container\" data-e-type=\"container\">\n\t\t\t\t<div class=\"elementor-element elementor-element-63f9dc5 wd-width-100 elementor-widget elementor-widget-wd_products\" data-id=\"63f9dc5\" data-element_type=\"widget\" data-e-type=\"widget\" data-widget_type=\"wd_products.default\">\n\t\t\t\t<div class=\"elementor-widget-container\">\n\t\t\t\t\t\t\t\t\t\t<div class=\"wd-products-element\">\n\n\t\t\t\n\t\t\t\n\t\t\t\n\t\t\t\n\t\t\t<div class=\"products wd-products grid-columns-1 elements-grid wd-grid-g wd-stretch-cont-lg wd-stretch-cont-md wd-stretch-cont-sm\" data-paged=\"1\" data-atts=\"{&quot;speed&quot;:null,&quot;slides_per_view&quot;:null,&quot;wrap&quot;:null,&quot;autoplay&quot;:null,&quot;autoheight&quot;:null,&quot;hide_pagination_control&quot;:null,&quot;dynamic_pagination_control&quot;:null,&quot;hide_prev_next_buttons&quot;:null,&quot;carousel_arrows_position&quot;:null,&quot;hide_scrollbar&quot;:null,&quot;scroll_per_page&quot;:null,&quot;center_mode&quot;:null,&quot;spacing&quot;:&quot;&quot;,&quot;carousel_sync&quot;:null,&quot;sync_parent_id&quot;:null,&quot;sync_child_id&quot;:null,&quot;scroll_carousel_init&quot;:null,&quot;disable_overflow_carousel&quot;:null,&quot;include&quot;:null,&quot;taxonomies&quot;:[&quot;94&quot;],&quot;meta_key&quot;:null,&quot;shop_tools&quot;:null,&quot;ajax_recently_viewed&quot;:null,&quot;pagination_arrows_position&quot;:null,&quot;items_per_page&quot;:1,&quot;columns&quot;:{&quot;unit&quot;:&quot;px&quot;,&quot;size&quot;:1,&quot;sizes&quot;:[]},&quot;products_masonry&quot;:&quot;&quot;,&quot;products_different_sizes&quot;:&quot;&quot;,&quot;product_quantity&quot;:&quot;&quot;,&quot;sale_countdown&quot;:&quot;0&quot;,&quot;stretch_product&quot;:null,&quot;stock_progress_bar&quot;:&quot;0&quot;,&quot;highlighted_products&quot;:&quot;0&quot;,&quot;products_divider&quot;:null,&quot;products_bordered_grid&quot;:&quot;0&quot;,&quot;products_bordered_grid_style&quot;:null,&quot;products_with_background&quot;:&quot;0&quot;,&quot;products_shadow&quot;:&quot;0&quot;,&quot;img_size&quot;:&quot;large&quot;,&quot;img_size_custom&quot;:null,&quot;grid_gallery_control&quot;:null,&quot;grid_gallery_enable_arrows&quot;:null,&quot;elementor&quot;:true,&quot;force_not_ajax&quot;:&quot;no&quot;}\" data-source=\"shortcode\" data-columns=\"1\" data-grid-gallery=\"{&quot;grid_gallery&quot;:&quot;1&quot;,&quot;grid_gallery_control&quot;:&quot;arrows&quot;,&quot;grid_gallery_enable_arrows&quot;:&quot;none&quot;}\" style=\"--wd-col-lg:1;--wd-col-md:1;--wd-col-sm:1;--wd-gap-lg:30px;--wd-gap-md:20px;--wd-gap-sm:10px;\">\n\t\t\n\t\t\t\t\t\t\t\t<div class=\"wd-product wd-hover-buttons-on-hover wd-col product-grid-item product type-product post-9124 status-publish instock product_cat-makam-koltugu product_tag-loft-makam-koltugu has-post-thumbnail shipping-taxable product-type-simple\" data-loop=\"1\" data-id=\"9124\">\n\t\t\t\t\n\t\n<div class=\"product-wrapper\">\n\t<div class=\"product-element-top wd-quick-shop\">\n\t\t<a href=\"http:\/\/yenisite.online\/index.php\/urun\/loft-makam-koltugu\/\" class=\"product-image-link\" tabindex=\"-1\" aria-label=\"Loft Makam Koltu\u011fu\">\n\t\t\t\t\t<div class=\"wd-product-grid-slider wd-fill\">\n\t\t\t\t\t\t\t<div class=\"wd-product-grid-slide\" data-image-url=\"http:\/\/yenisite.online\/wp-content\/uploads\/2026\/01\/loft-makam-koltugu11.webp\" data-image-srcset=\"http:\/\/yenisite.online\/wp-content\/uploads\/2026\/01\/loft-makam-koltugu11.webp 700w, http:\/\/yenisite.online\/wp-content\/uploads\/2026\/01\/loft-makam-koltugu11-263x300.webp 263w, http:\/\/yenisite.online\/wp-content\/uploads\/2026\/01\/loft-makam-koltugu11-150x171.webp 150w, http:\/\/yenisite.online\/wp-content\/uploads\/2026\/01\/loft-makam-koltugu11-400x457.webp 400w\" data-image-id=\"0\"><\/div>\n\t\t\t\t\t\t\t<div class=\"wd-product-grid-slide\" data-image-url=\"http:\/\/yenisite.online\/wp-content\/uploads\/2026\/01\/loft-makam-koltugu10.webp\" data-image-srcset=\"http:\/\/yenisite.online\/wp-content\/uploads\/2026\/01\/loft-makam-koltugu10.webp 700w, http:\/\/yenisite.online\/wp-content\/uploads\/2026\/01\/loft-makam-koltugu10-263x300.webp 263w, http:\/\/yenisite.online\/wp-content\/uploads\/2026\/01\/loft-makam-koltugu10-150x171.webp 150w, http:\/\/yenisite.online\/wp-content\/uploads\/2026\/01\/loft-makam-koltugu10-400x457.webp 400w\" data-image-id=\"1\"><\/div>\n\t\t\t\t\t<\/div>\n\n\t\t\t\t\t<div class=\"wd-product-grid-slider-nav wd-fill wd-hide-md\">\n\t\t\t\t<div class=\"wd-prev\"><\/div>\n\t\t\t\t<div class=\"wd-next\"><\/div>\n\t\t\t<\/div>\n\t\t\n\t\t\t\t\t\t\t\t\t<img loading=\"lazy\" decoding=\"async\" width=\"700\" height=\"800\" src=\"http:\/\/yenisite.online\/wp-content\/uploads\/2026\/01\/loft-makam-koltugu11.webp\" class=\"attachment-large size-large\" alt=\"\" srcset=\"http:\/\/yenisite.online\/wp-content\/uploads\/2026\/01\/loft-makam-koltugu11.webp 700w, http:\/\/yenisite.online\/wp-content\/uploads\/2026\/01\/loft-makam-koltugu11-263x300.webp 263w, http:\/\/yenisite.online\/wp-content\/uploads\/2026\/01\/loft-makam-koltugu11-150x171.webp 150w, http:\/\/yenisite.online\/wp-content\/uploads\/2026\/01\/loft-makam-koltugu11-400x457.webp 400w\" sizes=\"auto, (max-width: 700px) 100vw, 700px\" \/>\t\t<\/a>\n\n\t\t\n\t\t<div class=\"wd-buttons wd-pos-r-t\">\n\t\t\t\t\t\t<div class=\"wd-wishlist-btn wd-action-btn wd-style-icon wd-wishlist-icon\">\n\t\t\t\t<a class=\"\" href=\"http:\/\/yenisite.online\/index.php\/wishlist\/\" data-key=\"90401da02d\" data-product-id=\"9124\" rel=\"nofollow\" data-added-text=\"Browse wishlist\">\n\t\t\t\t\t<span class=\"wd-added-icon\"><\/span>\n\t\t\t\t\t<span class=\"wd-action-text\">\u0130stek listesine ekle<\/span>\n\t\t\t\t<\/a>\n\t\t\t<\/div>\n\t\t\t\t<\/div>\n\t<\/div>\n\n\t<div class=\"product-element-bottom\">\n\n\t\t<div class=\"wd-product-header\">\n\t\t\t<h3 class=\"wd-entities-title\"><a href=\"http:\/\/yenisite.online\/index.php\/urun\/loft-makam-koltugu\/\">Loft Makam Koltu\u011fu<\/a><\/h3>\n\t\t\t\t\t<\/div>\n\n\t\t\n\t\t\t\t<div class=\"wd-product-cats\">\n\t\t\t<a href=\"http:\/\/yenisite.online\/index.php\/urun-kategori\/makam-koltugu\/\" rel=\"tag\">Makam Koltu\u011fu<\/a>\t\t<\/div>\n\t\t\n\t\t\n\t\t<div class=\"wrap-price\">\n\t\t\t\n\n\t\t\t\t\t<\/div>\n\n\t\t\n\t\t\n\t\t\n\t\t\n\t\t<div class=\"wd-product-footer\">\n\t\t\t<div class=\"wd-add-btn wd-add-btn-replace\">\n\t\t\t\t<a href=\"http:\/\/yenisite.online\/index.php\/urun\/loft-makam-koltugu\/\" aria-describedby=\"woocommerce_loop_add_to_cart_link_describedby_9124\" data-quantity=\"1\" class=\"button product_type_simple add-to-cart-loop\" data-product_id=\"9124\" data-product_sku=\"GC-loft\" aria-label=\"&ldquo;Loft Makam Koltu\u011fu&rdquo; hakk\u0131nda daha fazla bilgi edinin\" rel=\"nofollow\" data-success_message=\"\"><span>Devam\u0131n\u0131 oku<\/span><\/a>\t<span id=\"woocommerce_loop_add_to_cart_link_describedby_9124\" class=\"screen-reader-text\">\n\t\t\t<\/span>\n\t\t\t<\/div>\n\n\t\t\t\t\t\t<div class=\"wd-action-buttons\">\n\t\t\t\t\t\t<div class=\"wd-compare-btn product-compare-button wd-action-btn wd-style-icon wd-compare-icon wd-tooltip\">\n\t\t\t<a href=\"http:\/\/yenisite.online\/index.php\/compare\/\" data-id=\"9124\" rel=\"nofollow\" data-added-text=\"\u00dcr\u00fcnleri kar\u015f\u0131la\u015ft\u0131r\">\n\t\t\t\t<span class=\"wd-added-icon\"><\/span>\n\t\t\t\t<span class=\"wd-action-text\">Add to compare<\/span>\n\t\t\t<\/a>\n\t\t<\/div>\n\t\t\t\t\t\t\t\t<div class=\"quick-view wd-action-btn wd-style-icon wd-quick-view-icon wd-tooltip\">\n\t\t\t<a\n\t\t\t\thref=\"http:\/\/yenisite.online\/index.php\/urun\/loft-makam-koltugu\/\"\n\t\t\t\tclass=\"open-quick-view quick-view-button\"\n\t\t\t\trel=\"nofollow\"\n\t\t\t\tdata-id=\"9124\"\n\t\t\t\t>H\u0131zl\u0131 Bak<\/a>\n\t\t<\/div>\n\t\t\t\t\t<\/div>\n\t\t\t\t\t<\/div>\n\t<\/div>\n<\/div>\n<\/div>\n\t\t\n\t\t\t\t<\/div>\n\t\n\t\t\n\t\t\n\t\t\t\t\t<\/div>\n\t\t\n\t\t\t\t\t\t<\/div>\n\t\t\t\t<\/div>\n\t\t\t\t<\/div>\n\t\t<div class=\"elementor-element elementor-element-924d1e9 e-con-full e-flex e-con e-child\" data-id=\"924d1e9\" data-element_type=\"container\" data-e-type=\"container\">\n\t\t\t\t<div class=\"elementor-element elementor-element-8def44c wd-width-100 elementor-widget elementor-widget-wd_products\" data-id=\"8def44c\" data-element_type=\"widget\" data-e-type=\"widget\" data-widget_type=\"wd_products.default\">\n\t\t\t\t<div class=\"elementor-widget-container\">\n\t\t\t\t\t\t\t\t\t\t<div class=\"wd-products-element\">\n\n\t\t\t\n\t\t\t\n\t\t\t\n\t\t\t\n\t\t\t<div class=\"products wd-products grid-columns-1 elements-grid wd-grid-g wd-stretch-cont-lg wd-stretch-cont-md wd-stretch-cont-sm\" data-paged=\"1\" data-atts=\"{&quot;speed&quot;:null,&quot;slides_per_view&quot;:null,&quot;wrap&quot;:null,&quot;autoplay&quot;:null,&quot;autoheight&quot;:null,&quot;hide_pagination_control&quot;:null,&quot;dynamic_pagination_control&quot;:null,&quot;hide_prev_next_buttons&quot;:null,&quot;carousel_arrows_position&quot;:null,&quot;hide_scrollbar&quot;:null,&quot;scroll_per_page&quot;:null,&quot;center_mode&quot;:null,&quot;spacing&quot;:&quot;&quot;,&quot;carousel_sync&quot;:null,&quot;sync_parent_id&quot;:null,&quot;sync_child_id&quot;:null,&quot;scroll_carousel_init&quot;:null,&quot;disable_overflow_carousel&quot;:null,&quot;include&quot;:null,&quot;taxonomies&quot;:[&quot;196&quot;],&quot;meta_key&quot;:null,&quot;shop_tools&quot;:null,&quot;ajax_recently_viewed&quot;:null,&quot;pagination_arrows_position&quot;:null,&quot;items_per_page&quot;:1,&quot;columns&quot;:{&quot;unit&quot;:&quot;px&quot;,&quot;size&quot;:1,&quot;sizes&quot;:[]},&quot;products_masonry&quot;:&quot;&quot;,&quot;products_different_sizes&quot;:&quot;&quot;,&quot;product_quantity&quot;:&quot;&quot;,&quot;sale_countdown&quot;:&quot;0&quot;,&quot;stretch_product&quot;:null,&quot;stock_progress_bar&quot;:&quot;0&quot;,&quot;highlighted_products&quot;:&quot;0&quot;,&quot;products_divider&quot;:null,&quot;products_bordered_grid&quot;:&quot;0&quot;,&quot;products_bordered_grid_style&quot;:null,&quot;products_with_background&quot;:&quot;0&quot;,&quot;products_shadow&quot;:&quot;0&quot;,&quot;img_size&quot;:&quot;large&quot;,&quot;img_size_custom&quot;:null,&quot;grid_gallery_control&quot;:null,&quot;grid_gallery_enable_arrows&quot;:null,&quot;elementor&quot;:true,&quot;force_not_ajax&quot;:&quot;no&quot;}\" data-source=\"shortcode\" data-columns=\"1\" data-grid-gallery=\"{&quot;grid_gallery&quot;:&quot;1&quot;,&quot;grid_gallery_control&quot;:&quot;arrows&quot;,&quot;grid_gallery_enable_arrows&quot;:&quot;none&quot;}\" style=\"--wd-col-lg:1;--wd-col-md:1;--wd-col-sm:1;--wd-gap-lg:30px;--wd-gap-md:20px;--wd-gap-sm:10px;\">\n\t\t\n\t\t\t\t\t\t\t\t<div class=\"wd-product wd-hover-buttons-on-hover wd-col product-grid-item product type-product post-9668 status-publish instock product_cat-misafir-koltugu product_tag-loft-misafir-koltugu has-post-thumbnail shipping-taxable product-type-simple\" data-loop=\"1\" data-id=\"9668\">\n\t\t\t\t\n\t\n<div class=\"product-wrapper\">\n\t<div class=\"product-element-top wd-quick-shop\">\n\t\t<a href=\"http:\/\/yenisite.online\/index.php\/urun\/loft-misafir-koltugu\/\" class=\"product-image-link\" tabindex=\"-1\" aria-label=\"Loft Misafir Koltu\u011fu\">\n\t\t\t<img loading=\"lazy\" decoding=\"async\" width=\"700\" height=\"800\" src=\"http:\/\/yenisite.online\/wp-content\/uploads\/2026\/01\/loft-misafir-koltugu-10.webp\" class=\"attachment-large size-large\" alt=\"\" srcset=\"http:\/\/yenisite.online\/wp-content\/uploads\/2026\/01\/loft-misafir-koltugu-10.webp 700w, http:\/\/yenisite.online\/wp-content\/uploads\/2026\/01\/loft-misafir-koltugu-10-263x300.webp 263w, http:\/\/yenisite.online\/wp-content\/uploads\/2026\/01\/loft-misafir-koltugu-10-150x171.webp 150w, http:\/\/yenisite.online\/wp-content\/uploads\/2026\/01\/loft-misafir-koltugu-10-400x457.webp 400w\" sizes=\"auto, (max-width: 700px) 100vw, 700px\" \/>\t\t<\/a>\n\n\t\t\n\t\t<div class=\"wd-buttons wd-pos-r-t\">\n\t\t\t\t\t\t<div class=\"wd-wishlist-btn wd-action-btn wd-style-icon wd-wishlist-icon\">\n\t\t\t\t<a class=\"\" href=\"http:\/\/yenisite.online\/index.php\/wishlist\/\" data-key=\"90401da02d\" data-product-id=\"9668\" rel=\"nofollow\" data-added-text=\"Browse wishlist\">\n\t\t\t\t\t<span class=\"wd-added-icon\"><\/span>\n\t\t\t\t\t<span class=\"wd-action-text\">\u0130stek listesine ekle<\/span>\n\t\t\t\t<\/a>\n\t\t\t<\/div>\n\t\t\t\t<\/div>\n\t<\/div>\n\n\t<div class=\"product-element-bottom\">\n\n\t\t<div class=\"wd-product-header\">\n\t\t\t<h3 class=\"wd-entities-title\"><a href=\"http:\/\/yenisite.online\/index.php\/urun\/loft-misafir-koltugu\/\">Loft Misafir Koltu\u011fu<\/a><\/h3>\n\t\t\t\t\t<\/div>\n\n\t\t\n\t\t\t\t<div class=\"wd-product-cats\">\n\t\t\t<a href=\"http:\/\/yenisite.online\/index.php\/urun-kategori\/misafir-koltugu\/\" rel=\"tag\">Misafir Koltu\u011fu<\/a>\t\t<\/div>\n\t\t\n\t\t\n\t\t<div class=\"wrap-price\">\n\t\t\t\n\n\t\t\t\t\t<\/div>\n\n\t\t\n\t\t\n\t\t\n\t\t\n\t\t<div class=\"wd-product-footer\">\n\t\t\t<div class=\"wd-add-btn wd-add-btn-replace\">\n\t\t\t\t<a href=\"http:\/\/yenisite.online\/index.php\/urun\/loft-misafir-koltugu\/\" aria-describedby=\"woocommerce_loop_add_to_cart_link_describedby_9668\" data-quantity=\"1\" class=\"button product_type_simple add-to-cart-loop\" data-product_id=\"9668\" data-product_sku=\"loft-misafir-koltugu\" aria-label=\"&ldquo;Loft Misafir Koltu\u011fu&rdquo; hakk\u0131nda daha fazla bilgi edinin\" rel=\"nofollow\" data-success_message=\"\"><span>Devam\u0131n\u0131 oku<\/span><\/a>\t<span id=\"woocommerce_loop_add_to_cart_link_describedby_9668\" class=\"screen-reader-text\">\n\t\t\t<\/span>\n\t\t\t<\/div>\n\n\t\t\t\t\t\t<div class=\"wd-action-buttons\">\n\t\t\t\t\t\t<div class=\"wd-compare-btn product-compare-button wd-action-btn wd-style-icon wd-compare-icon wd-tooltip\">\n\t\t\t<a href=\"http:\/\/yenisite.online\/index.php\/compare\/\" data-id=\"9668\" rel=\"nofollow\" data-added-text=\"\u00dcr\u00fcnleri kar\u015f\u0131la\u015ft\u0131r\">\n\t\t\t\t<span class=\"wd-added-icon\"><\/span>\n\t\t\t\t<span class=\"wd-action-text\">Add to compare<\/span>\n\t\t\t<\/a>\n\t\t<\/div>\n\t\t\t\t\t\t\t\t<div class=\"quick-view wd-action-btn wd-style-icon wd-quick-view-icon wd-tooltip\">\n\t\t\t<a\n\t\t\t\thref=\"http:\/\/yenisite.online\/index.php\/urun\/loft-misafir-koltugu\/\"\n\t\t\t\tclass=\"open-quick-view quick-view-button\"\n\t\t\t\trel=\"nofollow\"\n\t\t\t\tdata-id=\"9668\"\n\t\t\t\t>H\u0131zl\u0131 Bak<\/a>\n\t\t<\/div>\n\t\t\t\t\t<\/div>\n\t\t\t\t\t<\/div>\n\t<\/div>\n<\/div>\n<\/div>\n\t\t\n\t\t\t\t<\/div>\n\t\n\t\t\n\t\t\n\t\t\t\t\t<\/div>\n\t\t\n\t\t\t\t\t\t<\/div>\n\t\t\t\t<\/div>\n\t\t\t\t<\/div>\n\t\t\t\t\t<\/div>\n\t\t\t\t<\/div>\n\t\t\t\t<\/div>\n\t\t","protected":false},"excerpt":{"rendered":"<div class=\"woocommerce-product-details__short-description\">\n<div class=\"woocommerce-product-details__short-description\">\n<div class=\"woocommerce-product-details__short-description\">\n<p>\u00c7ift Kollu Multitilt Mekanizma<br \/>\nKrom Amortis\u00f6rl\u00fc<br \/>\nD\u00f6\u015feme Kollu<br \/>\nKrom Kaplama Y\u0131ld\u0131z Ayakl\u0131 Tekerlekli<br \/>\nDeri ve Kuma\u015f Olarak \u00dcretilmektedir<\/p>\n<\/div>\n<\/div>\n<\/div>\n","protected":false},"featured_media":9405,"comment_status":"open","ping_status":"closed","template":"","meta":[],"product_brand":[],"product_cat":[31],"product_tag":[145],"class_list":{"0":"post-9404","1":"product","2":"type-product","3":"status-publish","4":"has-post-thumbnail","6":"product_cat-calisma-koltugu","7":"product_tag-loft-calisma-koltugu","9":"first","10":"instock","11":"shipping-taxable","12":"product-type-simple"},"_links":{"self":[{"href":"http:\/\/yenisite.online\/index.php\/wp-json\/wp\/v2\/product\/9404","targetHints":{"allow":["GET"]}}],"collection":[{"href":"http:\/\/yenisite.online\/index.php\/wp-json\/wp\/v2\/product"}],"about":[{"href":"http:\/\/yenisite.online\/index.php\/wp-json\/wp\/v2\/types\/product"}],"replies":[{"embeddable":true,"href":"http:\/\/yenisite.online\/index.php\/wp-json\/wp\/v2\/comments?post=9404"}],"version-history":[{"count":4,"href":"http:\/\/yenisite.online\/index.php\/wp-json\/wp\/v2\/product\/9404\/revisions"}],"predecessor-version":[{"id":9982,"href":"http:\/\/yenisite.online\/index.php\/wp-json\/wp\/v2\/product\/9404\/revisions\/9982"}],"wp:featuredmedia":[{"embeddable":true,"href":"http:\/\/yenisite.online\/index.php\/wp-json\/wp\/v2\/media\/9405"}],"wp:attachment":[{"href":"http:\/\/yenisite.online\/index.php\/wp-json\/wp\/v2\/media?parent=9404"}],"wp:term":[{"taxonomy":"product_brand","embeddable":true,"href":"http:\/\/yenisite.online\/index.php\/wp-json\/wp\/v2\/product_brand?post=9404"},{"taxonomy":"product_cat","embeddable":true,"href":"http:\/\/yenisite.online\/index.php\/wp-json\/wp\/v2\/product_cat?post=9404"},{"taxonomy":"product_tag","embeddable":true,"href":"http:\/\/yenisite.online\/index.php\/wp-json\/wp\/v2\/product_tag?post=9404"}],"curies":[{"name":"wp","href":"https:\/\/api.w.org\/{rel}","templated":true}]}}